{"id":535,"date":"2015-12-03T13:39:46","date_gmt":"2015-12-03T17:39:46","guid":{"rendered":"https:\/\/tugliq.com\/?page_id=535"},"modified":"2026-04-13T13:20:19","modified_gmt":"2026-04-13T17:20:19","slug":"tugliq-energy","status":"publish","type":"page","link":"https:\/\/tugliq.com\/en\/","title":{"rendered":"Home"},"content":{"rendered":"<div class=\"wpb-content-wrapper\">[vc_row][vc_column][mk_revslider id=&#8221;home&#8221;][\/vc_column][\/vc_row][vc_row fullwidth=&#8221;true&#8221; fullwidth_content=&#8221;false&#8221; css=&#8221;.vc_custom_1527184103088{background-color: #f9f9f9 !important;}&#8221;][vc_column][mk_padding_divider size=&#8221;80&#8243;][mk_image src=&#8221;https:\/\/tugliq.com\/wp-content\/uploads\/2020\/10\/tugliq-logo-homepage.jpg&#8221; image_size=&#8221;full&#8221; align=&#8221;center&#8221; crop=&#8221;false&#8221;][mk_fancy_title size=&#8221;40&#8243; font_weight=&#8221;200&#8243; margin_bottom=&#8221;5&#8243; font_family=&#8221;none&#8221; align=&#8221;center&#8221; el_class=&#8221;color-secondary&#8221;]TUGLIQ<br \/>\n<strong><span style=\"text-transform: uppercase;\">Sustainable solutions<\/span><\/strong>[\/mk_fancy_title][mk_divider style=&#8221;thin_solid&#8221; divider_width=&#8221;custom_width&#8221; custom_width=&#8221;86&#8243; thin_single_color=&#8221;#f6f163&#8243; thickness=&#8221;5&#8243; margin_top=&#8221;0&#8243; el_class=&#8221;divider-primary&#8221;][vc_column_text disable_pattern=&#8221;false&#8221; align=&#8221;center&#8221; css=&#8221;.vc_custom_1531838950852{margin-bottom: 0px !important;}&#8221;]<span style=\"font-weight: 400;\">TUGLIQ offers ready-to-go alternative energy solutions for autonomous networks and microgrids such as islands, remote communities and mining operations that currently rely on fossil fuels for energy generation, transportation and heat. We adapt these solutions to logistically-challenging, secluded locations and harsh climates around the world.\u00a0<\/span>[\/vc_column_text][mk_padding_divider size=&#8221;60&#8243;][\/vc_column][\/vc_row][vc_row fullwidth=&#8221;true&#8221;][vc_column][mk_divider style=&#8221;thin_solid&#8221; margin_top=&#8221;0&#8243;][\/vc_column][\/vc_row][vc_row][vc_column][mk_padding_divider size=&#8221;60&#8243;][mk_blog_carousel post_type=&#8221;news&#8221; count=&#8221;-1&#8243;][\/vc_column][\/vc_row][vc_row fullwidth=&#8221;true&#8221;][vc_column][mk_divider style=&#8221;thin_solid&#8221; margin_top=&#8221;0&#8243;][\/vc_column][\/vc_row][vc_row][vc_column][mk_padding_divider size=&#8221;60&#8243;][mk_fancy_title color=&#8221;#939393&#8243; size=&#8221;40&#8243; font_weight=&#8221;200&#8243; txt_transform=&#8221;uppercase&#8221; margin_bottom=&#8221;5&#8243; font_family=&#8221;none&#8221; align=&#8221;center&#8221;]Our<strong><span style=\"color: #939393;\">\u00a0Solutions<\/span><\/strong>[\/mk_fancy_title][mk_divider style=&#8221;thin_solid&#8221; divider_width=&#8221;custom_width&#8221; custom_width=&#8221;86&#8243; thickness=&#8221;5&#8243; margin_top=&#8221;0&#8243;][vc_row_inner][vc_column_inner][mk_padding_divider size=&#8221;30&#8243;][\/vc_column_inner][\/vc_row_inner][vc_row_inner el_id=&#8221;solutions&#8221;][vc_column_inner width=&#8221;1\/4&#8243;]<div class=\"vtx-icone align-center \"><a href=\"https:\/\/tugliq.com\/en\/solar\/\"><span class=\"ico ico-solaire\"><\/span><\/a><\/div>[mk_fancy_title color=&#8221;#333333&#8243; size=&#8221;17&#8243; font_weight=&#8221;bold&#8221; txt_transform=&#8221;uppercase&#8221; margin_top=&#8221;25&#8243; margin_bottom=&#8221;0&#8243; font_family=&#8221;none&#8221; align=&#8221;center&#8221;]<a href=\"https:\/\/tugliq.com\/en\/solar\/\">solar<\/a>[\/mk_fancy_title][vc_column_text disable_pattern=&#8221;false&#8221; align=&#8221;center&#8221; css=&#8221;.vc_custom_1559761707602{margin-bottom: 0px !important;}&#8221;]High irradiance locations and increasingly affordable PV modules place solar energy as a highly considered low cost, rapid deployment alternative renewable energy source.[\/vc_column_text][mk_padding_divider size=&#8221;30&#8243;][\/vc_column_inner][vc_column_inner width=&#8221;1\/4&#8243;]<div class=\"vtx-icone align-center \"><a href=\"https:\/\/tugliq.com\/en\/wind\/\"><span class=\"ico ico-eolien\"><\/span><\/a><\/div>[mk_fancy_title color=&#8221;#727272&#8243; size=&#8221;17&#8243; font_weight=&#8221;bold&#8221; txt_transform=&#8221;uppercase&#8221; margin_top=&#8221;25&#8243; margin_bottom=&#8221;0&#8243; font_family=&#8221;none&#8221; align=&#8221;center&#8221;]<a href=\"https:\/\/tugliq.com\/en\/wind\/\">Wind<\/a>[\/mk_fancy_title][vc_column_text disable_pattern=&#8221;false&#8221; align=&#8221;center&#8221; css=&#8221;.vc_custom_1531839083377{margin-bottom: 0px !important;}&#8221;]Harnessing the power of wind to meet energy needs effectively and responsibly. High altitudes, coastlines and low air temperatures \u00a0provide favorable conditions for wind energy generation.[\/vc_column_text][mk_padding_divider size=&#8221;30&#8243;][\/vc_column_inner][vc_column_inner width=&#8221;1\/4&#8243;]<div class=\"vtx-icone align-center \"><a href=\"https:\/\/tugliq.com\/en\/storage\/\"><span class=\"ico ico-stockage\"><\/span><\/a><\/div>[mk_fancy_title color=&#8221;#727272&#8243; size=&#8221;17&#8243; font_weight=&#8221;bold&#8221; txt_transform=&#8221;uppercase&#8221; margin_top=&#8221;25&#8243; margin_bottom=&#8221;0&#8243; font_family=&#8221;none&#8221; align=&#8221;center&#8221;]<a href=\"https:\/\/tugliq.com\/en\/storage\/\">Storage<\/a>[\/mk_fancy_title][vc_column_text disable_pattern=&#8221;false&#8221; align=&#8221;center&#8221; css=&#8221;.vc_custom_1531839120280{margin-bottom: 0px !important;}&#8221;]TUGLIQ brings together a broad range of operational experience in energy storage solutions ensuring seamless integration, grid resilience and ease of operation for hybrid systems.[\/vc_column_text][mk_padding_divider size=&#8221;30&#8243;][\/vc_column_inner][vc_column_inner width=&#8221;1\/4&#8243;]<div class=\"vtx-icone align-center \"><a href=\"https:\/\/tugliq.com\/en\/biomass\"><span class=\"ico ico-biomasse\"><\/span><\/a><\/div>[mk_fancy_title color=&#8221;#727272&#8243; size=&#8221;17&#8243; font_weight=&#8221;bold&#8221; txt_transform=&#8221;uppercase&#8221; margin_top=&#8221;25&#8243; margin_bottom=&#8221;0&#8243; font_family=&#8221;none&#8221; align=&#8221;center&#8221;]<a href=\"https:\/\/tugliq.com\/en\/biomass\/\">Biomass<\/a>[\/mk_fancy_title][vc_column_text disable_pattern=&#8221;false&#8221; align=&#8221;center&#8221; css=&#8221;.vc_custom_1531839150592{margin-bottom: 0px !important;}&#8221;]Residue organic matter and solid waste provide valuable energy for base load supply as a stand-alone or to complement other intermittent sources.[\/vc_column_text][mk_padding_divider size=&#8221;30&#8243;][\/vc_column_inner][\/vc_row_inner][mk_padding_divider size=&#8221;37&#8243;][\/vc_column][\/vc_row][mk_page_section bg_image=&#8221;https:\/\/tugliq.com\/wp-content\/uploads\/2020\/10\/homepage-stats-tugliq.jpg&#8221; bg_position=&#8221;center center&#8221; bg_repeat=&#8221;no-repeat&#8221; bg_stretch=&#8221;true&#8221; speed_factor=&#8221;0.5&#8243; video_opacity=&#8221;0&#8243; min_height=&#8221;0&#8243; padding_top=&#8221;80&#8243; padding_bottom=&#8221;65&#8243; section_id=&#8221;impact&#8221; sidebar=&#8221;sidebar-1&#8243;][vc_column][mk_fancy_title color=&#8221;#ffffff&#8221; size=&#8221;40&#8243; font_weight=&#8221;400&#8243; txt_transform=&#8221;uppercase&#8221; margin_bottom=&#8221;5&#8243; font_family=&#8221;none&#8221; align=&#8221;center&#8221;]Fossil Fuel Reductions <strong>to Date<\/strong>[\/mk_fancy_title][mk_divider style=&#8221;thin_solid&#8221; divider_width=&#8221;custom_width&#8221; custom_width=&#8221;86&#8243; thin_single_color=&#8221;#f6f163&#8243; thickness=&#8221;5&#8243; margin_top=&#8221;0&#8243; el_class=&#8221;divider-primary&#8221;][mk_padding_divider size=&#8221;60&#8243; visibility=&#8221;hidden-sm&#8221;][vc_row_inner el_class=&#8221;flex-row&#8221;][vc_column_inner width=&#8221;3\/12&#8243;][mk_image src=&#8221;https:\/\/tugliq.com\/wp-content\/uploads\/2020\/10\/oil-1.png&#8221; image_size=&#8221;full&#8221; align=&#8221;center&#8221;][\/vc_column_inner][vc_column_inner width=&#8221;1\/12&#8243;][mk_divider style=&#8221;thick_solid&#8221; divider_width=&#8221;custom_width&#8221; custom_width=&#8221;20&#8243; align=&#8221;left&#8221; border_color=&#8221;#ffffff&#8221; el_class=&#8221;sct-divider&#8221;][\/vc_column_inner][vc_column_inner width=&#8221;8\/12&#8243;][mk_milestone icon_size=&#8221;medium&#8221; stop=&#8221;37.6&#8243; speed=&#8221;750&#8243; suffix=&#8221;M Liters&#8221; text=&#8221;quantity of diesel replaced by TUGLIQ solutions&#8221; text_color=&#8221;#ffffff&#8221; font_family=&#8221;none&#8221; font_weight=&#8221;bold&#8221; el_class=&#8221;custommilestone&#8221;][\/vc_column_inner][\/vc_row_inner][vc_row_inner el_class=&#8221;flex-row&#8221;][vc_column_inner width=&#8221;3\/12&#8243;][mk_image src=&#8221;https:\/\/tugliq.com\/wp-content\/uploads\/2020\/10\/leaf-3.png&#8221; image_size=&#8221;full&#8221; align=&#8221;center&#8221;][\/vc_column_inner][vc_column_inner width=&#8221;1\/12&#8243;][mk_divider style=&#8221;thick_solid&#8221; divider_width=&#8221;custom_width&#8221; custom_width=&#8221;20&#8243; align=&#8221;left&#8221; border_color=&#8221;#ffffff&#8221; el_class=&#8221;sct-divider&#8221;][\/vc_column_inner][vc_column_inner width=&#8221;8\/12&#8243;][mk_milestone icon_size=&#8221;medium&#8221; stop=&#8221;104.8&#8243; speed=&#8221;750&#8243; suffix=&#8221;kT CO2eq&#8221; text=&#8221;GHG avoided by TUGLIQ solutions&#8221; text_color=&#8221;#ffffff&#8221; font_family=&#8221;none&#8221; font_weight=&#8221;bold&#8221; el_class=&#8221;custommilestone&#8221;][\/vc_column_inner][\/vc_row_inner][vc_row_inner el_class=&#8221;flex-row&#8221;][vc_column_inner width=&#8221;3\/12&#8243;][mk_image src=&#8221;https:\/\/tugliq.com\/wp-content\/uploads\/2020\/10\/idea.png&#8221; image_size=&#8221;full&#8221; align=&#8221;center&#8221;][\/vc_column_inner][vc_column_inner width=&#8221;1\/12&#8243;][mk_divider style=&#8221;thick_solid&#8221; divider_width=&#8221;custom_width&#8221; custom_width=&#8221;20&#8243; align=&#8221;left&#8221; border_color=&#8221;#ffffff&#8221; el_class=&#8221;sct-divider&#8221;][\/vc_column_inner][vc_column_inner width=&#8221;8\/12&#8243;][mk_milestone icon_size=&#8221;medium&#8221; stop=&#8221;146.5&#8243; speed=&#8221;750&#8243; suffix=&#8221;GWh&#8221; text=&#8221;electricity produced by TUGLIQ solutions&#8221; text_color=&#8221;#ffffff&#8221; font_family=&#8221;none&#8221; font_weight=&#8221;bold&#8221; el_class=&#8221;custommilestone&#8221;][\/vc_column_inner][\/vc_row_inner][\/vc_column][\/mk_page_section][vc_row fullwidth=&#8221;true&#8221; fullwidth_content=&#8221;false&#8221; el_class=&#8221;background-secondary&#8221; id=&#8221;newsletter&#8221;][vc_column][vc_row_inner][vc_column_inner width=&#8221;2\/3&#8243;][mk_padding_divider size=&#8221;10&#8243;][mk_fancy_title tag_name=&#8221;h5&#8243; color=&#8221;#ffffff&#8221; size=&#8221;26&#8243; font_weight=&#8221;400&#8243; txt_transform=&#8221;none&#8221; margin_bottom=&#8221;0&#8243; font_family=&#8221;Open+Sans&#8221; font_type=&#8221;google&#8221; align=&#8221;center&#8221;]<strong>Stay Connected!<\/strong>\u00a0Follow us on LinkedIn[\/mk_fancy_title][\/vc_column_inner][vc_column_inner width=&#8221;1\/3&#8243;][mk_button dimension=&#8221;flat&#8221; size=&#8221;large&#8221; url=&#8221;https:\/\/ca.linkedin.com\/company\/tugliq-energy-co-&#8221; target=&#8221;_blank&#8221; margin_bottom=&#8221;0&#8243; margin_right=&#8221;0&#8243; el_class=&#8221;primary-button&#8221; bg_color=&#8221;#f6f163&#8243; btn_hover_bg=&#8221;#ffffff&#8221; text_color=&#8221;dark&#8221;]Follow Us[\/mk_button][\/vc_column_inner][\/vc_row_inner][\/vc_column][\/vc_row][vc_row id=&#8221;partenaires&#8221;][vc_column][mk_padding_divider size=&#8221;80&#8243;][mk_fancy_title color=&#8221;#4eb7a7&#8243; size=&#8221;40&#8243; font_weight=&#8221;200&#8243; margin_bottom=&#8221;5&#8243; font_family=&#8221;none&#8221; align=&#8221;center&#8221; el_class=&#8221;color-secondary&#8221;]OUR\u00a0<strong>PARTNERS<\/strong>[\/mk_fancy_title][mk_divider style=&#8221;thin_solid&#8221; divider_width=&#8221;custom_width&#8221; custom_width=&#8221;86&#8243; thin_single_color=&#8221;#f6f163&#8243; thickness=&#8221;5&#8243; margin_top=&#8221;0&#8243; el_class=&#8221;divider-primary&#8221;][mk_padding_divider][mk_clients style=&#8221;column&#8221; border_style=&#8221;opened_edges&#8221; column=&#8221;4&#8243; count=&#8221;12&#8243; order=&#8221;DESC&#8221; orderby=&#8221;menu_order&#8221; border_color=&#8221;#d6d6d6&#8243; height=&#8221;200&#8243; target=&#8221;_blank&#8221;][\/vc_column][\/vc_row][vc_row][vc_column][vc_column_text css=&#8221;.vc_custom_1608060930430{margin-bottom: 0px !important;}&#8221;][\/vc_column_text][\/vc_column][\/vc_row][vc_row fullwidth=&#8221;true&#8221;][vc_column][mk_image src=&#8221;https:\/\/tugliq.com\/wp-content\/uploads\/2020\/10\/footer-wind.jpg&#8221; image_size=&#8221;full&#8221; align=&#8221;center&#8221; margin_bottom=&#8221;0&#8243; el_class=&#8221;responsive-zoom&#8221; crop=&#8221;false&#8221;][\/vc_column][\/vc_row]\n<\/div>","protected":false},"excerpt":{"rendered":"<p>[vc_row][vc_column][mk_revslider id=&#8221;home&#8221;][\/vc_column][\/vc_row][vc_row fullwidth=&#8221;true&#8221; fullwidth_content=&#8221;false&#8221; css=&#8221;.vc_custom_1527184103088{background-color: #f9f9f9 !important;}&#8221;][vc_column][mk_padding_divider size=&#8221;80&#8243;][mk_image src=&#8221;https:\/\/tugliq.com\/wp-content\/uploads\/2020\/10\/tugliq-logo-homepage.jpg&#8221; image_size=&#8221;full&#8221; align=&#8221;center&#8221; crop=&#8221;false&#8221;][mk_fancy_title size=&#8221;40&#8243; font_weight=&#8221;200&#8243; margin_bottom=&#8221;5&#8243; font_family=&#8221;none&#8221; align=&#8221;center&#8221; el_class=&#8221;color-secondary&#8221;]TUGLIQ Sustainable solutions[\/mk_fancy_title][mk_divider style=&#8221;thin_solid&#8221; divider_width=&#8221;custom_width&#8221; custom_width=&#8221;86&#8243; thin_single_color=&#8221;#f6f163&#8243; thickness=&#8221;5&#8243; margin_top=&#8221;0&#8243; el_class=&#8221;divider-primary&#8221;][vc_column_text disable_pattern=&#8221;false&#8221; align=&#8221;center&#8221; css=&#8221;.vc_custom_1531838950852{margin-bottom: 0px !important;}&#8221;]TUGLIQ offers ready-to-go alternative energy solutions for autonomous networks and microgrids such as islands, [&hellip;]<\/p>\n","protected":false},"author":10,"featured_media":0,"parent":0,"menu_order":0,"comment_status":"closed","ping_status":"closed","template":"","meta":{"_acf_changed":false,"footnotes":""},"acf":[],"yoast_head":"<!-- This site is optimized with the Yoast SEO plugin v22.0 - https:\/\/yoast.com\/wordpress\/plugins\/seo\/ -->\n<title>Home - Tugliq Energie<\/title>\n<meta name=\"description\" content=\"TUGLIQ offers ready-to-go alternative renewable energy solutions for autonomous networks and microgrids that currently rely on fossil fuels.\" \/>\n<meta name=\"robots\" content=\"index, follow, max-snippet:-1, max-image-preview:large, max-video-preview:-1\" \/>\n<link rel=\"canonical\" href=\"https:\/\/tugliq.com\/en\/\" \/>\n<meta property=\"og:locale\" content=\"en_US\" \/>\n<meta property=\"og:type\" content=\"article\" \/>\n<meta property=\"og:title\" content=\"Home - Tugliq Energie\" \/>\n<meta property=\"og:description\" content=\"TUGLIQ offers ready-to-go alternative renewable energy solutions for autonomous networks and microgrids that currently rely on fossil fuels.\" \/>\n<meta property=\"og:url\" content=\"https:\/\/tugliq.com\/en\/\" \/>\n<meta property=\"og:site_name\" content=\"Tugliq Energie\" \/>\n<meta property=\"article:modified_time\" content=\"2026-04-13T17:20:19+00:00\" \/>\n<meta name=\"twitter:card\" content=\"summary_large_image\" \/>\n<meta name=\"twitter:label1\" content=\"Est. reading time\" \/>\n\t<meta name=\"twitter:data1\" content=\"3 minutes\" \/>\n<script type=\"application\/ld+json\" class=\"yoast-schema-graph\">{\"@context\":\"https:\/\/schema.org\",\"@graph\":[{\"@type\":\"WebPage\",\"@id\":\"https:\/\/tugliq.com\/en\/\",\"url\":\"https:\/\/tugliq.com\/en\/\",\"name\":\"Home - Tugliq Energie\",\"isPartOf\":{\"@id\":\"https:\/\/tugliq.com\/en\/#website\"},\"datePublished\":\"2015-12-03T17:39:46+00:00\",\"dateModified\":\"2026-04-13T17:20:19+00:00\",\"description\":\"TUGLIQ offers ready-to-go alternative renewable energy solutions for autonomous networks and microgrids that currently rely on fossil fuels.\",\"breadcrumb\":{\"@id\":\"https:\/\/tugliq.com\/en\/#breadcrumb\"},\"inLanguage\":\"en-US\",\"potentialAction\":[{\"@type\":\"ReadAction\",\"target\":[\"https:\/\/tugliq.com\/en\/\"]}]},{\"@type\":\"BreadcrumbList\",\"@id\":\"https:\/\/tugliq.com\/en\/#breadcrumb\",\"itemListElement\":[{\"@type\":\"ListItem\",\"position\":1,\"name\":\"Home\",\"item\":\"https:\/\/tugliq.com\/en\/\"},{\"@type\":\"ListItem\",\"position\":2,\"name\":\"Home\"}]},{\"@type\":\"WebSite\",\"@id\":\"https:\/\/tugliq.com\/en\/#website\",\"url\":\"https:\/\/tugliq.com\/en\/\",\"name\":\"Tugliq Energie\",\"description\":\"Solutions \u00e9nerg\u00e9tiques de proximit\u00e9\",\"publisher\":{\"@id\":\"https:\/\/tugliq.com\/en\/#organization\"},\"potentialAction\":[{\"@type\":\"SearchAction\",\"target\":{\"@type\":\"EntryPoint\",\"urlTemplate\":\"https:\/\/tugliq.com\/en\/?s={search_term_string}\"},\"query-input\":\"required name=search_term_string\"}],\"inLanguage\":\"en-US\"},{\"@type\":\"Organization\",\"@id\":\"https:\/\/tugliq.com\/en\/#organization\",\"name\":\"Tugliq Energy\",\"url\":\"https:\/\/tugliq.com\/en\/\",\"logo\":{\"@type\":\"ImageObject\",\"inLanguage\":\"en-US\",\"@id\":\"https:\/\/tugliq.com\/en\/#\/schema\/logo\/image\/\",\"url\":\"https:\/\/tugliq.com\/wp-content\/uploads\/2018\/05\/apple-touch-icon.png\",\"contentUrl\":\"https:\/\/tugliq.com\/wp-content\/uploads\/2018\/05\/apple-touch-icon.png\",\"width\":180,\"height\":180,\"caption\":\"Tugliq Energy\"},\"image\":{\"@id\":\"https:\/\/tugliq.com\/en\/#\/schema\/logo\/image\/\"},\"sameAs\":[\"https:\/\/www.linkedin.com\/company\/tugliq-energy-co-\/?originalSubdomain=ca\",\"https:\/\/www.youtube.com\/watch?v=w-wy0xG6CG0\"]}]}<\/script>\n<!-- \/ Yoast SEO plugin. -->","yoast_head_json":{"title":"Home - Tugliq Energie","description":"TUGLIQ offers ready-to-go alternative renewable energy solutions for autonomous networks and microgrids that currently rely on fossil fuels.","robots":{"index":"index","follow":"follow","max-snippet":"max-snippet:-1","max-image-preview":"max-image-preview:large","max-video-preview":"max-video-preview:-1"},"canonical":"https:\/\/tugliq.com\/en\/","og_locale":"en_US","og_type":"article","og_title":"Home - Tugliq Energie","og_description":"TUGLIQ offers ready-to-go alternative renewable energy solutions for autonomous networks and microgrids that currently rely on fossil fuels.","og_url":"https:\/\/tugliq.com\/en\/","og_site_name":"Tugliq Energie","article_modified_time":"2026-04-13T17:20:19+00:00","twitter_card":"summary_large_image","twitter_misc":{"Est. reading time":"3 minutes"},"schema":{"@context":"https:\/\/schema.org","@graph":[{"@type":"WebPage","@id":"https:\/\/tugliq.com\/en\/","url":"https:\/\/tugliq.com\/en\/","name":"Home - Tugliq Energie","isPartOf":{"@id":"https:\/\/tugliq.com\/en\/#website"},"datePublished":"2015-12-03T17:39:46+00:00","dateModified":"2026-04-13T17:20:19+00:00","description":"TUGLIQ offers ready-to-go alternative renewable energy solutions for autonomous networks and microgrids that currently rely on fossil fuels.","breadcrumb":{"@id":"https:\/\/tugliq.com\/en\/#breadcrumb"},"inLanguage":"en-US","potentialAction":[{"@type":"ReadAction","target":["https:\/\/tugliq.com\/en\/"]}]},{"@type":"BreadcrumbList","@id":"https:\/\/tugliq.com\/en\/#breadcrumb","itemListElement":[{"@type":"ListItem","position":1,"name":"Home","item":"https:\/\/tugliq.com\/en\/"},{"@type":"ListItem","position":2,"name":"Home"}]},{"@type":"WebSite","@id":"https:\/\/tugliq.com\/en\/#website","url":"https:\/\/tugliq.com\/en\/","name":"Tugliq Energie","description":"Solutions \u00e9nerg\u00e9tiques de proximit\u00e9","publisher":{"@id":"https:\/\/tugliq.com\/en\/#organization"},"potentialAction":[{"@type":"SearchAction","target":{"@type":"EntryPoint","urlTemplate":"https:\/\/tugliq.com\/en\/?s={search_term_string}"},"query-input":"required name=search_term_string"}],"inLanguage":"en-US"},{"@type":"Organization","@id":"https:\/\/tugliq.com\/en\/#organization","name":"Tugliq Energy","url":"https:\/\/tugliq.com\/en\/","logo":{"@type":"ImageObject","inLanguage":"en-US","@id":"https:\/\/tugliq.com\/en\/#\/schema\/logo\/image\/","url":"https:\/\/tugliq.com\/wp-content\/uploads\/2018\/05\/apple-touch-icon.png","contentUrl":"https:\/\/tugliq.com\/wp-content\/uploads\/2018\/05\/apple-touch-icon.png","width":180,"height":180,"caption":"Tugliq Energy"},"image":{"@id":"https:\/\/tugliq.com\/en\/#\/schema\/logo\/image\/"},"sameAs":["https:\/\/www.linkedin.com\/company\/tugliq-energy-co-\/?originalSubdomain=ca","https:\/\/www.youtube.com\/watch?v=w-wy0xG6CG0"]}]}},"_links":{"self":[{"href":"https:\/\/tugliq.com\/en\/wp-json\/wp\/v2\/pages\/535"}],"collection":[{"href":"https:\/\/tugliq.com\/en\/wp-json\/wp\/v2\/pages"}],"about":[{"href":"https:\/\/tugliq.com\/en\/wp-json\/wp\/v2\/types\/page"}],"author":[{"embeddable":true,"href":"https:\/\/tugliq.com\/en\/wp-json\/wp\/v2\/users\/10"}],"replies":[{"embeddable":true,"href":"https:\/\/tugliq.com\/en\/wp-json\/wp\/v2\/comments?post=535"}],"version-history":[{"count":23,"href":"https:\/\/tugliq.com\/en\/wp-json\/wp\/v2\/pages\/535\/revisions"}],"predecessor-version":[{"id":3982,"href":"https:\/\/tugliq.com\/en\/wp-json\/wp\/v2\/pages\/535\/revisions\/3982"}],"wp:attachment":[{"href":"https:\/\/tugliq.com\/en\/wp-json\/wp\/v2\/media?parent=535"}],"curies":[{"name":"wp","href":"https:\/\/api.w.org\/{rel}","templated":true}]}}