{"id":577,"date":"2015-12-04T12:18:27","date_gmt":"2015-12-04T16:18:27","guid":{"rendered":"https:\/\/tugliq.com\/?page_id=577"},"modified":"2020-11-06T15:00:06","modified_gmt":"2020-11-06T19:00:06","slug":"renewable-energy-projects","status":"publish","type":"page","link":"https:\/\/tugliq.com\/en\/renewable-energy-projects\/","title":{"rendered":"Projects"},"content":{"rendered":"<div class=\"wpb-content-wrapper\">[vc_row][vc_column][mk_image src=&#8221;https:\/\/tugliq.com\/wp-content\/uploads\/2020\/03\/cartes_projets.png&#8221; image_size=&#8221;full&#8221; align=&#8221;center&#8221; margin_bottom=&#8221;20&#8243;][vc_column_text disable_pattern=&#8221;false&#8221; align=&#8221;center&#8221; css=&#8221;.vc_custom_1531952288048{margin-bottom: 0px !important;}&#8221;]<span style=\"font-weight: 400;\">TUGLIQ Energy has an extensive track record in developing projects in locations most vulnerable to climate change.<\/span><\/p>\n<p><span style=\"font-weight: 400;\">From the fragile ecosystems of the Arctic to islands threatened by rising sea levels and regions where plastic has taken over, we\u00a0<\/span>embrace new challenges around the world. We focus on opportunities to replace diesel with hybrid renewable solutions.<\/p>\n<p>TUGLIQ is committed to providing alternative energy solutions that\u00a0 support global efforts to protect our planet.<\/p>\n<p><span style=\"font-weight: 400;\">We are always open to new opportunities. Let us know about your project.<\/span>[\/vc_column_text][mk_button dimension=&#8221;flat&#8221; size=&#8221;medium&#8221; url=&#8221;https:\/\/tugliq.com\/en\/contact-us\/&#8221; align=&#8221;center&#8221; el_class=&#8221;primary-button&#8221;]Contact Us[\/mk_button][\/vc_column][\/vc_row][vc_row][vc_column][mk_divider style=&#8221;thin_solid&#8221; margin_top=&#8221;55&#8243; margin_bottom=&#8221;50&#8243;][\/vc_column][\/vc_row][vc_row][vc_column][mk_portfolio style=&#8221;grid&#8221; hover_scenarios=&#8221;fadebox&#8221; grid_spacing=&#8221;8&#8243; column=&#8221;4&#8243; count=&#8221;8&#8243; sortable_align=&#8221;center&#8221; sortable_style=&#8221;outline&#8221; sortable_bg_color=&#8221;#ffffff&#8221; sortable_txt_color=&#8221;#195b74&#8243; pagination_style=&#8221;3&#8243;][\/vc_column][\/vc_row][vc_column][\/vc_column]\n<\/div>","protected":false},"excerpt":{"rendered":"<p>[vc_row][vc_column][mk_image src=&#8221;https:\/\/tugliq.com\/wp-content\/uploads\/2020\/03\/cartes_projets.png&#8221; image_size=&#8221;full&#8221; align=&#8221;center&#8221; margin_bottom=&#8221;20&#8243;][vc_column_text disable_pattern=&#8221;false&#8221; align=&#8221;center&#8221; css=&#8221;.vc_custom_1531952288048{margin-bottom: 0px !important;}&#8221;]TUGLIQ Energy has an extensive track record in developing projects in locations most vulnerable to climate change. From the fragile ecosystems of the Arctic to islands threatened by rising sea levels and regions where plastic has [&hellip;]<\/p>\n","protected":false},"author":10,"featured_media":0,"parent":0,"menu_order":0,"comment_status":"closed","ping_status":"closed","template":"","meta":{"_acf_changed":false,"footnotes":""},"acf":[],"yoast_head":"<!-- This site is optimized with the Yoast SEO plugin v22.0 - https:\/\/yoast.com\/wordpress\/plugins\/seo\/ -->\n<title>Renewable Energy Projects - Tugliq Energie<\/title>\n<meta name=\"description\" content=\"Tugliq Energy develops renewable energy projects in the most remote locations in the world. Visit our site to learn more.\" \/>\n<meta name=\"robots\" content=\"index, follow, max-snippet:-1, max-image-preview:large, max-video-preview:-1\" \/>\n<link rel=\"canonical\" href=\"https:\/\/tugliq.com\/en\/renewable-energy-projects\/\" \/>\n<meta property=\"og:locale\" content=\"en_US\" \/>\n<meta property=\"og:type\" content=\"article\" \/>\n<meta property=\"og:title\" content=\"Renewable Energy Projects - Tugliq Energie\" \/>\n<meta property=\"og:description\" content=\"Tugliq Energy develops renewable energy projects in the most remote locations in the world. Visit our site to learn more.\" \/>\n<meta property=\"og:url\" content=\"https:\/\/tugliq.com\/en\/renewable-energy-projects\/\" \/>\n<meta property=\"og:site_name\" content=\"Tugliq Energie\" \/>\n<meta property=\"article:modified_time\" content=\"2020-11-06T19:00:06+00:00\" \/>\n<meta name=\"twitter:card\" content=\"summary_large_image\" \/>\n<meta name=\"twitter:label1\" content=\"Est. reading time\" \/>\n\t<meta name=\"twitter:data1\" content=\"1 minute\" \/>\n<script type=\"application\/ld+json\" class=\"yoast-schema-graph\">{\"@context\":\"https:\/\/schema.org\",\"@graph\":[{\"@type\":\"WebPage\",\"@id\":\"https:\/\/tugliq.com\/en\/renewable-energy-projects\/\",\"url\":\"https:\/\/tugliq.com\/en\/renewable-energy-projects\/\",\"name\":\"Renewable Energy Projects - Tugliq Energie\",\"isPartOf\":{\"@id\":\"https:\/\/tugliq.com\/en\/#website\"},\"datePublished\":\"2015-12-04T16:18:27+00:00\",\"dateModified\":\"2020-11-06T19:00:06+00:00\",\"description\":\"Tugliq Energy develops renewable energy projects in the most remote locations in the world. Visit our site to learn more.\",\"breadcrumb\":{\"@id\":\"https:\/\/tugliq.com\/en\/renewable-energy-projects\/#breadcrumb\"},\"inLanguage\":\"en-US\",\"potentialAction\":[{\"@type\":\"ReadAction\",\"target\":[\"https:\/\/tugliq.com\/en\/renewable-energy-projects\/\"]}]},{\"@type\":\"BreadcrumbList\",\"@id\":\"https:\/\/tugliq.com\/en\/renewable-energy-projects\/#breadcrumb\",\"itemListElement\":[{\"@type\":\"ListItem\",\"position\":1,\"name\":\"Home\",\"item\":\"https:\/\/tugliq.com\/en\/\"},{\"@type\":\"ListItem\",\"position\":2,\"name\":\"Projects\"}]},{\"@type\":\"WebSite\",\"@id\":\"https:\/\/tugliq.com\/en\/#website\",\"url\":\"https:\/\/tugliq.com\/en\/\",\"name\":\"Tugliq Energie\",\"description\":\"Solutions \u00e9nerg\u00e9tiques de proximit\u00e9\",\"publisher\":{\"@id\":\"https:\/\/tugliq.com\/en\/#organization\"},\"potentialAction\":[{\"@type\":\"SearchAction\",\"target\":{\"@type\":\"EntryPoint\",\"urlTemplate\":\"https:\/\/tugliq.com\/en\/?s={search_term_string}\"},\"query-input\":\"required name=search_term_string\"}],\"inLanguage\":\"en-US\"},{\"@type\":\"Organization\",\"@id\":\"https:\/\/tugliq.com\/en\/#organization\",\"name\":\"Tugliq Energy\",\"url\":\"https:\/\/tugliq.com\/en\/\",\"logo\":{\"@type\":\"ImageObject\",\"inLanguage\":\"en-US\",\"@id\":\"https:\/\/tugliq.com\/en\/#\/schema\/logo\/image\/\",\"url\":\"https:\/\/tugliq.com\/wp-content\/uploads\/2018\/05\/apple-touch-icon.png\",\"contentUrl\":\"https:\/\/tugliq.com\/wp-content\/uploads\/2018\/05\/apple-touch-icon.png\",\"width\":180,\"height\":180,\"caption\":\"Tugliq Energy\"},\"image\":{\"@id\":\"https:\/\/tugliq.com\/en\/#\/schema\/logo\/image\/\"},\"sameAs\":[\"https:\/\/www.linkedin.com\/company\/tugliq-energy-co-\/?originalSubdomain=ca\",\"https:\/\/www.youtube.com\/watch?v=w-wy0xG6CG0\"]}]}<\/script>\n<!-- \/ Yoast SEO plugin. -->","yoast_head_json":{"title":"Renewable Energy Projects - Tugliq Energie","description":"Tugliq Energy develops renewable energy projects in the most remote locations in the world. Visit our site to learn more.","robots":{"index":"index","follow":"follow","max-snippet":"max-snippet:-1","max-image-preview":"max-image-preview:large","max-video-preview":"max-video-preview:-1"},"canonical":"https:\/\/tugliq.com\/en\/renewable-energy-projects\/","og_locale":"en_US","og_type":"article","og_title":"Renewable Energy Projects - Tugliq Energie","og_description":"Tugliq Energy develops renewable energy projects in the most remote locations in the world. Visit our site to learn more.","og_url":"https:\/\/tugliq.com\/en\/renewable-energy-projects\/","og_site_name":"Tugliq Energie","article_modified_time":"2020-11-06T19:00:06+00:00","twitter_card":"summary_large_image","twitter_misc":{"Est. reading time":"1 minute"},"schema":{"@context":"https:\/\/schema.org","@graph":[{"@type":"WebPage","@id":"https:\/\/tugliq.com\/en\/renewable-energy-projects\/","url":"https:\/\/tugliq.com\/en\/renewable-energy-projects\/","name":"Renewable Energy Projects - Tugliq Energie","isPartOf":{"@id":"https:\/\/tugliq.com\/en\/#website"},"datePublished":"2015-12-04T16:18:27+00:00","dateModified":"2020-11-06T19:00:06+00:00","description":"Tugliq Energy develops renewable energy projects in the most remote locations in the world. Visit our site to learn more.","breadcrumb":{"@id":"https:\/\/tugliq.com\/en\/renewable-energy-projects\/#breadcrumb"},"inLanguage":"en-US","potentialAction":[{"@type":"ReadAction","target":["https:\/\/tugliq.com\/en\/renewable-energy-projects\/"]}]},{"@type":"BreadcrumbList","@id":"https:\/\/tugliq.com\/en\/renewable-energy-projects\/#breadcrumb","itemListElement":[{"@type":"ListItem","position":1,"name":"Home","item":"https:\/\/tugliq.com\/en\/"},{"@type":"ListItem","position":2,"name":"Projects"}]},{"@type":"WebSite","@id":"https:\/\/tugliq.com\/en\/#website","url":"https:\/\/tugliq.com\/en\/","name":"Tugliq Energie","description":"Solutions \u00e9nerg\u00e9tiques de proximit\u00e9","publisher":{"@id":"https:\/\/tugliq.com\/en\/#organization"},"potentialAction":[{"@type":"SearchAction","target":{"@type":"EntryPoint","urlTemplate":"https:\/\/tugliq.com\/en\/?s={search_term_string}"},"query-input":"required name=search_term_string"}],"inLanguage":"en-US"},{"@type":"Organization","@id":"https:\/\/tugliq.com\/en\/#organization","name":"Tugliq Energy","url":"https:\/\/tugliq.com\/en\/","logo":{"@type":"ImageObject","inLanguage":"en-US","@id":"https:\/\/tugliq.com\/en\/#\/schema\/logo\/image\/","url":"https:\/\/tugliq.com\/wp-content\/uploads\/2018\/05\/apple-touch-icon.png","contentUrl":"https:\/\/tugliq.com\/wp-content\/uploads\/2018\/05\/apple-touch-icon.png","width":180,"height":180,"caption":"Tugliq Energy"},"image":{"@id":"https:\/\/tugliq.com\/en\/#\/schema\/logo\/image\/"},"sameAs":["https:\/\/www.linkedin.com\/company\/tugliq-energy-co-\/?originalSubdomain=ca","https:\/\/www.youtube.com\/watch?v=w-wy0xG6CG0"]}]}},"_links":{"self":[{"href":"https:\/\/tugliq.com\/en\/wp-json\/wp\/v2\/pages\/577"}],"collection":[{"href":"https:\/\/tugliq.com\/en\/wp-json\/wp\/v2\/pages"}],"about":[{"href":"https:\/\/tugliq.com\/en\/wp-json\/wp\/v2\/types\/page"}],"author":[{"embeddable":true,"href":"https:\/\/tugliq.com\/en\/wp-json\/wp\/v2\/users\/10"}],"replies":[{"embeddable":true,"href":"https:\/\/tugliq.com\/en\/wp-json\/wp\/v2\/comments?post=577"}],"version-history":[{"count":11,"href":"https:\/\/tugliq.com\/en\/wp-json\/wp\/v2\/pages\/577\/revisions"}],"predecessor-version":[{"id":1092,"href":"https:\/\/tugliq.com\/en\/wp-json\/wp\/v2\/pages\/577\/revisions\/1092"}],"wp:attachment":[{"href":"https:\/\/tugliq.com\/en\/wp-json\/wp\/v2\/media?parent=577"}],"curies":[{"name":"wp","href":"https:\/\/api.w.org\/{rel}","templated":true}]}}