{"id":595,"date":"2015-12-04T10:53:46","date_gmt":"2015-12-04T14:53:46","guid":{"rendered":"https:\/\/tugliq.com\/?page_id=595"},"modified":"2025-06-18T10:13:20","modified_gmt":"2025-06-18T14:13:20","slug":"contact-us","status":"publish","type":"page","link":"https:\/\/tugliq.com\/en\/contact-us\/","title":{"rendered":"Contact Us"},"content":{"rendered":"<div class=\"wpb-content-wrapper\">[vc_row][vc_column width=&#8221;1\/2&#8243; el_class=&#8221;sct-contact-info&#8221;][mk_fancy_title color=&#8221;#4eb7a7&#8243; size=&#8221;25&#8243; font_weight=&#8221;bold&#8221; txt_transform=&#8221;uppercase&#8221; margin_bottom=&#8221;5&#8243; font_family=&#8221;none&#8221; el_class=&#8221;color-secondary&#8221;]Our Contact Info[\/mk_fancy_title][mk_divider style=&#8221;thin_solid&#8221; divider_width=&#8221;custom_width&#8221; custom_width=&#8221;59&#8243; align=&#8221;left&#8221; thin_single_color=&#8221;#f6f163&#8243; thickness=&#8221;3&#8243; margin_top=&#8221;0&#8243; el_class=&#8221;divider-primary&#8221;][mk_contact_info phone=&#8221;+1 418 431-0211&#8243; fax=&#8221;+1 855 700-8778&#8243; email=&#8221;info@tugliq.com&#8221; address=&#8221;500-407 boul. Saint-Laurent, Montr\u00e9al (Qu\u00e9bec), H2Y 2Y5&#8243;][\/vc_column][vc_column width=&#8221;1\/2&#8243;][mk_fancy_title color=&#8221;#4eb7a7&#8243; size=&#8221;25&#8243; font_weight=&#8221;bold&#8221; txt_transform=&#8221;uppercase&#8221; margin_bottom=&#8221;5&#8243; font_family=&#8221;none&#8221; el_class=&#8221;color-secondary&#8221;]Meet us[\/mk_fancy_title][mk_divider style=&#8221;thin_solid&#8221; divider_width=&#8221;custom_width&#8221; custom_width=&#8221;59&#8243; align=&#8221;left&#8221; thin_single_color=&#8221;#f6f163&#8243; thickness=&#8221;3&#8243; margin_top=&#8221;0&#8243; el_class=&#8221;divider-primary&#8221;][vc_gmaps link=&#8221;#E-8_JTNDaWZyYW1lJTIwc3JjJTNEJTIyaHR0cHMlM0ElMkYlMkZ3d3cuZ29vZ2xlLmNvbSUyRm1hcHMlMkZlbWJlZCUzRnBiJTNEJTIxMW0xOCUyMTFtMTIlMjExbTMlMjExZDI3OTYuOTgxNzE0OTc4MjAwNyUyMTJkLTczLjU1NjU5MDIyMzI5NTMlMjEzZDQ1LjUwNTgwNTczMDY2MTExNiUyMTJtMyUyMTFmMCUyMTJmMCUyMTNmMCUyMTNtMiUyMTFpMTAyNCUyMTJpNzY4JTIxNGYxMy4xJTIxM20zJTIxMW0yJTIxMXMweDRjYzkxYTU3MDY2ZTYzNDklMjUzQTB4YzgyZmVlZmZiZmJjZWRlZiUyMTJzNDA3JTI1MjBCb3VsLiUyNTIwU2FpbnQtTGF1cmVudCUyNTJDJTI1MjBNb250ciUyNUMzJTI1QTlhbCUyNTJDJTI1MjBRQyUyMTVlMCUyMTNtMiUyMTFzZnIlMjEyc2NhJTIxNHYxNzUwMjU1OTY4MjA1JTIxNW0yJTIxMXNmciUyMTJzY2ElMjIlMjB3aWR0aCUzRCUyMjYwMCUyMiUyMGhlaWdodCUzRCUyMjQ1MCUyMiUyMHN0eWxlJTNEJTIyYm9yZGVyJTNBMCUzQiUyMiUyMGFsbG93ZnVsbHNjcmVlbiUzRCUyMiUyMiUyMGxvYWRpbmclM0QlMjJsYXp5JTIyJTIwcmVmZXJyZXJwb2xpY3klM0QlMjJuby1yZWZlcnJlci13aGVuLWRvd25ncmFkZSUyMiUzRSUzQyUyRmlmcmFtZSUzRQ==&#8221;][\/vc_column][\/vc_row][vc_column][\/vc_column]\n<\/div>","protected":false},"excerpt":{"rendered":"<p>[vc_row][vc_column width=&#8221;1\/2&#8243; el_class=&#8221;sct-contact-info&#8221;][mk_fancy_title color=&#8221;#4eb7a7&#8243; size=&#8221;25&#8243; font_weight=&#8221;bold&#8221; txt_transform=&#8221;uppercase&#8221; margin_bottom=&#8221;5&#8243; font_family=&#8221;none&#8221; el_class=&#8221;color-secondary&#8221;]Our Contact Info[\/mk_fancy_title][mk_divider style=&#8221;thin_solid&#8221; divider_width=&#8221;custom_width&#8221; custom_width=&#8221;59&#8243; align=&#8221;left&#8221; thin_single_color=&#8221;#f6f163&#8243; thickness=&#8221;3&#8243; margin_top=&#8221;0&#8243; el_class=&#8221;divider-primary&#8221;][mk_contact_info phone=&#8221;+1 418 431-0211&#8243; fax=&#8221;+1 855 700-8778&#8243; email=&#8221;info@tugliq.com&#8221; address=&#8221;500-407 boul. Saint-Laurent, Montr\u00e9al (Qu\u00e9bec), H2Y 2Y5&#8243;][\/vc_column][vc_column width=&#8221;1\/2&#8243;][mk_fancy_title color=&#8221;#4eb7a7&#8243; size=&#8221;25&#8243; font_weight=&#8221;bold&#8221; txt_transform=&#8221;uppercase&#8221; margin_bottom=&#8221;5&#8243; font_family=&#8221;none&#8221; el_class=&#8221;color-secondary&#8221;]Meet us[\/mk_fancy_title][mk_divider style=&#8221;thin_solid&#8221; divider_width=&#8221;custom_width&#8221; [&hellip;]<\/p>\n","protected":false},"author":10,"featured_media":0,"parent":0,"menu_order":0,"comment_status":"closed","ping_status":"closed","template":"","meta":{"_acf_changed":false,"footnotes":""},"acf":[],"yoast_head":"<!-- This site is optimized with the Yoast SEO plugin v22.0 - https:\/\/yoast.com\/wordpress\/plugins\/seo\/ -->\n<title>Contact Us - Tugliq Energie<\/title>\n<meta name=\"description\" content=\"Contact: 2060 rue de La Montagne, suite 400, C.P. 401, Montr\u00e9al (Qu\u00e9bec), H3G 1Z7 - Tel: +1 (418) 431-0211 - Fax: +1 (855) 700-8778 - info@tugliq.com\" \/>\n<meta name=\"robots\" content=\"index, follow, max-snippet:-1, max-image-preview:large, max-video-preview:-1\" \/>\n<link rel=\"canonical\" href=\"https:\/\/tugliq.com\/en\/contact-us\/\" \/>\n<meta property=\"og:locale\" content=\"en_US\" \/>\n<meta property=\"og:type\" content=\"article\" \/>\n<meta property=\"og:title\" content=\"Contact Us - Tugliq Energie\" \/>\n<meta property=\"og:description\" content=\"Contact: 2060 rue de La Montagne, suite 400, C.P. 401, Montr\u00e9al (Qu\u00e9bec), H3G 1Z7 - Tel: +1 (418) 431-0211 - Fax: +1 (855) 700-8778 - info@tugliq.com\" \/>\n<meta property=\"og:url\" content=\"https:\/\/tugliq.com\/en\/contact-us\/\" \/>\n<meta property=\"og:site_name\" content=\"Tugliq Energie\" \/>\n<meta property=\"article:modified_time\" content=\"2025-06-18T14:13:20+00:00\" \/>\n<meta name=\"twitter:card\" content=\"summary_large_image\" \/>\n<meta name=\"twitter:label1\" content=\"Est. reading time\" \/>\n\t<meta name=\"twitter:data1\" content=\"1 minute\" \/>\n<script type=\"application\/ld+json\" class=\"yoast-schema-graph\">{\"@context\":\"https:\/\/schema.org\",\"@graph\":[{\"@type\":\"WebPage\",\"@id\":\"https:\/\/tugliq.com\/en\/contact-us\/\",\"url\":\"https:\/\/tugliq.com\/en\/contact-us\/\",\"name\":\"Contact Us - Tugliq Energie\",\"isPartOf\":{\"@id\":\"https:\/\/tugliq.com\/en\/#website\"},\"datePublished\":\"2015-12-04T14:53:46+00:00\",\"dateModified\":\"2025-06-18T14:13:20+00:00\",\"description\":\"Contact: 2060 rue de La Montagne, suite 400, C.P. 401, Montr\u00e9al (Qu\u00e9bec), H3G 1Z7 - Tel: +1 (418) 431-0211 - Fax: +1 (855) 700-8778 - info@tugliq.com\",\"breadcrumb\":{\"@id\":\"https:\/\/tugliq.com\/en\/contact-us\/#breadcrumb\"},\"inLanguage\":\"en-US\",\"potentialAction\":[{\"@type\":\"ReadAction\",\"target\":[\"https:\/\/tugliq.com\/en\/contact-us\/\"]}]},{\"@type\":\"BreadcrumbList\",\"@id\":\"https:\/\/tugliq.com\/en\/contact-us\/#breadcrumb\",\"itemListElement\":[{\"@type\":\"ListItem\",\"position\":1,\"name\":\"Home\",\"item\":\"https:\/\/tugliq.com\/en\/\"},{\"@type\":\"ListItem\",\"position\":2,\"name\":\"Contact Us\"}]},{\"@type\":\"WebSite\",\"@id\":\"https:\/\/tugliq.com\/en\/#website\",\"url\":\"https:\/\/tugliq.com\/en\/\",\"name\":\"Tugliq Energie\",\"description\":\"Solutions \u00e9nerg\u00e9tiques de proximit\u00e9\",\"publisher\":{\"@id\":\"https:\/\/tugliq.com\/en\/#organization\"},\"potentialAction\":[{\"@type\":\"SearchAction\",\"target\":{\"@type\":\"EntryPoint\",\"urlTemplate\":\"https:\/\/tugliq.com\/en\/?s={search_term_string}\"},\"query-input\":\"required name=search_term_string\"}],\"inLanguage\":\"en-US\"},{\"@type\":\"Organization\",\"@id\":\"https:\/\/tugliq.com\/en\/#organization\",\"name\":\"Tugliq Energy\",\"url\":\"https:\/\/tugliq.com\/en\/\",\"logo\":{\"@type\":\"ImageObject\",\"inLanguage\":\"en-US\",\"@id\":\"https:\/\/tugliq.com\/en\/#\/schema\/logo\/image\/\",\"url\":\"https:\/\/tugliq.com\/wp-content\/uploads\/2018\/05\/apple-touch-icon.png\",\"contentUrl\":\"https:\/\/tugliq.com\/wp-content\/uploads\/2018\/05\/apple-touch-icon.png\",\"width\":180,\"height\":180,\"caption\":\"Tugliq Energy\"},\"image\":{\"@id\":\"https:\/\/tugliq.com\/en\/#\/schema\/logo\/image\/\"},\"sameAs\":[\"https:\/\/www.linkedin.com\/company\/tugliq-energy-co-\/?originalSubdomain=ca\",\"https:\/\/www.youtube.com\/watch?v=w-wy0xG6CG0\"]}]}<\/script>\n<!-- \/ Yoast SEO plugin. -->","yoast_head_json":{"title":"Contact Us - Tugliq Energie","description":"Contact: 2060 rue de La Montagne, suite 400, C.P. 401, Montr\u00e9al (Qu\u00e9bec), H3G 1Z7 - Tel: +1 (418) 431-0211 - Fax: +1 (855) 700-8778 - info@tugliq.com","robots":{"index":"index","follow":"follow","max-snippet":"max-snippet:-1","max-image-preview":"max-image-preview:large","max-video-preview":"max-video-preview:-1"},"canonical":"https:\/\/tugliq.com\/en\/contact-us\/","og_locale":"en_US","og_type":"article","og_title":"Contact Us - Tugliq Energie","og_description":"Contact: 2060 rue de La Montagne, suite 400, C.P. 401, Montr\u00e9al (Qu\u00e9bec), H3G 1Z7 - Tel: +1 (418) 431-0211 - Fax: +1 (855) 700-8778 - info@tugliq.com","og_url":"https:\/\/tugliq.com\/en\/contact-us\/","og_site_name":"Tugliq Energie","article_modified_time":"2025-06-18T14:13:20+00:00","twitter_card":"summary_large_image","twitter_misc":{"Est. reading time":"1 minute"},"schema":{"@context":"https:\/\/schema.org","@graph":[{"@type":"WebPage","@id":"https:\/\/tugliq.com\/en\/contact-us\/","url":"https:\/\/tugliq.com\/en\/contact-us\/","name":"Contact Us - Tugliq Energie","isPartOf":{"@id":"https:\/\/tugliq.com\/en\/#website"},"datePublished":"2015-12-04T14:53:46+00:00","dateModified":"2025-06-18T14:13:20+00:00","description":"Contact: 2060 rue de La Montagne, suite 400, C.P. 401, Montr\u00e9al (Qu\u00e9bec), H3G 1Z7 - Tel: +1 (418) 431-0211 - Fax: +1 (855) 700-8778 - info@tugliq.com","breadcrumb":{"@id":"https:\/\/tugliq.com\/en\/contact-us\/#breadcrumb"},"inLanguage":"en-US","potentialAction":[{"@type":"ReadAction","target":["https:\/\/tugliq.com\/en\/contact-us\/"]}]},{"@type":"BreadcrumbList","@id":"https:\/\/tugliq.com\/en\/contact-us\/#breadcrumb","itemListElement":[{"@type":"ListItem","position":1,"name":"Home","item":"https:\/\/tugliq.com\/en\/"},{"@type":"ListItem","position":2,"name":"Contact Us"}]},{"@type":"WebSite","@id":"https:\/\/tugliq.com\/en\/#website","url":"https:\/\/tugliq.com\/en\/","name":"Tugliq Energie","description":"Solutions \u00e9nerg\u00e9tiques de proximit\u00e9","publisher":{"@id":"https:\/\/tugliq.com\/en\/#organization"},"potentialAction":[{"@type":"SearchAction","target":{"@type":"EntryPoint","urlTemplate":"https:\/\/tugliq.com\/en\/?s={search_term_string}"},"query-input":"required name=search_term_string"}],"inLanguage":"en-US"},{"@type":"Organization","@id":"https:\/\/tugliq.com\/en\/#organization","name":"Tugliq Energy","url":"https:\/\/tugliq.com\/en\/","logo":{"@type":"ImageObject","inLanguage":"en-US","@id":"https:\/\/tugliq.com\/en\/#\/schema\/logo\/image\/","url":"https:\/\/tugliq.com\/wp-content\/uploads\/2018\/05\/apple-touch-icon.png","contentUrl":"https:\/\/tugliq.com\/wp-content\/uploads\/2018\/05\/apple-touch-icon.png","width":180,"height":180,"caption":"Tugliq Energy"},"image":{"@id":"https:\/\/tugliq.com\/en\/#\/schema\/logo\/image\/"},"sameAs":["https:\/\/www.linkedin.com\/company\/tugliq-energy-co-\/?originalSubdomain=ca","https:\/\/www.youtube.com\/watch?v=w-wy0xG6CG0"]}]}},"_links":{"self":[{"href":"https:\/\/tugliq.com\/en\/wp-json\/wp\/v2\/pages\/595"}],"collection":[{"href":"https:\/\/tugliq.com\/en\/wp-json\/wp\/v2\/pages"}],"about":[{"href":"https:\/\/tugliq.com\/en\/wp-json\/wp\/v2\/types\/page"}],"author":[{"embeddable":true,"href":"https:\/\/tugliq.com\/en\/wp-json\/wp\/v2\/users\/10"}],"replies":[{"embeddable":true,"href":"https:\/\/tugliq.com\/en\/wp-json\/wp\/v2\/comments?post=595"}],"version-history":[{"count":8,"href":"https:\/\/tugliq.com\/en\/wp-json\/wp\/v2\/pages\/595\/revisions"}],"predecessor-version":[{"id":3921,"href":"https:\/\/tugliq.com\/en\/wp-json\/wp\/v2\/pages\/595\/revisions\/3921"}],"wp:attachment":[{"href":"https:\/\/tugliq.com\/en\/wp-json\/wp\/v2\/media?parent=595"}],"curies":[{"name":"wp","href":"https:\/\/api.w.org\/{rel}","templated":true}]}}