{"id":603,"date":"2018-05-28T12:10:40","date_gmt":"2018-05-28T16:10:40","guid":{"rendered":"https:\/\/tugliq.com\/?page_id=603"},"modified":"2025-04-17T09:43:28","modified_gmt":"2025-04-17T13:43:28","slug":"careers","status":"publish","type":"page","link":"https:\/\/tugliq.com\/en\/careers\/","title":{"rendered":"Careers"},"content":{"rendered":"[mk_page_section][vc_column][vc_column_text css=&#8221;.vc_custom_1634572456707{margin-bottom: 0px !important;}&#8221;]<span style=\"font-weight: 400;\">TUGLIQ Energy offers each employee the opportunity to be part of making a difference in the global energy landscape. TUGLIQ is committed to making a difference in the energy landscape and offers each of its employees the opportunity to be part of these changes.<\/span>[\/vc_column_text][mk_fancy_title color=&#8221;#195b74&#8243; size=&#8221;34&#8243; font_weight=&#8221;bold&#8221; margin_top=&#8221;20&#8243; font_family=&#8221;none&#8221;]\n<p style=\"text-align: left;\">AVAILABLE POSITION (4)<\/p>\n[\/mk_fancy_title][vc_separator color=&#8221;custom&#8221; align=&#8221;align_left&#8221; border_width=&#8221;5&#8243; el_width=&#8221;10&#8243; accent_color=&#8221;#b4d823&#8243;][\/vc_column][\/mk_page_section][mk_page_section][vc_column width=&#8221;1\/2&#8243;][vc_column_text css=&#8221;.vc_custom_1744897392039{margin-bottom: 0px !important;}&#8221;]\n<h3>FINANCIAL ANALYST<\/h3>\n[\/vc_column_text][\/vc_column][vc_column width=&#8221;1\/2&#8243;][mk_button dimension=&#8221;flat&#8221; size=&#8221;large&#8221; url=&#8221;https:\/\/tugliq.com\/poste-emploi\/analyste-financier-iere\/&#8221; align=&#8221;right&#8221;]Learn more[\/mk_button][\/vc_column][\/mk_page_section][mk_page_section][vc_column width=&#8221;1\/2&#8243;][vc_column_text css=&#8221;.vc_custom_1681330943569{margin-bottom: 0px !important;}&#8221;]\n<h3>CONTROLLER-ACCOUNTANT<\/h3>\n[\/vc_column_text][\/vc_column][vc_column width=&#8221;1\/2&#8243;][mk_button dimension=&#8221;flat&#8221; size=&#8221;large&#8221; url=&#8221;https:\/\/tugliq.com\/en\/job_offer\/controller-accountant\/&#8221; align=&#8221;right&#8221;]Learn more[\/mk_button][\/vc_column][\/mk_page_section][mk_page_section][vc_column width=&#8221;1\/2&#8243;][vc_column_text css=&#8221;.vc_custom_1634572774849{margin-bottom: 0px !important;}&#8221;]\n<h3>WIND TURBINE TECHNICIAN<\/h3>\n[\/vc_column_text][\/vc_column][vc_column width=&#8221;1\/2&#8243;][mk_button dimension=&#8221;flat&#8221; size=&#8221;large&#8221; url=&#8221;https:\/\/tugliq.com\/en\/job_offer\/wind-turbine-technician\/&#8221; align=&#8221;right&#8221;]Learn more[\/mk_button][\/vc_column][\/mk_page_section][mk_page_section][vc_column width=&#8221;1\/2&#8243;][vc_column_text css=&#8221;.vc_custom_1678114021393{margin-bottom: 0px !important;}&#8221;]\n<h3>ADMINISTRATIVE ASSISTANT<\/h3>\n[\/vc_column_text][\/vc_column][vc_column width=&#8221;1\/2&#8243;][mk_button dimension=&#8221;flat&#8221; size=&#8221;large&#8221; url=&#8221;https:\/\/tugliq.com\/poste-emploi\/adjoint-e-administratif-ve\/&#8221; align=&#8221;right&#8221;]Learn more[\/mk_button][\/vc_column][\/mk_page_section][vc_column][\/vc_column]\n","protected":false},"excerpt":{"rendered":"<p>[mk_page_section][vc_column][vc_column_text css=&#8221;.vc_custom_1634572456707{margin-bottom: 0px !important;}&#8221;]TUGLIQ Energy offers each employee the opportunity to be part of making a difference in the global energy landscape. TUGLIQ is committed to making a difference in the energy landscape and offers each of its employees the opportunity to be part of [&hellip;]<\/p>\n","protected":false},"author":10,"featured_media":0,"parent":0,"menu_order":0,"comment_status":"closed","ping_status":"closed","template":"","meta":{"_acf_changed":false,"footnotes":""},"acf":[],"yoast_head":"<!-- This site is optimized with the Yoast SEO plugin v22.0 - https:\/\/yoast.com\/wordpress\/plugins\/seo\/ -->\n<title>Careers - Tugliq Energie<\/title>\n<meta name=\"description\" content=\"TUGLIQ Energy offers each employee the opportunity to be part of making a great difference in the global energy landscape.\" \/>\n<meta name=\"robots\" content=\"index, follow, max-snippet:-1, max-image-preview:large, max-video-preview:-1\" \/>\n<link rel=\"canonical\" href=\"https:\/\/tugliq.com\/en\/careers\/\" \/>\n<meta property=\"og:locale\" content=\"en_US\" \/>\n<meta property=\"og:type\" content=\"article\" \/>\n<meta property=\"og:title\" content=\"Careers - Tugliq Energie\" \/>\n<meta property=\"og:description\" content=\"TUGLIQ Energy offers each employee the opportunity to be part of making a great difference in the global energy landscape.\" \/>\n<meta property=\"og:url\" content=\"https:\/\/tugliq.com\/en\/careers\/\" \/>\n<meta property=\"og:site_name\" content=\"Tugliq Energie\" \/>\n<meta property=\"article:modified_time\" content=\"2025-04-17T13:43:28+00:00\" \/>\n<meta name=\"twitter:card\" content=\"summary_large_image\" \/>\n<meta name=\"twitter:label1\" content=\"Est. reading time\" \/>\n\t<meta name=\"twitter:data1\" content=\"1 minute\" \/>\n<script type=\"application\/ld+json\" class=\"yoast-schema-graph\">{\"@context\":\"https:\/\/schema.org\",\"@graph\":[{\"@type\":\"WebPage\",\"@id\":\"https:\/\/tugliq.com\/en\/careers\/\",\"url\":\"https:\/\/tugliq.com\/en\/careers\/\",\"name\":\"Careers - Tugliq Energie\",\"isPartOf\":{\"@id\":\"https:\/\/tugliq.com\/en\/#website\"},\"datePublished\":\"2018-05-28T16:10:40+00:00\",\"dateModified\":\"2025-04-17T13:43:28+00:00\",\"description\":\"TUGLIQ Energy offers each employee the opportunity to be part of making a great difference in the global energy landscape.\",\"breadcrumb\":{\"@id\":\"https:\/\/tugliq.com\/en\/careers\/#breadcrumb\"},\"inLanguage\":\"en-US\",\"potentialAction\":[{\"@type\":\"ReadAction\",\"target\":[\"https:\/\/tugliq.com\/en\/careers\/\"]}]},{\"@type\":\"BreadcrumbList\",\"@id\":\"https:\/\/tugliq.com\/en\/careers\/#breadcrumb\",\"itemListElement\":[{\"@type\":\"ListItem\",\"position\":1,\"name\":\"Home\",\"item\":\"https:\/\/tugliq.com\/en\/\"},{\"@type\":\"ListItem\",\"position\":2,\"name\":\"Careers\"}]},{\"@type\":\"WebSite\",\"@id\":\"https:\/\/tugliq.com\/en\/#website\",\"url\":\"https:\/\/tugliq.com\/en\/\",\"name\":\"Tugliq Energie\",\"description\":\"Solutions \u00e9nerg\u00e9tiques de proximit\u00e9\",\"publisher\":{\"@id\":\"https:\/\/tugliq.com\/en\/#organization\"},\"potentialAction\":[{\"@type\":\"SearchAction\",\"target\":{\"@type\":\"EntryPoint\",\"urlTemplate\":\"https:\/\/tugliq.com\/en\/?s={search_term_string}\"},\"query-input\":\"required name=search_term_string\"}],\"inLanguage\":\"en-US\"},{\"@type\":\"Organization\",\"@id\":\"https:\/\/tugliq.com\/en\/#organization\",\"name\":\"Tugliq Energy\",\"url\":\"https:\/\/tugliq.com\/en\/\",\"logo\":{\"@type\":\"ImageObject\",\"inLanguage\":\"en-US\",\"@id\":\"https:\/\/tugliq.com\/en\/#\/schema\/logo\/image\/\",\"url\":\"https:\/\/tugliq.com\/wp-content\/uploads\/2018\/05\/apple-touch-icon.png\",\"contentUrl\":\"https:\/\/tugliq.com\/wp-content\/uploads\/2018\/05\/apple-touch-icon.png\",\"width\":180,\"height\":180,\"caption\":\"Tugliq Energy\"},\"image\":{\"@id\":\"https:\/\/tugliq.com\/en\/#\/schema\/logo\/image\/\"},\"sameAs\":[\"https:\/\/www.linkedin.com\/company\/tugliq-energy-co-\/?originalSubdomain=ca\",\"https:\/\/www.youtube.com\/watch?v=w-wy0xG6CG0\"]}]}<\/script>\n<!-- \/ Yoast SEO plugin. -->","yoast_head_json":{"title":"Careers - Tugliq Energie","description":"TUGLIQ Energy offers each employee the opportunity to be part of making a great difference in the global energy landscape.","robots":{"index":"index","follow":"follow","max-snippet":"max-snippet:-1","max-image-preview":"max-image-preview:large","max-video-preview":"max-video-preview:-1"},"canonical":"https:\/\/tugliq.com\/en\/careers\/","og_locale":"en_US","og_type":"article","og_title":"Careers - Tugliq Energie","og_description":"TUGLIQ Energy offers each employee the opportunity to be part of making a great difference in the global energy landscape.","og_url":"https:\/\/tugliq.com\/en\/careers\/","og_site_name":"Tugliq Energie","article_modified_time":"2025-04-17T13:43:28+00:00","twitter_card":"summary_large_image","twitter_misc":{"Est. reading time":"1 minute"},"schema":{"@context":"https:\/\/schema.org","@graph":[{"@type":"WebPage","@id":"https:\/\/tugliq.com\/en\/careers\/","url":"https:\/\/tugliq.com\/en\/careers\/","name":"Careers - Tugliq Energie","isPartOf":{"@id":"https:\/\/tugliq.com\/en\/#website"},"datePublished":"2018-05-28T16:10:40+00:00","dateModified":"2025-04-17T13:43:28+00:00","description":"TUGLIQ Energy offers each employee the opportunity to be part of making a great difference in the global energy landscape.","breadcrumb":{"@id":"https:\/\/tugliq.com\/en\/careers\/#breadcrumb"},"inLanguage":"en-US","potentialAction":[{"@type":"ReadAction","target":["https:\/\/tugliq.com\/en\/careers\/"]}]},{"@type":"BreadcrumbList","@id":"https:\/\/tugliq.com\/en\/careers\/#breadcrumb","itemListElement":[{"@type":"ListItem","position":1,"name":"Home","item":"https:\/\/tugliq.com\/en\/"},{"@type":"ListItem","position":2,"name":"Careers"}]},{"@type":"WebSite","@id":"https:\/\/tugliq.com\/en\/#website","url":"https:\/\/tugliq.com\/en\/","name":"Tugliq Energie","description":"Solutions \u00e9nerg\u00e9tiques de proximit\u00e9","publisher":{"@id":"https:\/\/tugliq.com\/en\/#organization"},"potentialAction":[{"@type":"SearchAction","target":{"@type":"EntryPoint","urlTemplate":"https:\/\/tugliq.com\/en\/?s={search_term_string}"},"query-input":"required name=search_term_string"}],"inLanguage":"en-US"},{"@type":"Organization","@id":"https:\/\/tugliq.com\/en\/#organization","name":"Tugliq Energy","url":"https:\/\/tugliq.com\/en\/","logo":{"@type":"ImageObject","inLanguage":"en-US","@id":"https:\/\/tugliq.com\/en\/#\/schema\/logo\/image\/","url":"https:\/\/tugliq.com\/wp-content\/uploads\/2018\/05\/apple-touch-icon.png","contentUrl":"https:\/\/tugliq.com\/wp-content\/uploads\/2018\/05\/apple-touch-icon.png","width":180,"height":180,"caption":"Tugliq Energy"},"image":{"@id":"https:\/\/tugliq.com\/en\/#\/schema\/logo\/image\/"},"sameAs":["https:\/\/www.linkedin.com\/company\/tugliq-energy-co-\/?originalSubdomain=ca","https:\/\/www.youtube.com\/watch?v=w-wy0xG6CG0"]}]}},"_links":{"self":[{"href":"https:\/\/tugliq.com\/en\/wp-json\/wp\/v2\/pages\/603"}],"collection":[{"href":"https:\/\/tugliq.com\/en\/wp-json\/wp\/v2\/pages"}],"about":[{"href":"https:\/\/tugliq.com\/en\/wp-json\/wp\/v2\/types\/page"}],"author":[{"embeddable":true,"href":"https:\/\/tugliq.com\/en\/wp-json\/wp\/v2\/users\/10"}],"replies":[{"embeddable":true,"href":"https:\/\/tugliq.com\/en\/wp-json\/wp\/v2\/comments?post=603"}],"version-history":[{"count":11,"href":"https:\/\/tugliq.com\/en\/wp-json\/wp\/v2\/pages\/603\/revisions"}],"predecessor-version":[{"id":3906,"href":"https:\/\/tugliq.com\/en\/wp-json\/wp\/v2\/pages\/603\/revisions\/3906"}],"wp:attachment":[{"href":"https:\/\/tugliq.com\/en\/wp-json\/wp\/v2\/media?parent=603"}],"curies":[{"name":"wp","href":"https:\/\/api.w.org\/{rel}","templated":true}]}}