{"id":606,"date":"2018-05-28T10:32:36","date_gmt":"2018-05-28T14:32:36","guid":{"rendered":"https:\/\/tugliq.com\/?page_id=606"},"modified":"2020-11-06T14:56:45","modified_gmt":"2020-11-06T18:56:45","slug":"partners","status":"publish","type":"page","link":"https:\/\/tugliq.com\/en\/partners\/","title":{"rendered":"Partners"},"content":{"rendered":"<div class=\"wpb-content-wrapper\">[mk_page_section][vc_column][vc_column_text css=&#8221;.vc_custom_1559762156940{margin-bottom: 0px !important;}&#8221;]\n<p style=\"text-align: center;\"><span style=\"font-weight: 400;\">We ensure a partnership that strives for optimal long-term performance and results.\u00a0<\/span><span style=\"font-weight: 400;\">TUGLIQ Energy is always open to new partnerships and investors in its operations and ventures.<\/span><\/p>\n[\/vc_column_text][mk_button dimension=&#8221;flat&#8221; size=&#8221;medium&#8221; url=&#8221;https:\/\/tugliq.com\/en\/contact-us\/&#8221; align=&#8221;center&#8221; el_class=&#8221;primary-button&#8221;]Contact Us[\/mk_button][vc_column_text css=&#8221;.vc_custom_1548097508481{margin-bottom: 0px !important;}&#8221;]\n<p style=\"text-align: center;\"><span style=\"font-weight: 400;\">Thank you to all of our partners who have chosen TUGLIQ Energy.<\/span><\/p>\n[\/vc_column_text][mk_padding_divider size=&#8221;15&#8243;][mk_clients style=&#8221;column&#8221; column=&#8221;5&#8243; count=&#8221;-1&#8243; order=&#8221;DESC&#8221; orderby=&#8221;menu_order&#8221; cover=&#8221;true&#8221; height=&#8221;150&#8243; target=&#8221;_blank&#8221;][\/vc_column][\/mk_page_section][vc_row][\/vc_row][vc_column][\/vc_column][vc_column_text css=&#8221;.vc_custom_1589409861174{margin-bottom: 0px !important;}&#8221;][\/vc_column_text]\n<\/div>","protected":false},"excerpt":{"rendered":"<p>[mk_page_section][vc_column][vc_column_text css=&#8221;.vc_custom_1559762156940{margin-bottom: 0px !important;}&#8221;] We ensure a partnership that strives for optimal long-term performance and results.\u00a0TUGLIQ Energy is always open to new partnerships and investors in its operations and ventures. [\/vc_column_text][mk_button dimension=&#8221;flat&#8221; size=&#8221;medium&#8221; url=&#8221;https:\/\/tugliq.com\/en\/contact-us\/&#8221; align=&#8221;center&#8221; el_class=&#8221;primary-button&#8221;]Contact Us[\/mk_button][vc_column_text css=&#8221;.vc_custom_1548097508481{margin-bottom: 0px !important;}&#8221;] Thank you to all of [&hellip;]<\/p>\n","protected":false},"author":10,"featured_media":0,"parent":0,"menu_order":0,"comment_status":"closed","ping_status":"closed","template":"","meta":{"_acf_changed":false,"footnotes":""},"acf":[],"yoast_head":"<!-- This site is optimized with the Yoast SEO plugin v22.0 - https:\/\/yoast.com\/wordpress\/plugins\/seo\/ -->\n<title>Partners - Tugliq Energie<\/title>\n<meta name=\"description\" content=\"We ensure a partnership that strives for optimal long-term performance and results. TUGLIQ is always open to new partners and investors in its projects.\" \/>\n<meta name=\"robots\" content=\"index, follow, max-snippet:-1, max-image-preview:large, max-video-preview:-1\" \/>\n<link rel=\"canonical\" href=\"https:\/\/tugliq.com\/en\/partners\/\" \/>\n<meta property=\"og:locale\" content=\"en_US\" \/>\n<meta property=\"og:type\" content=\"article\" \/>\n<meta property=\"og:title\" content=\"Partners - Tugliq Energie\" \/>\n<meta property=\"og:description\" content=\"We ensure a partnership that strives for optimal long-term performance and results. TUGLIQ is always open to new partners and investors in its projects.\" \/>\n<meta property=\"og:url\" content=\"https:\/\/tugliq.com\/en\/partners\/\" \/>\n<meta property=\"og:site_name\" content=\"Tugliq Energie\" \/>\n<meta property=\"article:modified_time\" content=\"2020-11-06T18:56:45+00:00\" \/>\n<meta name=\"twitter:card\" content=\"summary_large_image\" \/>\n<meta name=\"twitter:label1\" content=\"Est. reading time\" \/>\n\t<meta name=\"twitter:data1\" content=\"1 minute\" \/>\n<script type=\"application\/ld+json\" class=\"yoast-schema-graph\">{\"@context\":\"https:\/\/schema.org\",\"@graph\":[{\"@type\":\"WebPage\",\"@id\":\"https:\/\/tugliq.com\/en\/partners\/\",\"url\":\"https:\/\/tugliq.com\/en\/partners\/\",\"name\":\"Partners - Tugliq Energie\",\"isPartOf\":{\"@id\":\"https:\/\/tugliq.com\/en\/#website\"},\"datePublished\":\"2018-05-28T14:32:36+00:00\",\"dateModified\":\"2020-11-06T18:56:45+00:00\",\"description\":\"We ensure a partnership that strives for optimal long-term performance and results. TUGLIQ is always open to new partners and investors in its projects.\",\"breadcrumb\":{\"@id\":\"https:\/\/tugliq.com\/en\/partners\/#breadcrumb\"},\"inLanguage\":\"en-US\",\"potentialAction\":[{\"@type\":\"ReadAction\",\"target\":[\"https:\/\/tugliq.com\/en\/partners\/\"]}]},{\"@type\":\"BreadcrumbList\",\"@id\":\"https:\/\/tugliq.com\/en\/partners\/#breadcrumb\",\"itemListElement\":[{\"@type\":\"ListItem\",\"position\":1,\"name\":\"Home\",\"item\":\"https:\/\/tugliq.com\/en\/\"},{\"@type\":\"ListItem\",\"position\":2,\"name\":\"Partners\"}]},{\"@type\":\"WebSite\",\"@id\":\"https:\/\/tugliq.com\/en\/#website\",\"url\":\"https:\/\/tugliq.com\/en\/\",\"name\":\"Tugliq Energie\",\"description\":\"Solutions \u00e9nerg\u00e9tiques de proximit\u00e9\",\"publisher\":{\"@id\":\"https:\/\/tugliq.com\/en\/#organization\"},\"potentialAction\":[{\"@type\":\"SearchAction\",\"target\":{\"@type\":\"EntryPoint\",\"urlTemplate\":\"https:\/\/tugliq.com\/en\/?s={search_term_string}\"},\"query-input\":\"required name=search_term_string\"}],\"inLanguage\":\"en-US\"},{\"@type\":\"Organization\",\"@id\":\"https:\/\/tugliq.com\/en\/#organization\",\"name\":\"Tugliq Energy\",\"url\":\"https:\/\/tugliq.com\/en\/\",\"logo\":{\"@type\":\"ImageObject\",\"inLanguage\":\"en-US\",\"@id\":\"https:\/\/tugliq.com\/en\/#\/schema\/logo\/image\/\",\"url\":\"https:\/\/tugliq.com\/wp-content\/uploads\/2018\/05\/apple-touch-icon.png\",\"contentUrl\":\"https:\/\/tugliq.com\/wp-content\/uploads\/2018\/05\/apple-touch-icon.png\",\"width\":180,\"height\":180,\"caption\":\"Tugliq Energy\"},\"image\":{\"@id\":\"https:\/\/tugliq.com\/en\/#\/schema\/logo\/image\/\"},\"sameAs\":[\"https:\/\/www.linkedin.com\/company\/tugliq-energy-co-\/?originalSubdomain=ca\",\"https:\/\/www.youtube.com\/watch?v=w-wy0xG6CG0\"]}]}<\/script>\n<!-- \/ Yoast SEO plugin. -->","yoast_head_json":{"title":"Partners - Tugliq Energie","description":"We ensure a partnership that strives for optimal long-term performance and results. TUGLIQ is always open to new partners and investors in its projects.","robots":{"index":"index","follow":"follow","max-snippet":"max-snippet:-1","max-image-preview":"max-image-preview:large","max-video-preview":"max-video-preview:-1"},"canonical":"https:\/\/tugliq.com\/en\/partners\/","og_locale":"en_US","og_type":"article","og_title":"Partners - Tugliq Energie","og_description":"We ensure a partnership that strives for optimal long-term performance and results. TUGLIQ is always open to new partners and investors in its projects.","og_url":"https:\/\/tugliq.com\/en\/partners\/","og_site_name":"Tugliq Energie","article_modified_time":"2020-11-06T18:56:45+00:00","twitter_card":"summary_large_image","twitter_misc":{"Est. reading time":"1 minute"},"schema":{"@context":"https:\/\/schema.org","@graph":[{"@type":"WebPage","@id":"https:\/\/tugliq.com\/en\/partners\/","url":"https:\/\/tugliq.com\/en\/partners\/","name":"Partners - Tugliq Energie","isPartOf":{"@id":"https:\/\/tugliq.com\/en\/#website"},"datePublished":"2018-05-28T14:32:36+00:00","dateModified":"2020-11-06T18:56:45+00:00","description":"We ensure a partnership that strives for optimal long-term performance and results. TUGLIQ is always open to new partners and investors in its projects.","breadcrumb":{"@id":"https:\/\/tugliq.com\/en\/partners\/#breadcrumb"},"inLanguage":"en-US","potentialAction":[{"@type":"ReadAction","target":["https:\/\/tugliq.com\/en\/partners\/"]}]},{"@type":"BreadcrumbList","@id":"https:\/\/tugliq.com\/en\/partners\/#breadcrumb","itemListElement":[{"@type":"ListItem","position":1,"name":"Home","item":"https:\/\/tugliq.com\/en\/"},{"@type":"ListItem","position":2,"name":"Partners"}]},{"@type":"WebSite","@id":"https:\/\/tugliq.com\/en\/#website","url":"https:\/\/tugliq.com\/en\/","name":"Tugliq Energie","description":"Solutions \u00e9nerg\u00e9tiques de proximit\u00e9","publisher":{"@id":"https:\/\/tugliq.com\/en\/#organization"},"potentialAction":[{"@type":"SearchAction","target":{"@type":"EntryPoint","urlTemplate":"https:\/\/tugliq.com\/en\/?s={search_term_string}"},"query-input":"required name=search_term_string"}],"inLanguage":"en-US"},{"@type":"Organization","@id":"https:\/\/tugliq.com\/en\/#organization","name":"Tugliq Energy","url":"https:\/\/tugliq.com\/en\/","logo":{"@type":"ImageObject","inLanguage":"en-US","@id":"https:\/\/tugliq.com\/en\/#\/schema\/logo\/image\/","url":"https:\/\/tugliq.com\/wp-content\/uploads\/2018\/05\/apple-touch-icon.png","contentUrl":"https:\/\/tugliq.com\/wp-content\/uploads\/2018\/05\/apple-touch-icon.png","width":180,"height":180,"caption":"Tugliq Energy"},"image":{"@id":"https:\/\/tugliq.com\/en\/#\/schema\/logo\/image\/"},"sameAs":["https:\/\/www.linkedin.com\/company\/tugliq-energy-co-\/?originalSubdomain=ca","https:\/\/www.youtube.com\/watch?v=w-wy0xG6CG0"]}]}},"_links":{"self":[{"href":"https:\/\/tugliq.com\/en\/wp-json\/wp\/v2\/pages\/606"}],"collection":[{"href":"https:\/\/tugliq.com\/en\/wp-json\/wp\/v2\/pages"}],"about":[{"href":"https:\/\/tugliq.com\/en\/wp-json\/wp\/v2\/types\/page"}],"author":[{"embeddable":true,"href":"https:\/\/tugliq.com\/en\/wp-json\/wp\/v2\/users\/10"}],"replies":[{"embeddable":true,"href":"https:\/\/tugliq.com\/en\/wp-json\/wp\/v2\/comments?post=606"}],"version-history":[{"count":9,"href":"https:\/\/tugliq.com\/en\/wp-json\/wp\/v2\/pages\/606\/revisions"}],"predecessor-version":[{"id":3346,"href":"https:\/\/tugliq.com\/en\/wp-json\/wp\/v2\/pages\/606\/revisions\/3346"}],"wp:attachment":[{"href":"https:\/\/tugliq.com\/en\/wp-json\/wp\/v2\/media?parent=606"}],"curies":[{"name":"wp","href":"https:\/\/api.w.org\/{rel}","templated":true}]}}