{"id":657,"date":"2018-05-25T14:09:50","date_gmt":"2018-05-25T18:09:50","guid":{"rendered":"https:\/\/tugliq.com\/?page_id=657"},"modified":"2020-11-06T14:36:54","modified_gmt":"2020-11-06T18:36:54","slug":"mission-and-values","status":"publish","type":"page","link":"https:\/\/tugliq.com\/en\/mission-and-values\/","title":{"rendered":"Mission and values"},"content":{"rendered":"<div class=\"wpb-content-wrapper\">[mk_page_section][vc_column][mk_fancy_title size=&#8221;40&#8243; font_weight=&#8221;200&#8243; txt_transform=&#8221;uppercase&#8221; margin_bottom=&#8221;0&#8243; font_family=&#8221;none&#8221; el_class=&#8221;color-secondary&#8221;]Founder&#8217;s\u00a0<strong>Words<\/strong>[\/mk_fancy_title][mk_divider style=&#8221;thin_solid&#8221; divider_width=&#8221;custom_width&#8221; custom_width=&#8221;86&#8243; align=&#8221;left&#8221; thickness=&#8221;5&#8243; margin_top=&#8221;0&#8243; margin_bottom=&#8221;40&#8243; el_class=&#8221;divider-primary&#8221;][vc_row_inner][vc_column_inner width=&#8221;2\/6&#8243;][mk_image src=&#8221;https:\/\/tugliq.com\/wp-content\/uploads\/2020\/10\/pierre-rivard-founder-tugliq.jpg&#8221; image_size=&#8221;full&#8221;][\/vc_column_inner][vc_column_inner width=&#8221;4\/6&#8243;][vc_column_text css=&#8221;.vc_custom_1559761797814{margin-bottom: 0px !important;}&#8221;]TUGLIQ, \u201cthe next one\u201d in Inuktituk, conveys \u201cproximity energy\u201d and \u201cenergy of the future\u201d.<\/p>\n<p>TUGLIQ offers cost-effective, leading-edge alternatives to diesel and heavy fuel oil, focusing on islanded microgrids in remote regions, where climate change exerts a heavier toll on communities and on the environment.<\/p>\n<p>Oil is a wonderful liquid, that must be conserved for future generations as a raw material for plastics, tires, and other manufactured goods essential to modern daily life.<\/p>\n<p>It should not be burnt in the air, nor leaked to water, nor ingested in lungs.<br \/>\nAir and water quality affects every one, be they rich or poor, first nations or new immigrants, within or beyond frontiers.<\/p>\n<p>TUGLIQ\u2019s mission of replacing oil with more sustainable alternatives is worthy of our best talent and best years, so that we can pass onto the next generation(s) a better world than we were born into.<\/p>\n<p>&nbsp;<\/p>\n<p style=\"text-align: right; color: #000;\">\u2014 Pierre Rivard<\/p>\n[\/vc_column_text][\/vc_column_inner][\/vc_row_inner][\/vc_column][\/mk_page_section][mk_page_section][vc_column][vc_column_text css=&#8221;.vc_custom_1531855585537{margin-bottom: 0px !important;}&#8221;]\n<h3>Our Mission<\/h3>\n<p><span style=\"font-weight: 400;\">To replace fossil fuels with local energy sources, decreasing carbon footprint while increasing regional benefits. We are committed to supplying affordable energy to the most remote locations on the planet.<\/span><\/p>\n<p>&nbsp;<\/p>\n<h3>Our Vision<\/h3>\n<p><span style=\"font-weight: 400;\">To bring autonomous hybrid networks to the next level and pave the way to 100% renewable energy. To deliver competitive solutions against conventional energy sources while ensuring the same level of reliability.<\/span><\/p>\n<p>&nbsp;<\/p>\n<h3>Our Values<\/h3>\n<ul>\n<li style=\"font-weight: 400;\"><i><span style=\"font-weight: 400;\">Listening,<\/span><\/i><span style=\"font-weight: 400;\">\u00a0<\/span><i><span style=\"font-weight: 400;\">learning and<\/span><\/i><span style=\"font-weight: 400;\"> <i>respecting. <\/i>We value the communities we engage, their\u00a0environment and traditional knowledge.<\/span><\/li>\n<li><i><span style=\"font-weight: 400;\">Sustainability.<\/span><\/i><span style=\"font-weight: 400;\"> We ensure long-lasting solutions.<\/span><\/li>\n<li><i><span style=\"font-weight: 400;\">Innovation. <\/span><\/i><span style=\"font-weight: 400;\">We<\/span><span style=\"font-weight: 400;\">\u00a0deliver solutions with the best-fit technology.<\/span><\/li>\n<li><i><span style=\"font-weight: 400;\">Performance.<\/span><\/i><span style=\"font-weight: 400;\"> We guarantee quality, efficiency and commitment.<\/span><\/li>\n<\/ul>\n[\/vc_column_text][\/vc_column][\/mk_page_section][vc_column][\/vc_column]\n<\/div>","protected":false},"excerpt":{"rendered":"<p>[mk_page_section][vc_column][mk_fancy_title size=&#8221;40&#8243; font_weight=&#8221;200&#8243; txt_transform=&#8221;uppercase&#8221; margin_bottom=&#8221;0&#8243; font_family=&#8221;none&#8221; el_class=&#8221;color-secondary&#8221;]Founder&#8217;s\u00a0Words[\/mk_fancy_title][mk_divider style=&#8221;thin_solid&#8221; divider_width=&#8221;custom_width&#8221; custom_width=&#8221;86&#8243; align=&#8221;left&#8221; thickness=&#8221;5&#8243; margin_top=&#8221;0&#8243; margin_bottom=&#8221;40&#8243; el_class=&#8221;divider-primary&#8221;][vc_row_inner][vc_column_inner width=&#8221;2\/6&#8243;][mk_image src=&#8221;https:\/\/tugliq.com\/wp-content\/uploads\/2020\/10\/pierre-rivard-founder-tugliq.jpg&#8221; image_size=&#8221;full&#8221;][\/vc_column_inner][vc_column_inner width=&#8221;4\/6&#8243;][vc_column_text css=&#8221;.vc_custom_1559761797814{margin-bottom: 0px !important;}&#8221;]TUGLIQ, \u201cthe next one\u201d in Inuktituk, conveys \u201cproximity energy\u201d and \u201cenergy of the future\u201d. TUGLIQ offers cost-effective, leading-edge alternatives to diesel and heavy fuel [&hellip;]<\/p>\n","protected":false},"author":10,"featured_media":0,"parent":0,"menu_order":0,"comment_status":"closed","ping_status":"closed","template":"","meta":{"_acf_changed":false,"footnotes":""},"acf":[],"yoast_head":"<!-- This site is optimized with the Yoast SEO plugin v22.0 - https:\/\/yoast.com\/wordpress\/plugins\/seo\/ -->\n<title>Mission and values - Tugliq Energie<\/title>\n<meta name=\"description\" content=\"TUGLIQ offers cost-effective, leading-edge alternatives to diesel and heavy fuel oil, focusing on islanded microgrids in remote regions.\" \/>\n<meta name=\"robots\" content=\"index, follow, max-snippet:-1, max-image-preview:large, max-video-preview:-1\" \/>\n<link rel=\"canonical\" href=\"https:\/\/tugliq.com\/en\/mission-and-values\/\" \/>\n<meta property=\"og:locale\" content=\"en_US\" \/>\n<meta property=\"og:type\" content=\"article\" \/>\n<meta property=\"og:title\" content=\"Mission and values - Tugliq Energie\" \/>\n<meta property=\"og:description\" content=\"TUGLIQ offers cost-effective, leading-edge alternatives to diesel and heavy fuel oil, focusing on islanded microgrids in remote regions.\" \/>\n<meta property=\"og:url\" content=\"https:\/\/tugliq.com\/en\/mission-and-values\/\" \/>\n<meta property=\"og:site_name\" content=\"Tugliq Energie\" \/>\n<meta property=\"article:modified_time\" content=\"2020-11-06T18:36:54+00:00\" \/>\n<meta name=\"twitter:card\" content=\"summary_large_image\" \/>\n<meta name=\"twitter:label1\" content=\"Est. reading time\" \/>\n\t<meta name=\"twitter:data1\" content=\"2 minutes\" \/>\n<script type=\"application\/ld+json\" class=\"yoast-schema-graph\">{\"@context\":\"https:\/\/schema.org\",\"@graph\":[{\"@type\":\"WebPage\",\"@id\":\"https:\/\/tugliq.com\/en\/mission-and-values\/\",\"url\":\"https:\/\/tugliq.com\/en\/mission-and-values\/\",\"name\":\"Mission and values - Tugliq Energie\",\"isPartOf\":{\"@id\":\"https:\/\/tugliq.com\/en\/#website\"},\"datePublished\":\"2018-05-25T18:09:50+00:00\",\"dateModified\":\"2020-11-06T18:36:54+00:00\",\"description\":\"TUGLIQ offers cost-effective, leading-edge alternatives to diesel and heavy fuel oil, focusing on islanded microgrids in remote regions.\",\"breadcrumb\":{\"@id\":\"https:\/\/tugliq.com\/en\/mission-and-values\/#breadcrumb\"},\"inLanguage\":\"en-US\",\"potentialAction\":[{\"@type\":\"ReadAction\",\"target\":[\"https:\/\/tugliq.com\/en\/mission-and-values\/\"]}]},{\"@type\":\"BreadcrumbList\",\"@id\":\"https:\/\/tugliq.com\/en\/mission-and-values\/#breadcrumb\",\"itemListElement\":[{\"@type\":\"ListItem\",\"position\":1,\"name\":\"Home\",\"item\":\"https:\/\/tugliq.com\/en\/\"},{\"@type\":\"ListItem\",\"position\":2,\"name\":\"Mission and values\"}]},{\"@type\":\"WebSite\",\"@id\":\"https:\/\/tugliq.com\/en\/#website\",\"url\":\"https:\/\/tugliq.com\/en\/\",\"name\":\"Tugliq Energie\",\"description\":\"Solutions \u00e9nerg\u00e9tiques de proximit\u00e9\",\"publisher\":{\"@id\":\"https:\/\/tugliq.com\/en\/#organization\"},\"potentialAction\":[{\"@type\":\"SearchAction\",\"target\":{\"@type\":\"EntryPoint\",\"urlTemplate\":\"https:\/\/tugliq.com\/en\/?s={search_term_string}\"},\"query-input\":\"required name=search_term_string\"}],\"inLanguage\":\"en-US\"},{\"@type\":\"Organization\",\"@id\":\"https:\/\/tugliq.com\/en\/#organization\",\"name\":\"Tugliq Energy\",\"url\":\"https:\/\/tugliq.com\/en\/\",\"logo\":{\"@type\":\"ImageObject\",\"inLanguage\":\"en-US\",\"@id\":\"https:\/\/tugliq.com\/en\/#\/schema\/logo\/image\/\",\"url\":\"https:\/\/tugliq.com\/wp-content\/uploads\/2018\/05\/apple-touch-icon.png\",\"contentUrl\":\"https:\/\/tugliq.com\/wp-content\/uploads\/2018\/05\/apple-touch-icon.png\",\"width\":180,\"height\":180,\"caption\":\"Tugliq Energy\"},\"image\":{\"@id\":\"https:\/\/tugliq.com\/en\/#\/schema\/logo\/image\/\"},\"sameAs\":[\"https:\/\/www.linkedin.com\/company\/tugliq-energy-co-\/?originalSubdomain=ca\",\"https:\/\/www.youtube.com\/watch?v=w-wy0xG6CG0\"]}]}<\/script>\n<!-- \/ Yoast SEO plugin. -->","yoast_head_json":{"title":"Mission and values - Tugliq Energie","description":"TUGLIQ offers cost-effective, leading-edge alternatives to diesel and heavy fuel oil, focusing on islanded microgrids in remote regions.","robots":{"index":"index","follow":"follow","max-snippet":"max-snippet:-1","max-image-preview":"max-image-preview:large","max-video-preview":"max-video-preview:-1"},"canonical":"https:\/\/tugliq.com\/en\/mission-and-values\/","og_locale":"en_US","og_type":"article","og_title":"Mission and values - Tugliq Energie","og_description":"TUGLIQ offers cost-effective, leading-edge alternatives to diesel and heavy fuel oil, focusing on islanded microgrids in remote regions.","og_url":"https:\/\/tugliq.com\/en\/mission-and-values\/","og_site_name":"Tugliq Energie","article_modified_time":"2020-11-06T18:36:54+00:00","twitter_card":"summary_large_image","twitter_misc":{"Est. reading time":"2 minutes"},"schema":{"@context":"https:\/\/schema.org","@graph":[{"@type":"WebPage","@id":"https:\/\/tugliq.com\/en\/mission-and-values\/","url":"https:\/\/tugliq.com\/en\/mission-and-values\/","name":"Mission and values - Tugliq Energie","isPartOf":{"@id":"https:\/\/tugliq.com\/en\/#website"},"datePublished":"2018-05-25T18:09:50+00:00","dateModified":"2020-11-06T18:36:54+00:00","description":"TUGLIQ offers cost-effective, leading-edge alternatives to diesel and heavy fuel oil, focusing on islanded microgrids in remote regions.","breadcrumb":{"@id":"https:\/\/tugliq.com\/en\/mission-and-values\/#breadcrumb"},"inLanguage":"en-US","potentialAction":[{"@type":"ReadAction","target":["https:\/\/tugliq.com\/en\/mission-and-values\/"]}]},{"@type":"BreadcrumbList","@id":"https:\/\/tugliq.com\/en\/mission-and-values\/#breadcrumb","itemListElement":[{"@type":"ListItem","position":1,"name":"Home","item":"https:\/\/tugliq.com\/en\/"},{"@type":"ListItem","position":2,"name":"Mission and values"}]},{"@type":"WebSite","@id":"https:\/\/tugliq.com\/en\/#website","url":"https:\/\/tugliq.com\/en\/","name":"Tugliq Energie","description":"Solutions \u00e9nerg\u00e9tiques de proximit\u00e9","publisher":{"@id":"https:\/\/tugliq.com\/en\/#organization"},"potentialAction":[{"@type":"SearchAction","target":{"@type":"EntryPoint","urlTemplate":"https:\/\/tugliq.com\/en\/?s={search_term_string}"},"query-input":"required name=search_term_string"}],"inLanguage":"en-US"},{"@type":"Organization","@id":"https:\/\/tugliq.com\/en\/#organization","name":"Tugliq Energy","url":"https:\/\/tugliq.com\/en\/","logo":{"@type":"ImageObject","inLanguage":"en-US","@id":"https:\/\/tugliq.com\/en\/#\/schema\/logo\/image\/","url":"https:\/\/tugliq.com\/wp-content\/uploads\/2018\/05\/apple-touch-icon.png","contentUrl":"https:\/\/tugliq.com\/wp-content\/uploads\/2018\/05\/apple-touch-icon.png","width":180,"height":180,"caption":"Tugliq Energy"},"image":{"@id":"https:\/\/tugliq.com\/en\/#\/schema\/logo\/image\/"},"sameAs":["https:\/\/www.linkedin.com\/company\/tugliq-energy-co-\/?originalSubdomain=ca","https:\/\/www.youtube.com\/watch?v=w-wy0xG6CG0"]}]}},"_links":{"self":[{"href":"https:\/\/tugliq.com\/en\/wp-json\/wp\/v2\/pages\/657"}],"collection":[{"href":"https:\/\/tugliq.com\/en\/wp-json\/wp\/v2\/pages"}],"about":[{"href":"https:\/\/tugliq.com\/en\/wp-json\/wp\/v2\/types\/page"}],"author":[{"embeddable":true,"href":"https:\/\/tugliq.com\/en\/wp-json\/wp\/v2\/users\/10"}],"replies":[{"embeddable":true,"href":"https:\/\/tugliq.com\/en\/wp-json\/wp\/v2\/comments?post=657"}],"version-history":[{"count":9,"href":"https:\/\/tugliq.com\/en\/wp-json\/wp\/v2\/pages\/657\/revisions"}],"predecessor-version":[{"id":2974,"href":"https:\/\/tugliq.com\/en\/wp-json\/wp\/v2\/pages\/657\/revisions\/2974"}],"wp:attachment":[{"href":"https:\/\/tugliq.com\/en\/wp-json\/wp\/v2\/media?parent=657"}],"curies":[{"name":"wp","href":"https:\/\/api.w.org\/{rel}","templated":true}]}}