{"id":843,"date":"2018-05-28T10:03:42","date_gmt":"2018-05-28T14:03:42","guid":{"rendered":"https:\/\/tugliq.com\/?page_id=843"},"modified":"2020-11-06T15:22:14","modified_gmt":"2020-11-06T19:22:14","slug":"solutions","status":"publish","type":"page","link":"https:\/\/tugliq.com\/en\/solutions\/","title":{"rendered":"Solutions"},"content":{"rendered":"<div class=\"wpb-content-wrapper\">[vc_row][vc_column][vc_column_text align=&#8221;center&#8221; css=&#8221;.vc_custom_1559763633340{margin-bottom: 0px !important;}&#8221;]<span style=\"font-weight: 400;\">TUGLIQ Energy is an independent power producer. We engage in each individual project from the very first designs until the end of its operational contract. Our services are flexible and designed to provide clients with turnkey solutions. TUGLIQ develops both electrification of new microgrid systems as well as renewable energy solutions that can be integrated into existing networks.<\/span>[\/vc_column_text][\/vc_column][\/vc_row][mk_page_section][vc_column][mk_padding_divider visibility=&#8221;hidden-sm&#8221;][vc_row_inner][vc_column_inner width=&#8221;1\/3&#8243;][mk_fancy_title size=&#8221;20&#8243; font_weight=&#8221;bold&#8221; txt_transform=&#8221;uppercase&#8221; margin_bottom=&#8221;0&#8243; font_family=&#8221;none&#8221; align=&#8221;center&#8221; el_class=&#8221;color-secondary&#8221;]On grid[\/mk_fancy_title][mk_image src=&#8221;https:\/\/tugliq.com\/wp-content\/uploads\/2020\/11\/ongrid.jpg&#8221;][vc_column_text css=&#8221;.vc_custom_1531948175382{margin-bottom: 0px !important;}&#8221;]\n<p style=\"text-align: center;\"><span style=\"font-weight: 400;\">TUGLIQ develops solutions to be integrated into existing grids, maximizing returns and benefits while ensuring full compliance.<\/span><\/p>\n[\/vc_column_text][\/vc_column_inner][vc_column_inner width=&#8221;1\/3&#8243;][mk_fancy_title size=&#8221;20&#8243; font_weight=&#8221;bold&#8221; txt_transform=&#8221;uppercase&#8221; margin_bottom=&#8221;0&#8243; font_family=&#8221;none&#8221; align=&#8221;center&#8221; el_class=&#8221;color-secondary&#8221;]Off grid[\/mk_fancy_title][mk_image src=&#8221;https:\/\/tugliq.com\/wp-content\/uploads\/2020\/11\/off-grid.jpg&#8221;][vc_column_text css=&#8221;.vc_custom_1531948217112{margin-bottom: 0px !important;}&#8221;]\n<p style=\"text-align: center;\"><span style=\"font-weight: 400;\">Hybrid solutions are adapted to the most economic level of integration of intermittent sources of energy. While a low penetration system will directly inject renewable energy into the microgrid, a high penetration system requires installation of an energy storage system. Microgrid controllers will ensure the optimal dispatch of energy from all generating sources.<\/span><\/p>\n[\/vc_column_text][\/vc_column_inner][vc_column_inner width=&#8221;1\/3&#8243;][mk_fancy_title size=&#8221;20&#8243; font_weight=&#8221;bold&#8221; txt_transform=&#8221;uppercase&#8221; margin_bottom=&#8221;0&#8243; font_family=&#8221;none&#8221; align=&#8221;center&#8221; el_class=&#8221;color-secondary&#8221;]Autonomous Power Supply[\/mk_fancy_title][mk_image src=&#8221;https:\/\/tugliq.com\/wp-content\/uploads\/2020\/11\/autonomous.jpg&#8221;][vc_column_text css=&#8221;.vc_custom_1531860406817{margin-bottom: 0px !important;}&#8221;]\n<p style=\"text-align: center;\"><span style=\"font-weight: 400;\">Small scale solutions that are easily applicable even in the most secluded locations. Ideal for temporary installations, low load applications or individual households and small buildings. Batteries and controllers are included in an entirely autonomous system that is quickly deployable.\u00a0<\/span><\/p>\n[\/vc_column_text][\/vc_column_inner][\/vc_row_inner][\/vc_column][\/mk_page_section][mk_page_section section_id=&#8221;services&#8221; el_class=&#8221;background-secondary steps-section&#8221; sidebar=&#8221;sidebar-1&#8243;][vc_column][vc_row_inner][vc_column_inner width=&#8221;1\/3&#8243;][mk_fancy_title color=&#8221;#ffffff&#8221; size=&#8221;35&#8243; force_font_size=&#8221;true&#8221; size_phone=&#8221;24&#8243; font_weight=&#8221;300&#8243; txt_transform=&#8221;uppercase&#8221; margin_bottom=&#8221;0&#8243; font_family=&#8221;none&#8221; align=&#8221;center&#8221;]Development[\/mk_fancy_title]<div class='timeline-element timeline-primary'><div class='timeline-bullet'><\/div><div class='timeline-vertical-border'><\/div><div class='timeline-bottom-border'><\/div><\/div>[vc_column_text align=&#8221;center&#8221; css=&#8221;.vc_custom_1531343866205{margin-bottom: 0px !important;}&#8221;]\n<h3>Upstream Services<\/h3>\n<ul>\n<li><span style=\"font-weight: 400;\">Conceptual Designs, Pre-feasibility and Feasibility Studies<\/span><\/li>\n<li>Acquiring Permits<\/li>\n<li>Power Purchase Agreements (PPA)<\/li>\n<li>Financing and Legal Aspects<\/li>\n<li>Surveying and Geotechnical Services<\/li>\n<li>Financial Modeling<\/li>\n<\/ul>\n[\/vc_column_text][\/vc_column_inner][vc_column_inner width=&#8221;1\/3&#8243;][mk_fancy_title color=&#8221;#ffffff&#8221; size=&#8221;35&#8243; force_font_size=&#8221;true&#8221; size_phone=&#8221;24&#8243; font_weight=&#8221;300&#8243; txt_transform=&#8221;uppercase&#8221; margin_bottom=&#8221;0&#8243; font_family=&#8221;none&#8221; align=&#8221;center&#8221;]Construction[\/mk_fancy_title]<div class='timeline-element timeline-primary'><div class='timeline-bullet'><\/div><div class='timeline-vertical-border'><\/div><div class='timeline-bottom-border'><\/div><\/div>[vc_column_text align=&#8221;center&#8221; css=&#8221;.vc_custom_1531344914289{margin-bottom: 0px !important;}&#8221;]\n<h3>EPC Services<\/h3>\n<ul>\n<li><span style=\"font-weight: 400;\">Project Management<\/span><\/li>\n<li>Project Execution Plan (PEP)<\/li>\n<li>Logistics<\/li>\n<li>Grid Integration<\/li>\n<li>Operating Strategy<\/li>\n<li>Site Preparation and Foundation Work<\/li>\n<li>Equipment Installation<\/li>\n<li>Electrical Work and Grid Connection<\/li>\n<li>Testing and Commissioning<\/li>\n<\/ul>\n[\/vc_column_text][\/vc_column_inner][vc_column_inner width=&#8221;1\/3&#8243;][mk_fancy_title color=&#8221;#ffffff&#8221; size=&#8221;35&#8243; force_font_size=&#8221;true&#8221; size_phone=&#8221;24&#8243; font_weight=&#8221;300&#8243; txt_transform=&#8221;uppercase&#8221; margin_bottom=&#8221;0&#8243; font_family=&#8221;none&#8221; align=&#8221;center&#8221;]Operation[\/mk_fancy_title]<div class='timeline-element timeline-primary'><div class='timeline-bullet'><\/div><div class='timeline-vertical-border'><\/div><div class='timeline-bottom-border'><\/div><\/div>[vc_column_text align=&#8221;center&#8221; css=&#8221;.vc_custom_1531345157882{margin-bottom: 0px !important;}&#8221;]\n<h3>Our Operation and Maintenance Services<\/h3>\n<ul>\n<li><span style=\"font-weight: 400;\">Daily Operations<\/span><\/li>\n<li><span style=\"font-weight: 400;\">Preventive and Reactive Maintenance<\/span><\/li>\n<li>Technical Inspections<\/li>\n<li>Remote Monitoring<\/li>\n<li>Performance Reports<\/li>\n<\/ul>\n<p>&nbsp;<\/p>\n[\/vc_column_text][\/vc_column_inner][\/vc_row_inner][\/vc_column][\/mk_page_section][vc_row id=&#8221;solutions&#8221;][vc_column][vc_row_inner][vc_column_inner][mk_padding_divider size=&#8221;30&#8243;][\/vc_column_inner][\/vc_row_inner][vc_row_inner el_id=&#8221;solutions&#8221;][vc_column_inner width=&#8221;1\/4&#8243;]<div class=\"vtx-icone align-center \"><a href=\"https:\/\/tugliq.com\/en\/solar\/\"><span class=\"ico ico-solaire\"><\/span><\/a><\/div>[mk_fancy_title color=&#8221;#333333&#8243; size=&#8221;17&#8243; font_weight=&#8221;bold&#8221; txt_transform=&#8221;uppercase&#8221; margin_top=&#8221;25&#8243; margin_bottom=&#8221;0&#8243; font_family=&#8221;none&#8221; align=&#8221;center&#8221;]<a href=\"https:\/\/tugliq.com\/en\/solar\/\">solar<\/a>[\/mk_fancy_title][vc_column_text disable_pattern=&#8221;false&#8221; align=&#8221;center&#8221; css=&#8221;.vc_custom_1531948402028{margin-bottom: 0px !important;}&#8221;]High irradiance locations and increasingly affordable PV modules place solar energy as a highly considered low cost, rapid deployment alternative energy source.[\/vc_column_text][mk_padding_divider size=&#8221;30&#8243;][\/vc_column_inner][vc_column_inner width=&#8221;1\/4&#8243;]<div class=\"vtx-icone align-center \"><a href=\"https:\/\/tugliq.com\/en\/wind\/\"><span class=\"ico ico-eolien\"><\/span><\/a><\/div>[mk_fancy_title color=&#8221;#727272&#8243; size=&#8221;17&#8243; font_weight=&#8221;bold&#8221; txt_transform=&#8221;uppercase&#8221; margin_top=&#8221;25&#8243; margin_bottom=&#8221;0&#8243; font_family=&#8221;none&#8221; align=&#8221;center&#8221;]<a href=\"https:\/\/tugliq.com\/en\/wind\/\">Wind<\/a>[\/mk_fancy_title][vc_column_text disable_pattern=&#8221;false&#8221; align=&#8221;center&#8221; css=&#8221;.vc_custom_1531948393738{margin-bottom: 0px !important;}&#8221;]Harnessing the power of wind to meet energy needs effectively and responsibly. High altitudes, coastlines and low air temperatures \u00a0provide favorable conditions for wind energy generation.[\/vc_column_text][mk_padding_divider size=&#8221;30&#8243;][\/vc_column_inner][vc_column_inner width=&#8221;1\/4&#8243;]<div class=\"vtx-icone align-center \"><a href=\"https:\/\/tugliq.com\/en\/storage\/\"><span class=\"ico ico-stockage\"><\/span><\/a><\/div>[mk_fancy_title color=&#8221;#727272&#8243; size=&#8221;17&#8243; font_weight=&#8221;bold&#8221; txt_transform=&#8221;uppercase&#8221; margin_top=&#8221;25&#8243; margin_bottom=&#8221;0&#8243; font_family=&#8221;none&#8221; align=&#8221;center&#8221;]<a href=\"https:\/\/tugliq.com\/en\/stockage\/\">Storage<\/a>[\/mk_fancy_title][vc_column_text disable_pattern=&#8221;false&#8221; align=&#8221;center&#8221; css=&#8221;.vc_custom_1531948386174{margin-bottom: 0px !important;}&#8221;]\n<div class=\" vc_custom_1531335632790\">\n<div id=\"text-block-24\" class=\"mk-text-block \">\n<p>TUGLIQ brings together a broad range of experience in energy storage solutions ensuring seamless integration, grid resilience and ease of operation for hybrid systems.<\/p>\n<div class=\"clearboth\"><\/div>\n<\/div>\n<\/div>\n[\/vc_column_text][mk_padding_divider size=&#8221;30&#8243;][\/vc_column_inner][vc_column_inner width=&#8221;1\/4&#8243;]<div class=\"vtx-icone align-center \"><a href=\"https:\/\/tugliq.com\/en\/biomass\/\"><span class=\"ico ico-biomasse\"><\/span><\/a><\/div>[mk_fancy_title color=&#8221;#727272&#8243; size=&#8221;17&#8243; font_weight=&#8221;bold&#8221; txt_transform=&#8221;uppercase&#8221; margin_top=&#8221;25&#8243; margin_bottom=&#8221;0&#8243; font_family=&#8221;none&#8221; align=&#8221;center&#8221;]<a href=\"https:\/\/tugliq.com\/en\/biomass\/\">Biomass<\/a>[\/mk_fancy_title][vc_column_text disable_pattern=&#8221;false&#8221; align=&#8221;center&#8221; css=&#8221;.vc_custom_1531948376008{margin-bottom: 0px !important;}&#8221;]Residue organic matter and solid waste provide valuable energy for base load supply as a stand-alone or to complement other intermittent sources.[\/vc_column_text][mk_padding_divider size=&#8221;30&#8243;][\/vc_column_inner][\/vc_row_inner][\/vc_column][\/vc_row][vc_column][\/vc_column][vc_column_text css=&#8221;.vc_custom_1567525980951{margin-bottom: 0px !important;}&#8221;]\n<p style=\"text-align: right;\">Icons made by <a title=\"Freepik\" href=\"https:\/\/www.freepik.com\/\">Freepik<\/a> from <a title=\"Flaticon\" href=\"https:\/\/www.flaticon.com\/\">www.flaticon.com<\/a> is licensed by <a title=\"Creative Commons BY 3.0\" href=\"http:\/\/creativecommons.org\/licenses\/by\/3.0\/\" target=\"_blank\" rel=\"noopener\">CC 3.0 BY<\/a><\/p>\n[\/vc_column_text]\n<\/div>","protected":false},"excerpt":{"rendered":"<p>[vc_row][vc_column][vc_column_text align=&#8221;center&#8221; css=&#8221;.vc_custom_1559763633340{margin-bottom: 0px !important;}&#8221;]TUGLIQ Energy is an independent power producer. We engage in each individual project from the very first designs until the end of its operational contract. Our services are flexible and designed to provide clients with turnkey solutions. TUGLIQ develops both electrification [&hellip;]<\/p>\n","protected":false},"author":10,"featured_media":0,"parent":0,"menu_order":0,"comment_status":"closed","ping_status":"closed","template":"","meta":{"_acf_changed":false,"footnotes":""},"acf":[],"yoast_head":"<!-- This site is optimized with the Yoast SEO plugin v22.0 - https:\/\/yoast.com\/wordpress\/plugins\/seo\/ -->\n<title>Solutions - Tugliq Energie<\/title>\n<meta name=\"description\" content=\"TUGLIQ Energy is an independent power producer. We engage in each individual project from the very first designs until the end of its operational contract.\" \/>\n<meta name=\"robots\" content=\"index, follow, max-snippet:-1, max-image-preview:large, max-video-preview:-1\" \/>\n<link rel=\"canonical\" href=\"https:\/\/tugliq.com\/en\/solutions\/\" \/>\n<meta property=\"og:locale\" content=\"en_US\" \/>\n<meta property=\"og:type\" content=\"article\" \/>\n<meta property=\"og:title\" content=\"Solutions - Tugliq Energie\" \/>\n<meta property=\"og:description\" content=\"TUGLIQ Energy is an independent power producer. We engage in each individual project from the very first designs until the end of its operational contract.\" \/>\n<meta property=\"og:url\" content=\"https:\/\/tugliq.com\/en\/solutions\/\" \/>\n<meta property=\"og:site_name\" content=\"Tugliq Energie\" \/>\n<meta property=\"article:modified_time\" content=\"2020-11-06T19:22:14+00:00\" \/>\n<meta name=\"twitter:card\" content=\"summary_large_image\" \/>\n<meta name=\"twitter:label1\" content=\"Est. reading time\" \/>\n\t<meta name=\"twitter:data1\" content=\"5 minutes\" \/>\n<script type=\"application\/ld+json\" class=\"yoast-schema-graph\">{\"@context\":\"https:\/\/schema.org\",\"@graph\":[{\"@type\":\"WebPage\",\"@id\":\"https:\/\/tugliq.com\/en\/solutions\/\",\"url\":\"https:\/\/tugliq.com\/en\/solutions\/\",\"name\":\"Solutions - Tugliq Energie\",\"isPartOf\":{\"@id\":\"https:\/\/tugliq.com\/en\/#website\"},\"datePublished\":\"2018-05-28T14:03:42+00:00\",\"dateModified\":\"2020-11-06T19:22:14+00:00\",\"description\":\"TUGLIQ Energy is an independent power producer. We engage in each individual project from the very first designs until the end of its operational contract.\",\"breadcrumb\":{\"@id\":\"https:\/\/tugliq.com\/en\/solutions\/#breadcrumb\"},\"inLanguage\":\"en-US\",\"potentialAction\":[{\"@type\":\"ReadAction\",\"target\":[\"https:\/\/tugliq.com\/en\/solutions\/\"]}]},{\"@type\":\"BreadcrumbList\",\"@id\":\"https:\/\/tugliq.com\/en\/solutions\/#breadcrumb\",\"itemListElement\":[{\"@type\":\"ListItem\",\"position\":1,\"name\":\"Home\",\"item\":\"https:\/\/tugliq.com\/en\/\"},{\"@type\":\"ListItem\",\"position\":2,\"name\":\"Solutions\"}]},{\"@type\":\"WebSite\",\"@id\":\"https:\/\/tugliq.com\/en\/#website\",\"url\":\"https:\/\/tugliq.com\/en\/\",\"name\":\"Tugliq Energie\",\"description\":\"Solutions \u00e9nerg\u00e9tiques de proximit\u00e9\",\"publisher\":{\"@id\":\"https:\/\/tugliq.com\/en\/#organization\"},\"potentialAction\":[{\"@type\":\"SearchAction\",\"target\":{\"@type\":\"EntryPoint\",\"urlTemplate\":\"https:\/\/tugliq.com\/en\/?s={search_term_string}\"},\"query-input\":\"required name=search_term_string\"}],\"inLanguage\":\"en-US\"},{\"@type\":\"Organization\",\"@id\":\"https:\/\/tugliq.com\/en\/#organization\",\"name\":\"Tugliq Energy\",\"url\":\"https:\/\/tugliq.com\/en\/\",\"logo\":{\"@type\":\"ImageObject\",\"inLanguage\":\"en-US\",\"@id\":\"https:\/\/tugliq.com\/en\/#\/schema\/logo\/image\/\",\"url\":\"https:\/\/tugliq.com\/wp-content\/uploads\/2018\/05\/apple-touch-icon.png\",\"contentUrl\":\"https:\/\/tugliq.com\/wp-content\/uploads\/2018\/05\/apple-touch-icon.png\",\"width\":180,\"height\":180,\"caption\":\"Tugliq Energy\"},\"image\":{\"@id\":\"https:\/\/tugliq.com\/en\/#\/schema\/logo\/image\/\"},\"sameAs\":[\"https:\/\/www.linkedin.com\/company\/tugliq-energy-co-\/?originalSubdomain=ca\",\"https:\/\/www.youtube.com\/watch?v=w-wy0xG6CG0\"]}]}<\/script>\n<!-- \/ Yoast SEO plugin. -->","yoast_head_json":{"title":"Solutions - Tugliq Energie","description":"TUGLIQ Energy is an independent power producer. We engage in each individual project from the very first designs until the end of its operational contract.","robots":{"index":"index","follow":"follow","max-snippet":"max-snippet:-1","max-image-preview":"max-image-preview:large","max-video-preview":"max-video-preview:-1"},"canonical":"https:\/\/tugliq.com\/en\/solutions\/","og_locale":"en_US","og_type":"article","og_title":"Solutions - Tugliq Energie","og_description":"TUGLIQ Energy is an independent power producer. We engage in each individual project from the very first designs until the end of its operational contract.","og_url":"https:\/\/tugliq.com\/en\/solutions\/","og_site_name":"Tugliq Energie","article_modified_time":"2020-11-06T19:22:14+00:00","twitter_card":"summary_large_image","twitter_misc":{"Est. reading time":"5 minutes"},"schema":{"@context":"https:\/\/schema.org","@graph":[{"@type":"WebPage","@id":"https:\/\/tugliq.com\/en\/solutions\/","url":"https:\/\/tugliq.com\/en\/solutions\/","name":"Solutions - Tugliq Energie","isPartOf":{"@id":"https:\/\/tugliq.com\/en\/#website"},"datePublished":"2018-05-28T14:03:42+00:00","dateModified":"2020-11-06T19:22:14+00:00","description":"TUGLIQ Energy is an independent power producer. We engage in each individual project from the very first designs until the end of its operational contract.","breadcrumb":{"@id":"https:\/\/tugliq.com\/en\/solutions\/#breadcrumb"},"inLanguage":"en-US","potentialAction":[{"@type":"ReadAction","target":["https:\/\/tugliq.com\/en\/solutions\/"]}]},{"@type":"BreadcrumbList","@id":"https:\/\/tugliq.com\/en\/solutions\/#breadcrumb","itemListElement":[{"@type":"ListItem","position":1,"name":"Home","item":"https:\/\/tugliq.com\/en\/"},{"@type":"ListItem","position":2,"name":"Solutions"}]},{"@type":"WebSite","@id":"https:\/\/tugliq.com\/en\/#website","url":"https:\/\/tugliq.com\/en\/","name":"Tugliq Energie","description":"Solutions \u00e9nerg\u00e9tiques de proximit\u00e9","publisher":{"@id":"https:\/\/tugliq.com\/en\/#organization"},"potentialAction":[{"@type":"SearchAction","target":{"@type":"EntryPoint","urlTemplate":"https:\/\/tugliq.com\/en\/?s={search_term_string}"},"query-input":"required name=search_term_string"}],"inLanguage":"en-US"},{"@type":"Organization","@id":"https:\/\/tugliq.com\/en\/#organization","name":"Tugliq Energy","url":"https:\/\/tugliq.com\/en\/","logo":{"@type":"ImageObject","inLanguage":"en-US","@id":"https:\/\/tugliq.com\/en\/#\/schema\/logo\/image\/","url":"https:\/\/tugliq.com\/wp-content\/uploads\/2018\/05\/apple-touch-icon.png","contentUrl":"https:\/\/tugliq.com\/wp-content\/uploads\/2018\/05\/apple-touch-icon.png","width":180,"height":180,"caption":"Tugliq Energy"},"image":{"@id":"https:\/\/tugliq.com\/en\/#\/schema\/logo\/image\/"},"sameAs":["https:\/\/www.linkedin.com\/company\/tugliq-energy-co-\/?originalSubdomain=ca","https:\/\/www.youtube.com\/watch?v=w-wy0xG6CG0"]}]}},"_links":{"self":[{"href":"https:\/\/tugliq.com\/en\/wp-json\/wp\/v2\/pages\/843"}],"collection":[{"href":"https:\/\/tugliq.com\/en\/wp-json\/wp\/v2\/pages"}],"about":[{"href":"https:\/\/tugliq.com\/en\/wp-json\/wp\/v2\/types\/page"}],"author":[{"embeddable":true,"href":"https:\/\/tugliq.com\/en\/wp-json\/wp\/v2\/users\/10"}],"replies":[{"embeddable":true,"href":"https:\/\/tugliq.com\/en\/wp-json\/wp\/v2\/comments?post=843"}],"version-history":[{"count":8,"href":"https:\/\/tugliq.com\/en\/wp-json\/wp\/v2\/pages\/843\/revisions"}],"predecessor-version":[{"id":3378,"href":"https:\/\/tugliq.com\/en\/wp-json\/wp\/v2\/pages\/843\/revisions\/3378"}],"wp:attachment":[{"href":"https:\/\/tugliq.com\/en\/wp-json\/wp\/v2\/media?parent=843"}],"curies":[{"name":"wp","href":"https:\/\/api.w.org\/{rel}","templated":true}]}}