{"id":846,"date":"2018-05-28T10:14:37","date_gmt":"2018-05-28T14:14:37","guid":{"rendered":"https:\/\/tugliq.com\/?page_id=846"},"modified":"2020-11-06T15:22:48","modified_gmt":"2020-11-06T19:22:48","slug":"storage","status":"publish","type":"page","link":"https:\/\/tugliq.com\/en\/storage\/","title":{"rendered":"Storage"},"content":{"rendered":"<div class=\"wpb-content-wrapper\">[mk_page_section][vc_column][mk_padding_divider visibility=&#8221;hidden-sm&#8221;][vc_row_inner][vc_column_inner width=&#8221;1\/2&#8243;][mk_fancy_title size=&#8221;20&#8243; font_weight=&#8221;bold&#8221; txt_transform=&#8221;uppercase&#8221; margin_bottom=&#8221;0&#8243; font_family=&#8221;none&#8221; align=&#8221;center&#8221; el_class=&#8221;color-secondary&#8221;]Applications[\/mk_fancy_title][vc_column_text css=&#8221;.vc_custom_1559763849357{margin-bottom: 0px !important;}&#8221;]<span style=\"font-weight: 400;\">Storage is an integral component of mini grids and virtually all hybrid solutions. From emergency back up for disaster relief to smoothing and firming the output of intermittent power generation sources, energy storage provides peak shaving, spinning reserve, ease of integration as well as other ancillary services.<\/span>[\/vc_column_text][\/vc_column_inner][vc_column_inner width=&#8221;1\/2&#8243;][mk_fancy_title size=&#8221;20&#8243; font_weight=&#8221;bold&#8221; txt_transform=&#8221;uppercase&#8221; margin_bottom=&#8221;0&#8243; font_family=&#8221;none&#8221; align=&#8221;center&#8221; el_class=&#8221;color-secondary&#8221;]Our Services[\/mk_fancy_title][vc_column_text css=&#8221;.vc_custom_1532459700621{margin-bottom: 0px !important;}&#8221;]<span style=\"font-weight: 400;\">Each individual project is unique and is designed in partnership with the client. <\/span><\/p>\n<ul>\n<li style=\"font-weight: 400;\"><span style=\"font-weight: 400;\">Assessing, modelling and forecasting energy demand<\/span><\/li>\n<li><span style=\"font-weight: 400;\">Unbiased selection of the most suitable technology<\/span><\/li>\n<li style=\"font-weight: 400;\"><span style=\"font-weight: 400;\">System design and sizing<\/span><\/li>\n<li>Grid integration studies<\/li>\n<li>Operating and control strategies<\/li>\n<li style=\"font-weight: 400;\"><span style=\"font-weight: 400;\">Financial analysis<\/span><\/li>\n<li>Construction, installation and commissioning<\/li>\n<li>Operation, maintenance and remote monitoring<\/li>\n<\/ul>\n[\/vc_column_text][\/vc_column_inner][\/vc_row_inner][\/vc_column][\/mk_page_section][mk_page_section][vc_column][mk_padding_divider visibility=&#8221;hidden-sm&#8221;][vc_row_inner el_class=&#8221;service-categories&#8221;][vc_column_inner width=&#8221;1\/3&#8243;][mk_fancy_title size=&#8221;20&#8243; font_weight=&#8221;bold&#8221; txt_transform=&#8221;uppercase&#8221; margin_bottom=&#8221;0&#8243; font_family=&#8221;none&#8221; align=&#8221;center&#8221; el_class=&#8221;color-secondary&#8221;]BESS[\/mk_fancy_title][mk_image src=&#8221;https:\/\/tugliq.com\/wp-content\/uploads\/2020\/11\/bess.jpg&#8221; image_width=&#8221;960&#8243; image_height=&#8221;638&#8243;][vc_column_text css=&#8221;.vc_custom_1532717181295{margin-bottom: 0px !important;}&#8221;]<span style=\"font-weight: 400;\">Battery Energy Storage System (BESS) offers the highest flexibility compared to competing storage technologies and are suitable for a wide range of applications.\u00a0<\/span>[\/vc_column_text][\/vc_column_inner][vc_column_inner width=&#8221;1\/3&#8243;][mk_fancy_title size=&#8221;20&#8243; font_weight=&#8221;bold&#8221; txt_transform=&#8221;uppercase&#8221; margin_bottom=&#8221;0&#8243; font_family=&#8221;none&#8221; align=&#8221;center&#8221; el_class=&#8221;color-secondary&#8221;]<b>\u00a0FLYWHEEL<\/b>[\/mk_fancy_title][mk_image src=&#8221;https:\/\/tugliq.com\/wp-content\/uploads\/2020\/11\/inertia.jpg&#8221; image_width=&#8221;960&#8243; image_height=&#8221;638&#8243;][vc_column_text css=&#8221;.vc_custom_1532461407081{margin-bottom: 0px !important;}&#8221;]With a relatively low energy storing capacities in the kWh range, flywheels have some of the fastest response times to charging and discharging the accumulated energy. It provides effective frequency regulations and renewable energy firming.\u00a0It is not subject to any chemical degradation and offers a longer lifespan compared to other technologies.[\/vc_column_text][\/vc_column_inner][vc_column_inner width=&#8221;1\/3&#8243;][mk_fancy_title size=&#8221;20&#8243; font_weight=&#8221;bold&#8221; txt_transform=&#8221;uppercase&#8221; margin_bottom=&#8221;0&#8243; font_family=&#8221;none&#8221; align=&#8221;center&#8221; el_class=&#8221;color-secondary&#8221;]<b>HYDROGEN LOOP<\/b>[\/mk_fancy_title][mk_image src=&#8221;https:\/\/tugliq.com\/wp-content\/uploads\/2020\/11\/hydrogen.jpg&#8221; image_width=&#8221;960&#8243; image_height=&#8221;638&#8243;][vc_column_text css=&#8221;.vc_custom_1532461464302{margin-bottom: 0px !important;}&#8221;]<span style=\"font-weight: 400;\">Comprised of state of the art electrolysers and fuel cells, this system can cut off surplus renewable energy and convert it to hydrogen by way of electrolysis. The converted hydrogen can then undergo the reverse process to produce electricity in prolonged power shortages. Slower than its rivals, this system can be considered for large amounts of energy storage (MWh range).<\/span>[\/vc_column_text][\/vc_column_inner][\/vc_row_inner][vc_row_inner el_class=&#8221;service-categories&#8221;][vc_column_inner width=&#8221;1\/3&#8243;][mk_fancy_title size=&#8221;20&#8243; font_weight=&#8221;bold&#8221; txt_transform=&#8221;uppercase&#8221; margin_bottom=&#8221;0&#8243; font_family=&#8221;none&#8221; align=&#8221;center&#8221; el_class=&#8221;color-secondary&#8221;]CAES[\/mk_fancy_title][mk_image src=&#8221;https:\/\/tugliq.com\/wp-content\/uploads\/2018\/06\/stockage03_871097368.jpg&#8221; image_width=&#8221;960&#8243; image_height=&#8221;638&#8243;][vc_column_text css=&#8221;.vc_custom_1532717302403{margin-bottom: 0px !important;}&#8221;]Compressed Air Energy System (CAES) provides similar advantages to the Hydrogen systems. This mechanical storage technology can provide low-cost large-scale energy storage (MWh range), well suited for naturally occurring underground reservoirs. Compressed air can be used as the end energy product, alternatively to regenerating electricity.[\/vc_column_text][\/vc_column_inner][vc_column_inner width=&#8221;1\/3&#8243;][\/vc_column_inner][vc_column_inner width=&#8221;1\/3&#8243;][\/vc_column_inner][\/vc_row_inner][\/vc_column][\/mk_page_section][mk_page_section][vc_column][mk_padding_divider visibility=&#8221;hidden-sm&#8221;][mk_portfolio_carousel view_all_text=&#8221;See all projects&#8221; view_all=&#8221;577&#8243; categories=&#8221;stockage&#8221;][\/vc_column][\/mk_page_section][vc_column][\/vc_column]\n<\/div>","protected":false},"excerpt":{"rendered":"<p>[mk_page_section][vc_column][mk_padding_divider visibility=&#8221;hidden-sm&#8221;][vc_row_inner][vc_column_inner width=&#8221;1\/2&#8243;][mk_fancy_title size=&#8221;20&#8243; font_weight=&#8221;bold&#8221; txt_transform=&#8221;uppercase&#8221; margin_bottom=&#8221;0&#8243; font_family=&#8221;none&#8221; align=&#8221;center&#8221; el_class=&#8221;color-secondary&#8221;]Applications[\/mk_fancy_title][vc_column_text css=&#8221;.vc_custom_1559763849357{margin-bottom: 0px !important;}&#8221;]Storage is an integral component of mini grids and virtually all hybrid solutions. From emergency back up for disaster relief to smoothing and firming the output of intermittent power generation sources, energy storage [&hellip;]<\/p>\n","protected":false},"author":10,"featured_media":0,"parent":0,"menu_order":0,"comment_status":"closed","ping_status":"closed","template":"","meta":{"_acf_changed":false,"footnotes":""},"acf":[],"yoast_head":"<!-- This site is optimized with the Yoast SEO plugin v22.0 - https:\/\/yoast.com\/wordpress\/plugins\/seo\/ -->\n<title>Storage - Tugliq Energie<\/title>\n<meta name=\"description\" content=\"Energy storage is an integral component of mini grids and virtually all hybrid solutions.\" \/>\n<meta name=\"robots\" content=\"index, follow, max-snippet:-1, max-image-preview:large, max-video-preview:-1\" \/>\n<link rel=\"canonical\" href=\"https:\/\/tugliq.com\/en\/storage\/\" \/>\n<meta property=\"og:locale\" content=\"en_US\" \/>\n<meta property=\"og:type\" content=\"article\" \/>\n<meta property=\"og:title\" content=\"Storage - Tugliq Energie\" \/>\n<meta property=\"og:description\" content=\"Energy storage is an integral component of mini grids and virtually all hybrid solutions.\" \/>\n<meta property=\"og:url\" content=\"https:\/\/tugliq.com\/en\/storage\/\" \/>\n<meta property=\"og:site_name\" content=\"Tugliq Energie\" \/>\n<meta property=\"article:modified_time\" content=\"2020-11-06T19:22:48+00:00\" \/>\n<meta name=\"twitter:card\" content=\"summary_large_image\" \/>\n<meta name=\"twitter:label1\" content=\"Est. reading time\" \/>\n\t<meta name=\"twitter:data1\" content=\"3 minutes\" \/>\n<script type=\"application\/ld+json\" class=\"yoast-schema-graph\">{\"@context\":\"https:\/\/schema.org\",\"@graph\":[{\"@type\":\"WebPage\",\"@id\":\"https:\/\/tugliq.com\/en\/storage\/\",\"url\":\"https:\/\/tugliq.com\/en\/storage\/\",\"name\":\"Storage - Tugliq Energie\",\"isPartOf\":{\"@id\":\"https:\/\/tugliq.com\/en\/#website\"},\"datePublished\":\"2018-05-28T14:14:37+00:00\",\"dateModified\":\"2020-11-06T19:22:48+00:00\",\"description\":\"Energy storage is an integral component of mini grids and virtually all hybrid solutions.\",\"breadcrumb\":{\"@id\":\"https:\/\/tugliq.com\/en\/storage\/#breadcrumb\"},\"inLanguage\":\"en-US\",\"potentialAction\":[{\"@type\":\"ReadAction\",\"target\":[\"https:\/\/tugliq.com\/en\/storage\/\"]}]},{\"@type\":\"BreadcrumbList\",\"@id\":\"https:\/\/tugliq.com\/en\/storage\/#breadcrumb\",\"itemListElement\":[{\"@type\":\"ListItem\",\"position\":1,\"name\":\"Home\",\"item\":\"https:\/\/tugliq.com\/en\/\"},{\"@type\":\"ListItem\",\"position\":2,\"name\":\"Storage\"}]},{\"@type\":\"WebSite\",\"@id\":\"https:\/\/tugliq.com\/en\/#website\",\"url\":\"https:\/\/tugliq.com\/en\/\",\"name\":\"Tugliq Energie\",\"description\":\"Solutions \u00e9nerg\u00e9tiques de proximit\u00e9\",\"publisher\":{\"@id\":\"https:\/\/tugliq.com\/en\/#organization\"},\"potentialAction\":[{\"@type\":\"SearchAction\",\"target\":{\"@type\":\"EntryPoint\",\"urlTemplate\":\"https:\/\/tugliq.com\/en\/?s={search_term_string}\"},\"query-input\":\"required name=search_term_string\"}],\"inLanguage\":\"en-US\"},{\"@type\":\"Organization\",\"@id\":\"https:\/\/tugliq.com\/en\/#organization\",\"name\":\"Tugliq Energy\",\"url\":\"https:\/\/tugliq.com\/en\/\",\"logo\":{\"@type\":\"ImageObject\",\"inLanguage\":\"en-US\",\"@id\":\"https:\/\/tugliq.com\/en\/#\/schema\/logo\/image\/\",\"url\":\"https:\/\/tugliq.com\/wp-content\/uploads\/2018\/05\/apple-touch-icon.png\",\"contentUrl\":\"https:\/\/tugliq.com\/wp-content\/uploads\/2018\/05\/apple-touch-icon.png\",\"width\":180,\"height\":180,\"caption\":\"Tugliq Energy\"},\"image\":{\"@id\":\"https:\/\/tugliq.com\/en\/#\/schema\/logo\/image\/\"},\"sameAs\":[\"https:\/\/www.linkedin.com\/company\/tugliq-energy-co-\/?originalSubdomain=ca\",\"https:\/\/www.youtube.com\/watch?v=w-wy0xG6CG0\"]}]}<\/script>\n<!-- \/ Yoast SEO plugin. -->","yoast_head_json":{"title":"Storage - Tugliq Energie","description":"Energy storage is an integral component of mini grids and virtually all hybrid solutions.","robots":{"index":"index","follow":"follow","max-snippet":"max-snippet:-1","max-image-preview":"max-image-preview:large","max-video-preview":"max-video-preview:-1"},"canonical":"https:\/\/tugliq.com\/en\/storage\/","og_locale":"en_US","og_type":"article","og_title":"Storage - Tugliq Energie","og_description":"Energy storage is an integral component of mini grids and virtually all hybrid solutions.","og_url":"https:\/\/tugliq.com\/en\/storage\/","og_site_name":"Tugliq Energie","article_modified_time":"2020-11-06T19:22:48+00:00","twitter_card":"summary_large_image","twitter_misc":{"Est. reading time":"3 minutes"},"schema":{"@context":"https:\/\/schema.org","@graph":[{"@type":"WebPage","@id":"https:\/\/tugliq.com\/en\/storage\/","url":"https:\/\/tugliq.com\/en\/storage\/","name":"Storage - Tugliq Energie","isPartOf":{"@id":"https:\/\/tugliq.com\/en\/#website"},"datePublished":"2018-05-28T14:14:37+00:00","dateModified":"2020-11-06T19:22:48+00:00","description":"Energy storage is an integral component of mini grids and virtually all hybrid solutions.","breadcrumb":{"@id":"https:\/\/tugliq.com\/en\/storage\/#breadcrumb"},"inLanguage":"en-US","potentialAction":[{"@type":"ReadAction","target":["https:\/\/tugliq.com\/en\/storage\/"]}]},{"@type":"BreadcrumbList","@id":"https:\/\/tugliq.com\/en\/storage\/#breadcrumb","itemListElement":[{"@type":"ListItem","position":1,"name":"Home","item":"https:\/\/tugliq.com\/en\/"},{"@type":"ListItem","position":2,"name":"Storage"}]},{"@type":"WebSite","@id":"https:\/\/tugliq.com\/en\/#website","url":"https:\/\/tugliq.com\/en\/","name":"Tugliq Energie","description":"Solutions \u00e9nerg\u00e9tiques de proximit\u00e9","publisher":{"@id":"https:\/\/tugliq.com\/en\/#organization"},"potentialAction":[{"@type":"SearchAction","target":{"@type":"EntryPoint","urlTemplate":"https:\/\/tugliq.com\/en\/?s={search_term_string}"},"query-input":"required name=search_term_string"}],"inLanguage":"en-US"},{"@type":"Organization","@id":"https:\/\/tugliq.com\/en\/#organization","name":"Tugliq Energy","url":"https:\/\/tugliq.com\/en\/","logo":{"@type":"ImageObject","inLanguage":"en-US","@id":"https:\/\/tugliq.com\/en\/#\/schema\/logo\/image\/","url":"https:\/\/tugliq.com\/wp-content\/uploads\/2018\/05\/apple-touch-icon.png","contentUrl":"https:\/\/tugliq.com\/wp-content\/uploads\/2018\/05\/apple-touch-icon.png","width":180,"height":180,"caption":"Tugliq Energy"},"image":{"@id":"https:\/\/tugliq.com\/en\/#\/schema\/logo\/image\/"},"sameAs":["https:\/\/www.linkedin.com\/company\/tugliq-energy-co-\/?originalSubdomain=ca","https:\/\/www.youtube.com\/watch?v=w-wy0xG6CG0"]}]}},"_links":{"self":[{"href":"https:\/\/tugliq.com\/en\/wp-json\/wp\/v2\/pages\/846"}],"collection":[{"href":"https:\/\/tugliq.com\/en\/wp-json\/wp\/v2\/pages"}],"about":[{"href":"https:\/\/tugliq.com\/en\/wp-json\/wp\/v2\/types\/page"}],"author":[{"embeddable":true,"href":"https:\/\/tugliq.com\/en\/wp-json\/wp\/v2\/users\/10"}],"replies":[{"embeddable":true,"href":"https:\/\/tugliq.com\/en\/wp-json\/wp\/v2\/comments?post=846"}],"version-history":[{"count":9,"href":"https:\/\/tugliq.com\/en\/wp-json\/wp\/v2\/pages\/846\/revisions"}],"predecessor-version":[{"id":3379,"href":"https:\/\/tugliq.com\/en\/wp-json\/wp\/v2\/pages\/846\/revisions\/3379"}],"wp:attachment":[{"href":"https:\/\/tugliq.com\/en\/wp-json\/wp\/v2\/media?parent=846"}],"curies":[{"name":"wp","href":"https:\/\/api.w.org\/{rel}","templated":true}]}}