{"id":849,"date":"2018-05-28T10:13:42","date_gmt":"2018-05-28T14:13:42","guid":{"rendered":"https:\/\/tugliq.com\/?page_id=849"},"modified":"2020-10-20T22:20:38","modified_gmt":"2020-10-21T02:20:38","slug":"biomass","status":"publish","type":"page","link":"https:\/\/tugliq.com\/en\/biomass\/","title":{"rendered":"Biomass"},"content":{"rendered":"<div class=\"wpb-content-wrapper\">[mk_page_section][vc_column][mk_padding_divider visibility=&#8221;hidden-sm&#8221;][vc_row_inner][vc_column_inner width=&#8221;1\/2&#8243;][mk_fancy_title size=&#8221;20&#8243; font_weight=&#8221;bold&#8221; txt_transform=&#8221;uppercase&#8221; margin_bottom=&#8221;0&#8243; font_family=&#8221;none&#8221; align=&#8221;center&#8221; el_class=&#8221;color-secondary&#8221;]Applications[\/mk_fancy_title][vc_column_text css=&#8221;.vc_custom_1559760461107{margin-bottom: 0px !important;}&#8221;]<span style=\"font-weight: 400;\">Biomass energy,\u00a0 known as bio-energy solutions, takes advantage of discarded residue to generate power while optimizing waste management. Depending on the nature of the feedstock, different solutions can be developed to generate\u00a0heat, electricity or a combustible gas.<\/span><\/p>\n<p><span style=\"font-weight: 400;\">Agricultural, industrial, commercial and residential sites can all benefit from biomass energy solutions.<\/span>[\/vc_column_text][\/vc_column_inner][vc_column_inner width=&#8221;1\/2&#8243;][mk_fancy_title size=&#8221;20&#8243; font_weight=&#8221;bold&#8221; txt_transform=&#8221;uppercase&#8221; margin_bottom=&#8221;0&#8243; font_family=&#8221;none&#8221; align=&#8221;center&#8221; el_class=&#8221;color-secondary&#8221;]Our Services[\/mk_fancy_title][vc_column_text css=&#8221;.vc_custom_1532456505730{margin-bottom: 0px !important;}&#8221;]<span style=\"font-weight: 400;\">Each individual project is unique and is designed in partnership with the client. <\/span><\/p>\n<ul>\n<li style=\"font-weight: 400;\"><span style=\"font-weight: 400;\">Feedstock identification and characterization<\/span><\/li>\n<li>Logistics analysis<\/li>\n<li style=\"font-weight: 400;\"><span style=\"font-weight: 400;\">Technology\u00a0agnostic selection\u00a0<\/span><\/li>\n<li style=\"font-weight: 400;\"><span style=\"font-weight: 400;\">Financial modeling<\/span><\/li>\n<li style=\"font-weight: 400;\"><span style=\"font-weight: 400;\">Environmental impact assessment<\/span><\/li>\n<li style=\"font-weight: 400;\"><span style=\"font-weight: 400;\">Engineering <\/span><\/li>\n<li style=\"font-weight: 400;\"><span style=\"font-weight: 400;\">Construction and installation<\/span><\/li>\n<li>Operation and maintenance<\/li>\n<\/ul>\n[\/vc_column_text][\/vc_column_inner][\/vc_row_inner][\/vc_column][\/mk_page_section][mk_page_section][vc_column][mk_padding_divider visibility=&#8221;hidden-sm&#8221;][vc_row_inner][vc_column_inner width=&#8221;1\/3&#8243;][mk_fancy_title size=&#8221;20&#8243; font_weight=&#8221;bold&#8221; txt_transform=&#8221;uppercase&#8221; margin_bottom=&#8221;0&#8243; font_family=&#8221;none&#8221; align=&#8221;center&#8221; el_class=&#8221;color-secondary&#8221;]Anaerobic Digestion[\/mk_fancy_title][mk_image src=&#8221;https:\/\/tugliq.com\/wp-content\/uploads\/2020\/10\/anaerobic-digestion.jpg&#8221; image_size=&#8221;full&#8221;][vc_column_text css=&#8221;.vc_custom_1532456997370{margin-bottom: 0px !important;}&#8221;]<span style=\"font-weight: 400;\">A biological process by which organic materials under anaerobic conditions are converted to biogas rich in methane. With its combustible properties, biogas can be utilized in heating processes. It can also undergo further refining to obtain natural renewable gas (NRG) which can be injected directly into the network.<\/span>[\/vc_column_text][\/vc_column_inner][vc_column_inner width=&#8221;1\/3&#8243;][mk_fancy_title size=&#8221;20&#8243; font_weight=&#8221;bold&#8221; txt_transform=&#8221;uppercase&#8221; margin_bottom=&#8221;0&#8243; font_family=&#8221;none&#8221; align=&#8221;center&#8221; el_class=&#8221;color-secondary&#8221;]Combustion[\/mk_fancy_title][mk_image src=&#8221;https:\/\/tugliq.com\/wp-content\/uploads\/2020\/10\/combustion.jpg&#8221; image_size=&#8221;full&#8221;][vc_column_text css=&#8221;.vc_custom_1532457101476{margin-bottom: 0px !important;}&#8221;]<span style=\"font-weight: 400;\">Dry biomass such as forest residue provides a valuable heat source for small scale heating in a home as well as large scale heating for industrial processes. <\/span>[\/vc_column_text][\/vc_column_inner][vc_column_inner width=&#8221;1\/3&#8243;][mk_fancy_title size=&#8221;20&#8243; font_weight=&#8221;bold&#8221; txt_transform=&#8221;uppercase&#8221; margin_bottom=&#8221;0&#8243; font_family=&#8221;none&#8221; align=&#8221;center&#8221; el_class=&#8221;color-secondary&#8221;]Gasification[\/mk_fancy_title][mk_image src=&#8221;https:\/\/tugliq.com\/wp-content\/uploads\/2020\/10\/gasification.jpg&#8221; image_size=&#8221;full&#8221;][vc_column_text css=&#8221;.vc_custom_1531850965854{margin-bottom: 0px !important;}&#8221;]<span style=\"font-weight: 400;\">Occurring <\/span><span style=\"font-weight: 400;\">between<\/span> <span style=\"font-weight: 400;\">combustion and pyrolysis<\/span><span style=\"font-weight: 400;\">, gasification enables carbon material to be converted to <\/span><span style=\"font-weight: 400;\">syngas<\/span><span style=\"font-weight: 400;\">, a synthetic gas rich in CO. The process releases heat which can be used directly for heating. It also allows for a wide range of waste treatment including medical waste. <\/span>[\/vc_column_text][\/vc_column_inner][\/vc_row_inner][\/vc_column][\/mk_page_section][mk_page_section][vc_column][mk_padding_divider visibility=&#8221;hidden-sm&#8221;][mk_portfolio_carousel view_all_text=&#8221;See all projects&#8221; view_all=&#8221;102&#8243; categories=&#8221;biomass&#8221;][\/vc_column][\/mk_page_section][vc_column][\/vc_column]\n<\/div>","protected":false},"excerpt":{"rendered":"<p>[mk_page_section][vc_column][mk_padding_divider visibility=&#8221;hidden-sm&#8221;][vc_row_inner][vc_column_inner width=&#8221;1\/2&#8243;][mk_fancy_title size=&#8221;20&#8243; font_weight=&#8221;bold&#8221; txt_transform=&#8221;uppercase&#8221; margin_bottom=&#8221;0&#8243; font_family=&#8221;none&#8221; align=&#8221;center&#8221; el_class=&#8221;color-secondary&#8221;]Applications[\/mk_fancy_title][vc_column_text css=&#8221;.vc_custom_1559760461107{margin-bottom: 0px !important;}&#8221;]Biomass energy,\u00a0 known as bio-energy solutions, takes advantage of discarded residue to generate power while optimizing waste management. Depending on the nature of the feedstock, different solutions can be developed to generate\u00a0heat, electricity [&hellip;]<\/p>\n","protected":false},"author":10,"featured_media":0,"parent":0,"menu_order":0,"comment_status":"closed","ping_status":"closed","template":"","meta":{"_acf_changed":false,"footnotes":""},"acf":[],"yoast_head":"<!-- This site is optimized with the Yoast SEO plugin v22.0 - https:\/\/yoast.com\/wordpress\/plugins\/seo\/ -->\n<title>Biomass - Tugliq Energie<\/title>\n<meta name=\"description\" content=\"Biomass energy, known as bio-energy solutions, takes advantage of discarded residue to generate power while optimizing waste management.\" \/>\n<meta name=\"robots\" content=\"index, follow, max-snippet:-1, max-image-preview:large, max-video-preview:-1\" \/>\n<link rel=\"canonical\" href=\"https:\/\/tugliq.com\/en\/biomass\/\" \/>\n<meta property=\"og:locale\" content=\"en_US\" \/>\n<meta property=\"og:type\" content=\"article\" \/>\n<meta property=\"og:title\" content=\"Biomass - Tugliq Energie\" \/>\n<meta property=\"og:description\" content=\"Biomass energy, known as bio-energy solutions, takes advantage of discarded residue to generate power while optimizing waste management.\" \/>\n<meta property=\"og:url\" content=\"https:\/\/tugliq.com\/en\/biomass\/\" \/>\n<meta property=\"og:site_name\" content=\"Tugliq Energie\" \/>\n<meta property=\"article:modified_time\" content=\"2020-10-21T02:20:38+00:00\" \/>\n<meta name=\"twitter:card\" content=\"summary_large_image\" \/>\n<meta name=\"twitter:label1\" content=\"Est. reading time\" \/>\n\t<meta name=\"twitter:data1\" content=\"3 minutes\" \/>\n<script type=\"application\/ld+json\" class=\"yoast-schema-graph\">{\"@context\":\"https:\/\/schema.org\",\"@graph\":[{\"@type\":\"WebPage\",\"@id\":\"https:\/\/tugliq.com\/en\/biomass\/\",\"url\":\"https:\/\/tugliq.com\/en\/biomass\/\",\"name\":\"Biomass - Tugliq Energie\",\"isPartOf\":{\"@id\":\"https:\/\/tugliq.com\/en\/#website\"},\"datePublished\":\"2018-05-28T14:13:42+00:00\",\"dateModified\":\"2020-10-21T02:20:38+00:00\",\"description\":\"Biomass energy, known as bio-energy solutions, takes advantage of discarded residue to generate power while optimizing waste management.\",\"breadcrumb\":{\"@id\":\"https:\/\/tugliq.com\/en\/biomass\/#breadcrumb\"},\"inLanguage\":\"en-US\",\"potentialAction\":[{\"@type\":\"ReadAction\",\"target\":[\"https:\/\/tugliq.com\/en\/biomass\/\"]}]},{\"@type\":\"BreadcrumbList\",\"@id\":\"https:\/\/tugliq.com\/en\/biomass\/#breadcrumb\",\"itemListElement\":[{\"@type\":\"ListItem\",\"position\":1,\"name\":\"Home\",\"item\":\"https:\/\/tugliq.com\/en\/\"},{\"@type\":\"ListItem\",\"position\":2,\"name\":\"Biomass\"}]},{\"@type\":\"WebSite\",\"@id\":\"https:\/\/tugliq.com\/en\/#website\",\"url\":\"https:\/\/tugliq.com\/en\/\",\"name\":\"Tugliq Energie\",\"description\":\"Solutions \u00e9nerg\u00e9tiques de proximit\u00e9\",\"publisher\":{\"@id\":\"https:\/\/tugliq.com\/en\/#organization\"},\"potentialAction\":[{\"@type\":\"SearchAction\",\"target\":{\"@type\":\"EntryPoint\",\"urlTemplate\":\"https:\/\/tugliq.com\/en\/?s={search_term_string}\"},\"query-input\":\"required name=search_term_string\"}],\"inLanguage\":\"en-US\"},{\"@type\":\"Organization\",\"@id\":\"https:\/\/tugliq.com\/en\/#organization\",\"name\":\"Tugliq Energy\",\"url\":\"https:\/\/tugliq.com\/en\/\",\"logo\":{\"@type\":\"ImageObject\",\"inLanguage\":\"en-US\",\"@id\":\"https:\/\/tugliq.com\/en\/#\/schema\/logo\/image\/\",\"url\":\"https:\/\/tugliq.com\/wp-content\/uploads\/2018\/05\/apple-touch-icon.png\",\"contentUrl\":\"https:\/\/tugliq.com\/wp-content\/uploads\/2018\/05\/apple-touch-icon.png\",\"width\":180,\"height\":180,\"caption\":\"Tugliq Energy\"},\"image\":{\"@id\":\"https:\/\/tugliq.com\/en\/#\/schema\/logo\/image\/\"},\"sameAs\":[\"https:\/\/www.linkedin.com\/company\/tugliq-energy-co-\/?originalSubdomain=ca\",\"https:\/\/www.youtube.com\/watch?v=w-wy0xG6CG0\"]}]}<\/script>\n<!-- \/ Yoast SEO plugin. -->","yoast_head_json":{"title":"Biomass - Tugliq Energie","description":"Biomass energy, known as bio-energy solutions, takes advantage of discarded residue to generate power while optimizing waste management.","robots":{"index":"index","follow":"follow","max-snippet":"max-snippet:-1","max-image-preview":"max-image-preview:large","max-video-preview":"max-video-preview:-1"},"canonical":"https:\/\/tugliq.com\/en\/biomass\/","og_locale":"en_US","og_type":"article","og_title":"Biomass - Tugliq Energie","og_description":"Biomass energy, known as bio-energy solutions, takes advantage of discarded residue to generate power while optimizing waste management.","og_url":"https:\/\/tugliq.com\/en\/biomass\/","og_site_name":"Tugliq Energie","article_modified_time":"2020-10-21T02:20:38+00:00","twitter_card":"summary_large_image","twitter_misc":{"Est. reading time":"3 minutes"},"schema":{"@context":"https:\/\/schema.org","@graph":[{"@type":"WebPage","@id":"https:\/\/tugliq.com\/en\/biomass\/","url":"https:\/\/tugliq.com\/en\/biomass\/","name":"Biomass - Tugliq Energie","isPartOf":{"@id":"https:\/\/tugliq.com\/en\/#website"},"datePublished":"2018-05-28T14:13:42+00:00","dateModified":"2020-10-21T02:20:38+00:00","description":"Biomass energy, known as bio-energy solutions, takes advantage of discarded residue to generate power while optimizing waste management.","breadcrumb":{"@id":"https:\/\/tugliq.com\/en\/biomass\/#breadcrumb"},"inLanguage":"en-US","potentialAction":[{"@type":"ReadAction","target":["https:\/\/tugliq.com\/en\/biomass\/"]}]},{"@type":"BreadcrumbList","@id":"https:\/\/tugliq.com\/en\/biomass\/#breadcrumb","itemListElement":[{"@type":"ListItem","position":1,"name":"Home","item":"https:\/\/tugliq.com\/en\/"},{"@type":"ListItem","position":2,"name":"Biomass"}]},{"@type":"WebSite","@id":"https:\/\/tugliq.com\/en\/#website","url":"https:\/\/tugliq.com\/en\/","name":"Tugliq Energie","description":"Solutions \u00e9nerg\u00e9tiques de proximit\u00e9","publisher":{"@id":"https:\/\/tugliq.com\/en\/#organization"},"potentialAction":[{"@type":"SearchAction","target":{"@type":"EntryPoint","urlTemplate":"https:\/\/tugliq.com\/en\/?s={search_term_string}"},"query-input":"required name=search_term_string"}],"inLanguage":"en-US"},{"@type":"Organization","@id":"https:\/\/tugliq.com\/en\/#organization","name":"Tugliq Energy","url":"https:\/\/tugliq.com\/en\/","logo":{"@type":"ImageObject","inLanguage":"en-US","@id":"https:\/\/tugliq.com\/en\/#\/schema\/logo\/image\/","url":"https:\/\/tugliq.com\/wp-content\/uploads\/2018\/05\/apple-touch-icon.png","contentUrl":"https:\/\/tugliq.com\/wp-content\/uploads\/2018\/05\/apple-touch-icon.png","width":180,"height":180,"caption":"Tugliq Energy"},"image":{"@id":"https:\/\/tugliq.com\/en\/#\/schema\/logo\/image\/"},"sameAs":["https:\/\/www.linkedin.com\/company\/tugliq-energy-co-\/?originalSubdomain=ca","https:\/\/www.youtube.com\/watch?v=w-wy0xG6CG0"]}]}},"_links":{"self":[{"href":"https:\/\/tugliq.com\/en\/wp-json\/wp\/v2\/pages\/849"}],"collection":[{"href":"https:\/\/tugliq.com\/en\/wp-json\/wp\/v2\/pages"}],"about":[{"href":"https:\/\/tugliq.com\/en\/wp-json\/wp\/v2\/types\/page"}],"author":[{"embeddable":true,"href":"https:\/\/tugliq.com\/en\/wp-json\/wp\/v2\/users\/10"}],"replies":[{"embeddable":true,"href":"https:\/\/tugliq.com\/en\/wp-json\/wp\/v2\/comments?post=849"}],"version-history":[{"count":10,"href":"https:\/\/tugliq.com\/en\/wp-json\/wp\/v2\/pages\/849\/revisions"}],"predecessor-version":[{"id":2948,"href":"https:\/\/tugliq.com\/en\/wp-json\/wp\/v2\/pages\/849\/revisions\/2948"}],"wp:attachment":[{"href":"https:\/\/tugliq.com\/en\/wp-json\/wp\/v2\/media?parent=849"}],"curies":[{"name":"wp","href":"https:\/\/api.w.org\/{rel}","templated":true}]}}