{"id":852,"date":"2018-05-28T10:12:06","date_gmt":"2018-05-28T14:12:06","guid":{"rendered":"https:\/\/tugliq.com\/?page_id=852"},"modified":"2020-11-06T15:18:58","modified_gmt":"2020-11-06T19:18:58","slug":"wind","status":"publish","type":"page","link":"https:\/\/tugliq.com\/en\/wind\/","title":{"rendered":"Wind"},"content":{"rendered":"<div class=\"wpb-content-wrapper\">[mk_page_section][vc_column][mk_padding_divider visibility=&#8221;hidden-sm&#8221;][vc_row_inner][vc_column_inner width=&#8221;1\/2&#8243;][mk_fancy_title size=&#8221;20&#8243; font_weight=&#8221;bold&#8221; txt_transform=&#8221;uppercase&#8221; margin_bottom=&#8221;0&#8243; font_family=&#8221;none&#8221; align=&#8221;center&#8221; el_class=&#8221;color-secondary&#8221;]Applications[\/mk_fancy_title][vc_column_text css=&#8221;.vc_custom_1559764177613{margin-bottom: 0px !important;}&#8221;]<span style=\"font-weight: 400;\">Harnessing the power of wind to meet energy needs effectively and responsibly. High altitudes, coastlines and low air temperatures provide favorable conditions for wind energy generation.<\/span><\/p>\n<p>&nbsp;<\/p>\n<p><span style=\"font-weight: 400;\">Our solutions portfolio can be adapted to meet a range of unique energy needs from small isolated communities to high consumption industrial sites, institutional buildings and bridging connections with a regional or national grid. <\/span>[\/vc_column_text][\/vc_column_inner][vc_column_inner width=&#8221;1\/2&#8243;][mk_fancy_title size=&#8221;20&#8243; font_weight=&#8221;bold&#8221; txt_transform=&#8221;uppercase&#8221; margin_bottom=&#8221;0&#8243; font_family=&#8221;none&#8221; align=&#8221;center&#8221; el_class=&#8221;color-secondary&#8221;]Our Services[\/mk_fancy_title][vc_column_text css=&#8221;.vc_custom_1531950507604{margin-bottom: 0px !important;}&#8221;]<span style=\"font-weight: 400;\">Each project is unique and designed in partnership with the client. <\/span><\/p>\n<ul>\n<li>Wind Resource Assessment and Energy Yield Forecast<\/li>\n<li>Selecting Most Favorable Sites<\/li>\n<li>System Sizing<\/li>\n<li>Financial Modeling<\/li>\n<li>Environmental Impact Assessment<\/li>\n<li>Land Acquisition and Permits<\/li>\n<li>Detailed Engineering<\/li>\n<li>Installation and Usage<\/li>\n<li>Operation &amp; Maintenance<\/li>\n<li>Monitoring and Remote Assistance<\/li>\n<\/ul>\n[\/vc_column_text][\/vc_column_inner][\/vc_row_inner][\/vc_column][\/mk_page_section][mk_page_section][vc_column][mk_padding_divider visibility=&#8221;hidden-sm&#8221;][vc_row_inner][vc_column_inner width=&#8221;1\/3&#8243;][mk_fancy_title size=&#8221;20&#8243; font_weight=&#8221;bold&#8221; txt_transform=&#8221;uppercase&#8221; margin_bottom=&#8221;0&#8243; font_family=&#8221;none&#8221; align=&#8221;center&#8221; el_class=&#8221;color-secondary&#8221;]Large Scale[\/mk_fancy_title][mk_image src=&#8221;https:\/\/tugliq.com\/wp-content\/uploads\/2020\/10\/wind-large-scale.jpg&#8221; image_size=&#8221;full&#8221;][vc_column_text css=&#8221;.vc_custom_1532716849092{margin-bottom: 0px !important;}&#8221;]\n<p style=\"text-align: center;\"><span style=\"font-weight: 400;\">They get bigger every year.<\/span><\/p>\n[\/vc_column_text][\/vc_column_inner][vc_column_inner width=&#8221;1\/3&#8243;][mk_fancy_title size=&#8221;20&#8243; font_weight=&#8221;bold&#8221; txt_transform=&#8221;uppercase&#8221; margin_bottom=&#8221;0&#8243; font_family=&#8221;none&#8221; align=&#8221;center&#8221; el_class=&#8221;color-secondary&#8221;]Tilting Towers[\/mk_fancy_title][mk_image src=&#8221;https:\/\/tugliq.com\/wp-content\/uploads\/2020\/10\/wind-tilting-towers.jpg&#8221; image_size=&#8221;full&#8221;][vc_column_text css=&#8221;.vc_custom_1532716854485{margin-bottom: 0px !important;}&#8221;]\n<p style=\"text-align: center;\">Folding capabilities make these a safe option to weather the storm in cyclone zones.<\/p>\n[\/vc_column_text][\/vc_column_inner][vc_column_inner width=&#8221;1\/3&#8243;][mk_fancy_title size=&#8221;20&#8243; font_weight=&#8221;bold&#8221; txt_transform=&#8221;uppercase&#8221; margin_bottom=&#8221;0&#8243; font_family=&#8221;none&#8221; align=&#8221;center&#8221; el_class=&#8221;color-secondary&#8221;]Residential[\/mk_fancy_title][mk_image src=&#8221;https:\/\/tugliq.com\/wp-content\/uploads\/2020\/10\/wind-residential.jpg&#8221; image_size=&#8221;full&#8221;][vc_column_text css=&#8221;.vc_custom_1532716861134{margin-bottom: 0px !important;}&#8221;]\n<p style=\"text-align: center;\">They fit in your backyard.<\/p>\n[\/vc_column_text][\/vc_column_inner][\/vc_row_inner][\/vc_column][\/mk_page_section][mk_page_section][vc_column][mk_padding_divider visibility=&#8221;hidden-sm&#8221;][mk_portfolio_carousel view_all_text=&#8221;See all projects&#8221; view_all=&#8221;102&#8243; categories=&#8221;wind&#8221;][\/vc_column][\/mk_page_section][vc_column][\/vc_column]\n<\/div>","protected":false},"excerpt":{"rendered":"<p>[mk_page_section][vc_column][mk_padding_divider visibility=&#8221;hidden-sm&#8221;][vc_row_inner][vc_column_inner width=&#8221;1\/2&#8243;][mk_fancy_title size=&#8221;20&#8243; font_weight=&#8221;bold&#8221; txt_transform=&#8221;uppercase&#8221; margin_bottom=&#8221;0&#8243; font_family=&#8221;none&#8221; align=&#8221;center&#8221; el_class=&#8221;color-secondary&#8221;]Applications[\/mk_fancy_title][vc_column_text css=&#8221;.vc_custom_1559764177613{margin-bottom: 0px !important;}&#8221;]Harnessing the power of wind to meet energy needs effectively and responsibly. High altitudes, coastlines and low air temperatures provide favorable conditions for wind energy generation. &nbsp; Our solutions portfolio can be adapted [&hellip;]<\/p>\n","protected":false},"author":10,"featured_media":0,"parent":0,"menu_order":0,"comment_status":"closed","ping_status":"closed","template":"","meta":{"_acf_changed":false,"footnotes":""},"acf":[],"yoast_head":"<!-- This site is optimized with the Yoast SEO plugin v22.0 - https:\/\/yoast.com\/wordpress\/plugins\/seo\/ -->\n<title>Wind - Tugliq Energie<\/title>\n<meta name=\"description\" content=\"Harnessing the power of wind to meet energy needs effectively and responsibly from small isolated communities to high consumption industrial sites.\" \/>\n<meta name=\"robots\" content=\"index, follow, max-snippet:-1, max-image-preview:large, max-video-preview:-1\" \/>\n<link rel=\"canonical\" href=\"https:\/\/tugliq.com\/en\/wind\/\" \/>\n<meta property=\"og:locale\" content=\"en_US\" \/>\n<meta property=\"og:type\" content=\"article\" \/>\n<meta property=\"og:title\" content=\"Wind - Tugliq Energie\" \/>\n<meta property=\"og:description\" content=\"Harnessing the power of wind to meet energy needs effectively and responsibly from small isolated communities to high consumption industrial sites.\" \/>\n<meta property=\"og:url\" content=\"https:\/\/tugliq.com\/en\/wind\/\" \/>\n<meta property=\"og:site_name\" content=\"Tugliq Energie\" \/>\n<meta property=\"article:modified_time\" content=\"2020-11-06T19:18:58+00:00\" \/>\n<meta name=\"twitter:card\" content=\"summary_large_image\" \/>\n<meta name=\"twitter:label1\" content=\"Est. reading time\" \/>\n\t<meta name=\"twitter:data1\" content=\"2 minutes\" \/>\n<script type=\"application\/ld+json\" class=\"yoast-schema-graph\">{\"@context\":\"https:\/\/schema.org\",\"@graph\":[{\"@type\":\"WebPage\",\"@id\":\"https:\/\/tugliq.com\/en\/wind\/\",\"url\":\"https:\/\/tugliq.com\/en\/wind\/\",\"name\":\"Wind - Tugliq Energie\",\"isPartOf\":{\"@id\":\"https:\/\/tugliq.com\/en\/#website\"},\"datePublished\":\"2018-05-28T14:12:06+00:00\",\"dateModified\":\"2020-11-06T19:18:58+00:00\",\"description\":\"Harnessing the power of wind to meet energy needs effectively and responsibly from small isolated communities to high consumption industrial sites.\",\"breadcrumb\":{\"@id\":\"https:\/\/tugliq.com\/en\/wind\/#breadcrumb\"},\"inLanguage\":\"en-US\",\"potentialAction\":[{\"@type\":\"ReadAction\",\"target\":[\"https:\/\/tugliq.com\/en\/wind\/\"]}]},{\"@type\":\"BreadcrumbList\",\"@id\":\"https:\/\/tugliq.com\/en\/wind\/#breadcrumb\",\"itemListElement\":[{\"@type\":\"ListItem\",\"position\":1,\"name\":\"Home\",\"item\":\"https:\/\/tugliq.com\/en\/\"},{\"@type\":\"ListItem\",\"position\":2,\"name\":\"Wind\"}]},{\"@type\":\"WebSite\",\"@id\":\"https:\/\/tugliq.com\/en\/#website\",\"url\":\"https:\/\/tugliq.com\/en\/\",\"name\":\"Tugliq Energie\",\"description\":\"Solutions \u00e9nerg\u00e9tiques de proximit\u00e9\",\"publisher\":{\"@id\":\"https:\/\/tugliq.com\/en\/#organization\"},\"potentialAction\":[{\"@type\":\"SearchAction\",\"target\":{\"@type\":\"EntryPoint\",\"urlTemplate\":\"https:\/\/tugliq.com\/en\/?s={search_term_string}\"},\"query-input\":\"required name=search_term_string\"}],\"inLanguage\":\"en-US\"},{\"@type\":\"Organization\",\"@id\":\"https:\/\/tugliq.com\/en\/#organization\",\"name\":\"Tugliq Energy\",\"url\":\"https:\/\/tugliq.com\/en\/\",\"logo\":{\"@type\":\"ImageObject\",\"inLanguage\":\"en-US\",\"@id\":\"https:\/\/tugliq.com\/en\/#\/schema\/logo\/image\/\",\"url\":\"https:\/\/tugliq.com\/wp-content\/uploads\/2018\/05\/apple-touch-icon.png\",\"contentUrl\":\"https:\/\/tugliq.com\/wp-content\/uploads\/2018\/05\/apple-touch-icon.png\",\"width\":180,\"height\":180,\"caption\":\"Tugliq Energy\"},\"image\":{\"@id\":\"https:\/\/tugliq.com\/en\/#\/schema\/logo\/image\/\"},\"sameAs\":[\"https:\/\/www.linkedin.com\/company\/tugliq-energy-co-\/?originalSubdomain=ca\",\"https:\/\/www.youtube.com\/watch?v=w-wy0xG6CG0\"]}]}<\/script>\n<!-- \/ Yoast SEO plugin. -->","yoast_head_json":{"title":"Wind - Tugliq Energie","description":"Harnessing the power of wind to meet energy needs effectively and responsibly from small isolated communities to high consumption industrial sites.","robots":{"index":"index","follow":"follow","max-snippet":"max-snippet:-1","max-image-preview":"max-image-preview:large","max-video-preview":"max-video-preview:-1"},"canonical":"https:\/\/tugliq.com\/en\/wind\/","og_locale":"en_US","og_type":"article","og_title":"Wind - Tugliq Energie","og_description":"Harnessing the power of wind to meet energy needs effectively and responsibly from small isolated communities to high consumption industrial sites.","og_url":"https:\/\/tugliq.com\/en\/wind\/","og_site_name":"Tugliq Energie","article_modified_time":"2020-11-06T19:18:58+00:00","twitter_card":"summary_large_image","twitter_misc":{"Est. reading time":"2 minutes"},"schema":{"@context":"https:\/\/schema.org","@graph":[{"@type":"WebPage","@id":"https:\/\/tugliq.com\/en\/wind\/","url":"https:\/\/tugliq.com\/en\/wind\/","name":"Wind - Tugliq Energie","isPartOf":{"@id":"https:\/\/tugliq.com\/en\/#website"},"datePublished":"2018-05-28T14:12:06+00:00","dateModified":"2020-11-06T19:18:58+00:00","description":"Harnessing the power of wind to meet energy needs effectively and responsibly from small isolated communities to high consumption industrial sites.","breadcrumb":{"@id":"https:\/\/tugliq.com\/en\/wind\/#breadcrumb"},"inLanguage":"en-US","potentialAction":[{"@type":"ReadAction","target":["https:\/\/tugliq.com\/en\/wind\/"]}]},{"@type":"BreadcrumbList","@id":"https:\/\/tugliq.com\/en\/wind\/#breadcrumb","itemListElement":[{"@type":"ListItem","position":1,"name":"Home","item":"https:\/\/tugliq.com\/en\/"},{"@type":"ListItem","position":2,"name":"Wind"}]},{"@type":"WebSite","@id":"https:\/\/tugliq.com\/en\/#website","url":"https:\/\/tugliq.com\/en\/","name":"Tugliq Energie","description":"Solutions \u00e9nerg\u00e9tiques de proximit\u00e9","publisher":{"@id":"https:\/\/tugliq.com\/en\/#organization"},"potentialAction":[{"@type":"SearchAction","target":{"@type":"EntryPoint","urlTemplate":"https:\/\/tugliq.com\/en\/?s={search_term_string}"},"query-input":"required name=search_term_string"}],"inLanguage":"en-US"},{"@type":"Organization","@id":"https:\/\/tugliq.com\/en\/#organization","name":"Tugliq Energy","url":"https:\/\/tugliq.com\/en\/","logo":{"@type":"ImageObject","inLanguage":"en-US","@id":"https:\/\/tugliq.com\/en\/#\/schema\/logo\/image\/","url":"https:\/\/tugliq.com\/wp-content\/uploads\/2018\/05\/apple-touch-icon.png","contentUrl":"https:\/\/tugliq.com\/wp-content\/uploads\/2018\/05\/apple-touch-icon.png","width":180,"height":180,"caption":"Tugliq Energy"},"image":{"@id":"https:\/\/tugliq.com\/en\/#\/schema\/logo\/image\/"},"sameAs":["https:\/\/www.linkedin.com\/company\/tugliq-energy-co-\/?originalSubdomain=ca","https:\/\/www.youtube.com\/watch?v=w-wy0xG6CG0"]}]}},"_links":{"self":[{"href":"https:\/\/tugliq.com\/en\/wp-json\/wp\/v2\/pages\/852"}],"collection":[{"href":"https:\/\/tugliq.com\/en\/wp-json\/wp\/v2\/pages"}],"about":[{"href":"https:\/\/tugliq.com\/en\/wp-json\/wp\/v2\/types\/page"}],"author":[{"embeddable":true,"href":"https:\/\/tugliq.com\/en\/wp-json\/wp\/v2\/users\/10"}],"replies":[{"embeddable":true,"href":"https:\/\/tugliq.com\/en\/wp-json\/wp\/v2\/comments?post=852"}],"version-history":[{"count":11,"href":"https:\/\/tugliq.com\/en\/wp-json\/wp\/v2\/pages\/852\/revisions"}],"predecessor-version":[{"id":1115,"href":"https:\/\/tugliq.com\/en\/wp-json\/wp\/v2\/pages\/852\/revisions\/1115"}],"wp:attachment":[{"href":"https:\/\/tugliq.com\/en\/wp-json\/wp\/v2\/media?parent=852"}],"curies":[{"name":"wp","href":"https:\/\/api.w.org\/{rel}","templated":true}]}}