{"id":855,"date":"2018-05-28T10:12:53","date_gmt":"2018-05-28T14:12:53","guid":{"rendered":"https:\/\/tugliq.com\/?page_id=855"},"modified":"2020-11-06T15:17:13","modified_gmt":"2020-11-06T19:17:13","slug":"solar","status":"publish","type":"page","link":"https:\/\/tugliq.com\/en\/solar\/","title":{"rendered":"Solar"},"content":{"rendered":"<div class=\"wpb-content-wrapper\">[mk_page_section][vc_column][mk_padding_divider visibility=&#8221;hidden-sm&#8221;][vc_row_inner][vc_column_inner width=&#8221;1\/2&#8243;][mk_fancy_title size=&#8221;20&#8243; font_weight=&#8221;bold&#8221; txt_transform=&#8221;uppercase&#8221; margin_bottom=&#8221;0&#8243; font_family=&#8221;none&#8221; align=&#8221;center&#8221; el_class=&#8221;color-secondary&#8221;]Applications[\/mk_fancy_title][vc_column_text css=&#8221;.vc_custom_1559763502801{margin-bottom: 0px !important;}&#8221;]High irradiance locations and increasingly affordable PV modules place solar energy as a highly considered low cost, rapid deployment alternative energy source. <span class=\"tlid-translation translation\" lang=\"en\"><span class=\"\" title=\"\">Photovoltaic technology offers a range of modular solutions that can be adapted to any type of structure.<\/span><\/span><\/p>\n<p>&nbsp;<\/p>\n<p><span style=\"font-weight: 400;\">Our solutions in this portfolio can be adapted to meet a range of unique energy needs from small isolated communities to high consumption industrial sites, institutional buildings and bridging connections with a regional or national grid. T<span class=\"tlid-translation translation\" lang=\"en\"><span class=\"\" title=\"\">he sector continues to develop and offers more and more solutions to extreme weather conditions, it is now possible to consider PV modules in cyclonic or Nordic remote areas.<\/span><\/span><\/span>[\/vc_column_text][\/vc_column_inner][vc_column_inner width=&#8221;1\/2&#8243;][mk_fancy_title size=&#8221;20&#8243; font_weight=&#8221;bold&#8221; txt_transform=&#8221;uppercase&#8221; margin_bottom=&#8221;0&#8243; font_family=&#8221;none&#8221; align=&#8221;center&#8221; el_class=&#8221;color-secondary&#8221;]Our Services[\/mk_fancy_title][vc_column_text css=&#8221;.vc_custom_1559763363588{margin-bottom: 0px !important;}&#8221;]<span style=\"font-weight: 400;\">Each project is unique and designed in partnership with the client. <\/span><\/p>\n<ul>\n<li style=\"font-weight: 400;\"><span style=\"font-weight: 400;\">Analysis of Irradiance and Energy Yield<\/span><\/li>\n<li style=\"font-weight: 400;\"><span style=\"font-weight: 400;\">Selecting Most Favorable Sites<\/span><\/li>\n<li style=\"font-weight: 400;\"><span style=\"font-weight: 400;\">Systems Sizing<\/span><\/li>\n<li style=\"font-weight: 400;\"><span style=\"font-weight: 400;\">Financial Modeling<\/span><\/li>\n<li style=\"font-weight: 400;\"><span style=\"font-weight: 400;\">Environmental Impact Assessment Analysis<br \/>\n<\/span><\/li>\n<li style=\"font-weight: 400;\"><span style=\"font-weight: 400;\">Land Acquisition and Permits<\/span><\/li>\n<li style=\"font-weight: 400;\"><span style=\"font-weight: 400;\">Detailed Engineering <\/span><\/li>\n<li style=\"font-weight: 400;\"><span style=\"font-weight: 400;\">Installation and Usage<\/span><\/li>\n<li style=\"font-weight: 400;\"><span style=\"font-weight: 400;\">Operation &amp; Maintenance<\/span><\/li>\n<li style=\"font-weight: 400;\"><span style=\"font-weight: 400;\"> Monitoring and Remote Assistance<\/span><\/li>\n<\/ul>\n[\/vc_column_text][\/vc_column_inner][\/vc_row_inner][\/vc_column][\/mk_page_section][mk_page_section][vc_column][mk_padding_divider visibility=&#8221;hidden-sm&#8221;][vc_row_inner][vc_column_inner width=&#8221;1\/3&#8243;][mk_fancy_title size=&#8221;20&#8243; font_weight=&#8221;bold&#8221; txt_transform=&#8221;uppercase&#8221; margin_bottom=&#8221;0&#8243; font_family=&#8221;none&#8221; align=&#8221;center&#8221; el_class=&#8221;color-secondary&#8221;]Rooftop Solar[\/mk_fancy_title][mk_image src=&#8221;https:\/\/tugliq.com\/wp-content\/uploads\/2020\/11\/roof-solar.jpg&#8221; image_width=&#8221;960&#8243; image_height=&#8221;638&#8243;][vc_column_text css=&#8221;.vc_custom_1531950155423{margin-bottom: 0px !important;}&#8221;]\n<p style=\"text-align: center;\">Any surface, we have a solution.<\/p>\n[\/vc_column_text][\/vc_column_inner][vc_column_inner width=&#8221;1\/3&#8243;][mk_fancy_title size=&#8221;20&#8243; font_weight=&#8221;bold&#8221; txt_transform=&#8221;uppercase&#8221; margin_bottom=&#8221;0&#8243; font_family=&#8221;none&#8221; align=&#8221;center&#8221; el_class=&#8221;color-secondary&#8221;]Ground Mounted Solar[\/mk_fancy_title][mk_image src=&#8221;https:\/\/tugliq.com\/wp-content\/uploads\/2020\/11\/solar-park.jpg&#8221; image_width=&#8221;960&#8243; image_height=&#8221;638&#8243;][vc_column_text css=&#8221;.vc_custom_1559763427000{margin-bottom: 0px !important;}&#8221;]\n<p style=\"text-align: center;\">We maximize each meter of available area to the project to maximize and optimize the PV production.<\/p>\n[\/vc_column_text][\/vc_column_inner][vc_column_inner width=&#8221;1\/3&#8243;][mk_fancy_title size=&#8221;20&#8243; font_weight=&#8221;bold&#8221; txt_transform=&#8221;uppercase&#8221; margin_bottom=&#8221;0&#8243; font_family=&#8221;none&#8221; align=&#8221;center&#8221; el_class=&#8221;color-secondary&#8221;]Floating Solar[\/mk_fancy_title][mk_image src=&#8221;https:\/\/tugliq.com\/wp-content\/uploads\/2020\/11\/floating-solar.jpg&#8221; image_width=&#8221;960&#8243; image_height=&#8221;638&#8243;][vc_column_text css=&#8221;.vc_custom_1531950211129{margin-bottom: 0px !important;}&#8221;]\n<p style=\"text-align: center;\">We said <strong>any<\/strong> surface.<\/p>\n[\/vc_column_text][\/vc_column_inner][\/vc_row_inner][\/vc_column][\/mk_page_section][mk_page_section][vc_column][mk_padding_divider visibility=&#8221;hidden-sm&#8221;][mk_portfolio_carousel view_all_text=&#8221;See all projects&#8221; view_all=&#8221;102&#8243; categories=&#8221;solar&#8221;][\/vc_column][\/mk_page_section][vc_column][\/vc_column]\n<\/div>","protected":false},"excerpt":{"rendered":"<p>[mk_page_section][vc_column][mk_padding_divider visibility=&#8221;hidden-sm&#8221;][vc_row_inner][vc_column_inner width=&#8221;1\/2&#8243;][mk_fancy_title size=&#8221;20&#8243; font_weight=&#8221;bold&#8221; txt_transform=&#8221;uppercase&#8221; margin_bottom=&#8221;0&#8243; font_family=&#8221;none&#8221; align=&#8221;center&#8221; el_class=&#8221;color-secondary&#8221;]Applications[\/mk_fancy_title][vc_column_text css=&#8221;.vc_custom_1559763502801{margin-bottom: 0px !important;}&#8221;]High irradiance locations and increasingly affordable PV modules place solar energy as a highly considered low cost, rapid deployment alternative energy source. Photovoltaic technology offers a range of modular solutions that can be [&hellip;]<\/p>\n","protected":false},"author":10,"featured_media":0,"parent":0,"menu_order":0,"comment_status":"closed","ping_status":"closed","template":"","meta":{"_acf_changed":false,"footnotes":""},"acf":[],"yoast_head":"<!-- This site is optimized with the Yoast SEO plugin v22.0 - https:\/\/yoast.com\/wordpress\/plugins\/seo\/ -->\n<title>Solar - Tugliq Energie<\/title>\n<meta name=\"description\" content=\"High irradiance locations and increasingly affordable PV modules place solar energy as a highly considered low cost, rapid deployment energy source.\" \/>\n<meta name=\"robots\" content=\"index, follow, max-snippet:-1, max-image-preview:large, max-video-preview:-1\" \/>\n<link rel=\"canonical\" href=\"https:\/\/tugliq.com\/en\/solar\/\" \/>\n<meta property=\"og:locale\" content=\"en_US\" \/>\n<meta property=\"og:type\" content=\"article\" \/>\n<meta property=\"og:title\" content=\"Solar - Tugliq Energie\" \/>\n<meta property=\"og:description\" content=\"High irradiance locations and increasingly affordable PV modules place solar energy as a highly considered low cost, rapid deployment energy source.\" \/>\n<meta property=\"og:url\" content=\"https:\/\/tugliq.com\/en\/solar\/\" \/>\n<meta property=\"og:site_name\" content=\"Tugliq Energie\" \/>\n<meta property=\"article:modified_time\" content=\"2020-11-06T19:17:13+00:00\" \/>\n<meta name=\"twitter:card\" content=\"summary_large_image\" \/>\n<meta name=\"twitter:label1\" content=\"Est. reading time\" \/>\n\t<meta name=\"twitter:data1\" content=\"3 minutes\" \/>\n<script type=\"application\/ld+json\" class=\"yoast-schema-graph\">{\"@context\":\"https:\/\/schema.org\",\"@graph\":[{\"@type\":\"WebPage\",\"@id\":\"https:\/\/tugliq.com\/en\/solar\/\",\"url\":\"https:\/\/tugliq.com\/en\/solar\/\",\"name\":\"Solar - Tugliq Energie\",\"isPartOf\":{\"@id\":\"https:\/\/tugliq.com\/en\/#website\"},\"datePublished\":\"2018-05-28T14:12:53+00:00\",\"dateModified\":\"2020-11-06T19:17:13+00:00\",\"description\":\"High irradiance locations and increasingly affordable PV modules place solar energy as a highly considered low cost, rapid deployment energy source.\",\"breadcrumb\":{\"@id\":\"https:\/\/tugliq.com\/en\/solar\/#breadcrumb\"},\"inLanguage\":\"en-US\",\"potentialAction\":[{\"@type\":\"ReadAction\",\"target\":[\"https:\/\/tugliq.com\/en\/solar\/\"]}]},{\"@type\":\"BreadcrumbList\",\"@id\":\"https:\/\/tugliq.com\/en\/solar\/#breadcrumb\",\"itemListElement\":[{\"@type\":\"ListItem\",\"position\":1,\"name\":\"Home\",\"item\":\"https:\/\/tugliq.com\/en\/\"},{\"@type\":\"ListItem\",\"position\":2,\"name\":\"Solar\"}]},{\"@type\":\"WebSite\",\"@id\":\"https:\/\/tugliq.com\/en\/#website\",\"url\":\"https:\/\/tugliq.com\/en\/\",\"name\":\"Tugliq Energie\",\"description\":\"Solutions \u00e9nerg\u00e9tiques de proximit\u00e9\",\"publisher\":{\"@id\":\"https:\/\/tugliq.com\/en\/#organization\"},\"potentialAction\":[{\"@type\":\"SearchAction\",\"target\":{\"@type\":\"EntryPoint\",\"urlTemplate\":\"https:\/\/tugliq.com\/en\/?s={search_term_string}\"},\"query-input\":\"required name=search_term_string\"}],\"inLanguage\":\"en-US\"},{\"@type\":\"Organization\",\"@id\":\"https:\/\/tugliq.com\/en\/#organization\",\"name\":\"Tugliq Energy\",\"url\":\"https:\/\/tugliq.com\/en\/\",\"logo\":{\"@type\":\"ImageObject\",\"inLanguage\":\"en-US\",\"@id\":\"https:\/\/tugliq.com\/en\/#\/schema\/logo\/image\/\",\"url\":\"https:\/\/tugliq.com\/wp-content\/uploads\/2018\/05\/apple-touch-icon.png\",\"contentUrl\":\"https:\/\/tugliq.com\/wp-content\/uploads\/2018\/05\/apple-touch-icon.png\",\"width\":180,\"height\":180,\"caption\":\"Tugliq Energy\"},\"image\":{\"@id\":\"https:\/\/tugliq.com\/en\/#\/schema\/logo\/image\/\"},\"sameAs\":[\"https:\/\/www.linkedin.com\/company\/tugliq-energy-co-\/?originalSubdomain=ca\",\"https:\/\/www.youtube.com\/watch?v=w-wy0xG6CG0\"]}]}<\/script>\n<!-- \/ Yoast SEO plugin. -->","yoast_head_json":{"title":"Solar - Tugliq Energie","description":"High irradiance locations and increasingly affordable PV modules place solar energy as a highly considered low cost, rapid deployment energy source.","robots":{"index":"index","follow":"follow","max-snippet":"max-snippet:-1","max-image-preview":"max-image-preview:large","max-video-preview":"max-video-preview:-1"},"canonical":"https:\/\/tugliq.com\/en\/solar\/","og_locale":"en_US","og_type":"article","og_title":"Solar - Tugliq Energie","og_description":"High irradiance locations and increasingly affordable PV modules place solar energy as a highly considered low cost, rapid deployment energy source.","og_url":"https:\/\/tugliq.com\/en\/solar\/","og_site_name":"Tugliq Energie","article_modified_time":"2020-11-06T19:17:13+00:00","twitter_card":"summary_large_image","twitter_misc":{"Est. reading time":"3 minutes"},"schema":{"@context":"https:\/\/schema.org","@graph":[{"@type":"WebPage","@id":"https:\/\/tugliq.com\/en\/solar\/","url":"https:\/\/tugliq.com\/en\/solar\/","name":"Solar - Tugliq Energie","isPartOf":{"@id":"https:\/\/tugliq.com\/en\/#website"},"datePublished":"2018-05-28T14:12:53+00:00","dateModified":"2020-11-06T19:17:13+00:00","description":"High irradiance locations and increasingly affordable PV modules place solar energy as a highly considered low cost, rapid deployment energy source.","breadcrumb":{"@id":"https:\/\/tugliq.com\/en\/solar\/#breadcrumb"},"inLanguage":"en-US","potentialAction":[{"@type":"ReadAction","target":["https:\/\/tugliq.com\/en\/solar\/"]}]},{"@type":"BreadcrumbList","@id":"https:\/\/tugliq.com\/en\/solar\/#breadcrumb","itemListElement":[{"@type":"ListItem","position":1,"name":"Home","item":"https:\/\/tugliq.com\/en\/"},{"@type":"ListItem","position":2,"name":"Solar"}]},{"@type":"WebSite","@id":"https:\/\/tugliq.com\/en\/#website","url":"https:\/\/tugliq.com\/en\/","name":"Tugliq Energie","description":"Solutions \u00e9nerg\u00e9tiques de proximit\u00e9","publisher":{"@id":"https:\/\/tugliq.com\/en\/#organization"},"potentialAction":[{"@type":"SearchAction","target":{"@type":"EntryPoint","urlTemplate":"https:\/\/tugliq.com\/en\/?s={search_term_string}"},"query-input":"required name=search_term_string"}],"inLanguage":"en-US"},{"@type":"Organization","@id":"https:\/\/tugliq.com\/en\/#organization","name":"Tugliq Energy","url":"https:\/\/tugliq.com\/en\/","logo":{"@type":"ImageObject","inLanguage":"en-US","@id":"https:\/\/tugliq.com\/en\/#\/schema\/logo\/image\/","url":"https:\/\/tugliq.com\/wp-content\/uploads\/2018\/05\/apple-touch-icon.png","contentUrl":"https:\/\/tugliq.com\/wp-content\/uploads\/2018\/05\/apple-touch-icon.png","width":180,"height":180,"caption":"Tugliq Energy"},"image":{"@id":"https:\/\/tugliq.com\/en\/#\/schema\/logo\/image\/"},"sameAs":["https:\/\/www.linkedin.com\/company\/tugliq-energy-co-\/?originalSubdomain=ca","https:\/\/www.youtube.com\/watch?v=w-wy0xG6CG0"]}]}},"_links":{"self":[{"href":"https:\/\/tugliq.com\/en\/wp-json\/wp\/v2\/pages\/855"}],"collection":[{"href":"https:\/\/tugliq.com\/en\/wp-json\/wp\/v2\/pages"}],"about":[{"href":"https:\/\/tugliq.com\/en\/wp-json\/wp\/v2\/types\/page"}],"author":[{"embeddable":true,"href":"https:\/\/tugliq.com\/en\/wp-json\/wp\/v2\/users\/10"}],"replies":[{"embeddable":true,"href":"https:\/\/tugliq.com\/en\/wp-json\/wp\/v2\/comments?post=855"}],"version-history":[{"count":10,"href":"https:\/\/tugliq.com\/en\/wp-json\/wp\/v2\/pages\/855\/revisions"}],"predecessor-version":[{"id":3373,"href":"https:\/\/tugliq.com\/en\/wp-json\/wp\/v2\/pages\/855\/revisions\/3373"}],"wp:attachment":[{"href":"https:\/\/tugliq.com\/en\/wp-json\/wp\/v2\/media?parent=855"}],"curies":[{"name":"wp","href":"https:\/\/api.w.org\/{rel}","templated":true}]}}