{"id":976,"date":"2018-06-13T12:01:02","date_gmt":"2018-06-13T16:01:02","guid":{"rendered":"https:\/\/tugliq.com\/?page_id=976"},"modified":"2020-11-06T15:01:32","modified_gmt":"2020-11-06T19:01:32","slug":"gallery","status":"publish","type":"page","link":"https:\/\/tugliq.com\/en\/gallery\/","title":{"rendered":"Gallery"},"content":{"rendered":"<div class=\"wpb-content-wrapper\">[vc_row][vc_column][mk_fancy_title size=&#8221;40&#8243; font_weight=&#8221;200&#8243; txt_transform=&#8221;uppercase&#8221; margin_bottom=&#8221;0&#8243; font_family=&#8221;none&#8221; responsive_align=&#8221;left&#8221; el_class=&#8221;color-secondary&#8221;]TUGLIQ <strong>in motion<\/strong>[\/mk_fancy_title][mk_divider style=&#8221;thin_solid&#8221; divider_width=&#8221;custom_width&#8221; custom_width=&#8221;86&#8243; align=&#8221;left&#8221; thickness=&#8221;3&#8243; margin_top=&#8221;0&#8243; margin_bottom=&#8221;40&#8243; el_class=&#8221;divider-primary&#8221;][\/vc_column][\/vc_row][vc_row][vc_column width=&#8221;1\/2&#8243;][vc_video title=&#8221;Ragged Islands Solar Array Construction&#8221; host=&#8221;self_hosted&#8221; mp4=&#8221;https:\/\/tugliq.com\/wp-content\/uploads\/2020\/05\/dji_0112.mp4&#8243;][\/vc_column][vc_column width=&#8221;1\/2&#8243;][vc_video link=&#8221;https:\/\/youtu.be\/w-wy0xG6CG0&#8243;][mk_image heading_title=&#8221;Radio Canada documentary. March 14th, 2014.&#8221; src=&#8221;https:\/\/tugliq.com\/wp-content\/uploads\/2020\/11\/wind-radio-can.jpg&#8221; image_size=&#8221;full&#8221;][\/vc_column][\/vc_row][vc_row][vc_column][mk_padding_divider][mk_fancy_title size=&#8221;40&#8243; font_weight=&#8221;200&#8243; txt_transform=&#8221;uppercase&#8221; margin_bottom=&#8221;0&#8243; font_family=&#8221;none&#8221; responsive_align=&#8221;left&#8221; el_class=&#8221;color-secondary&#8221;]Tugliq\u00a0<strong>at a glance<\/strong>[\/mk_fancy_title][mk_divider style=&#8221;thin_solid&#8221; divider_width=&#8221;custom_width&#8221; custom_width=&#8221;86&#8243; align=&#8221;left&#8221; thickness=&#8221;3&#8243; margin_top=&#8221;0&#8243; margin_bottom=&#8221;40&#8243; el_class=&#8221;divider-primary&#8221;][\/vc_column][\/vc_row][mk_page_section][vc_column][mk_gallery images=&#8221;3228,3230,3232,3234,3236,3238,3240,3242,3244,3246,3248,3250,3252,3254,3256,3258,3260,3262,3264,3266,3268,3270,3272,3274,3276,3278,3280,3282,3284,3286,3288,3290,3292,3294,3296,3298,3300,3302,3304,3306,3308,3310,3312,3314,3316,3318,3322,3324,3326,3328&#8243; style=&#8221;style1&#8243; collection_title=&#8221;Tugliq Energy&#8221; order=&#8221;DESC&#8221; orderby=&#8221;rand&#8221;][\/vc_column][\/mk_page_section][vc_column][\/vc_column]\n<\/div>","protected":false},"excerpt":{"rendered":"<p>[vc_row][vc_column][mk_fancy_title size=&#8221;40&#8243; font_weight=&#8221;200&#8243; txt_transform=&#8221;uppercase&#8221; margin_bottom=&#8221;0&#8243; font_family=&#8221;none&#8221; responsive_align=&#8221;left&#8221; el_class=&#8221;color-secondary&#8221;]TUGLIQ in motion[\/mk_fancy_title][mk_divider style=&#8221;thin_solid&#8221; divider_width=&#8221;custom_width&#8221; custom_width=&#8221;86&#8243; align=&#8221;left&#8221; thickness=&#8221;3&#8243; margin_top=&#8221;0&#8243; margin_bottom=&#8221;40&#8243; el_class=&#8221;divider-primary&#8221;][\/vc_column][\/vc_row][vc_row][vc_column width=&#8221;1\/2&#8243;][vc_video title=&#8221;Ragged Islands Solar Array Construction&#8221; host=&#8221;self_hosted&#8221; mp4=&#8221;https:\/\/tugliq.com\/wp-content\/uploads\/2020\/05\/dji_0112.mp4&#8243;][\/vc_column][vc_column width=&#8221;1\/2&#8243;][vc_video link=&#8221;https:\/\/youtu.be\/w-wy0xG6CG0&#8243;][mk_image heading_title=&#8221;Radio Canada documentary. March 14th, 2014.&#8221; src=&#8221;https:\/\/tugliq.com\/wp-content\/uploads\/2020\/11\/wind-radio-can.jpg&#8221; image_size=&#8221;full&#8221;][\/vc_column][\/vc_row][vc_row][vc_column][mk_padding_divider][mk_fancy_title size=&#8221;40&#8243; font_weight=&#8221;200&#8243; txt_transform=&#8221;uppercase&#8221; margin_bottom=&#8221;0&#8243; font_family=&#8221;none&#8221; responsive_align=&#8221;left&#8221; el_class=&#8221;color-secondary&#8221;]Tugliq\u00a0at a glance[\/mk_fancy_title][mk_divider [&hellip;]<\/p>\n","protected":false},"author":10,"featured_media":0,"parent":0,"menu_order":0,"comment_status":"closed","ping_status":"closed","template":"","meta":{"_acf_changed":false,"footnotes":""},"acf":[],"yoast_head":"<!-- This site is optimized with the Yoast SEO plugin v22.0 - https:\/\/yoast.com\/wordpress\/plugins\/seo\/ -->\n<title>Gallery - Tugliq Energie<\/title>\n<meta name=\"description\" content=\"TUGLIQ&#039;s gallery describes construction stages of its energy projects in isolated environments by highlighting the uniqueness of these regions.\" \/>\n<meta name=\"robots\" content=\"index, follow, max-snippet:-1, max-image-preview:large, max-video-preview:-1\" \/>\n<link rel=\"canonical\" href=\"https:\/\/tugliq.com\/en\/gallery\/\" \/>\n<meta property=\"og:locale\" content=\"en_US\" \/>\n<meta property=\"og:type\" content=\"article\" \/>\n<meta property=\"og:title\" content=\"Gallery - Tugliq Energie\" \/>\n<meta property=\"og:description\" content=\"TUGLIQ&#039;s gallery describes construction stages of its energy projects in isolated environments by highlighting the uniqueness of these regions.\" \/>\n<meta property=\"og:url\" content=\"https:\/\/tugliq.com\/en\/gallery\/\" \/>\n<meta property=\"og:site_name\" content=\"Tugliq Energie\" \/>\n<meta property=\"article:modified_time\" content=\"2020-11-06T19:01:32+00:00\" \/>\n<meta name=\"twitter:card\" content=\"summary_large_image\" \/>\n<meta name=\"twitter:label1\" content=\"Est. reading time\" \/>\n\t<meta name=\"twitter:data1\" content=\"1 minute\" \/>\n<script type=\"application\/ld+json\" class=\"yoast-schema-graph\">{\"@context\":\"https:\/\/schema.org\",\"@graph\":[{\"@type\":\"WebPage\",\"@id\":\"https:\/\/tugliq.com\/en\/gallery\/\",\"url\":\"https:\/\/tugliq.com\/en\/gallery\/\",\"name\":\"Gallery - Tugliq Energie\",\"isPartOf\":{\"@id\":\"https:\/\/tugliq.com\/en\/#website\"},\"datePublished\":\"2018-06-13T16:01:02+00:00\",\"dateModified\":\"2020-11-06T19:01:32+00:00\",\"description\":\"TUGLIQ's gallery describes construction stages of its energy projects in isolated environments by highlighting the uniqueness of these regions.\",\"breadcrumb\":{\"@id\":\"https:\/\/tugliq.com\/en\/gallery\/#breadcrumb\"},\"inLanguage\":\"en-US\",\"potentialAction\":[{\"@type\":\"ReadAction\",\"target\":[\"https:\/\/tugliq.com\/en\/gallery\/\"]}]},{\"@type\":\"BreadcrumbList\",\"@id\":\"https:\/\/tugliq.com\/en\/gallery\/#breadcrumb\",\"itemListElement\":[{\"@type\":\"ListItem\",\"position\":1,\"name\":\"Home\",\"item\":\"https:\/\/tugliq.com\/en\/\"},{\"@type\":\"ListItem\",\"position\":2,\"name\":\"Gallery\"}]},{\"@type\":\"WebSite\",\"@id\":\"https:\/\/tugliq.com\/en\/#website\",\"url\":\"https:\/\/tugliq.com\/en\/\",\"name\":\"Tugliq Energie\",\"description\":\"Solutions \u00e9nerg\u00e9tiques de proximit\u00e9\",\"publisher\":{\"@id\":\"https:\/\/tugliq.com\/en\/#organization\"},\"potentialAction\":[{\"@type\":\"SearchAction\",\"target\":{\"@type\":\"EntryPoint\",\"urlTemplate\":\"https:\/\/tugliq.com\/en\/?s={search_term_string}\"},\"query-input\":\"required name=search_term_string\"}],\"inLanguage\":\"en-US\"},{\"@type\":\"Organization\",\"@id\":\"https:\/\/tugliq.com\/en\/#organization\",\"name\":\"Tugliq Energy\",\"url\":\"https:\/\/tugliq.com\/en\/\",\"logo\":{\"@type\":\"ImageObject\",\"inLanguage\":\"en-US\",\"@id\":\"https:\/\/tugliq.com\/en\/#\/schema\/logo\/image\/\",\"url\":\"https:\/\/tugliq.com\/wp-content\/uploads\/2018\/05\/apple-touch-icon.png\",\"contentUrl\":\"https:\/\/tugliq.com\/wp-content\/uploads\/2018\/05\/apple-touch-icon.png\",\"width\":180,\"height\":180,\"caption\":\"Tugliq Energy\"},\"image\":{\"@id\":\"https:\/\/tugliq.com\/en\/#\/schema\/logo\/image\/\"},\"sameAs\":[\"https:\/\/www.linkedin.com\/company\/tugliq-energy-co-\/?originalSubdomain=ca\",\"https:\/\/www.youtube.com\/watch?v=w-wy0xG6CG0\"]}]}<\/script>\n<!-- \/ Yoast SEO plugin. -->","yoast_head_json":{"title":"Gallery - Tugliq Energie","description":"TUGLIQ's gallery describes construction stages of its energy projects in isolated environments by highlighting the uniqueness of these regions.","robots":{"index":"index","follow":"follow","max-snippet":"max-snippet:-1","max-image-preview":"max-image-preview:large","max-video-preview":"max-video-preview:-1"},"canonical":"https:\/\/tugliq.com\/en\/gallery\/","og_locale":"en_US","og_type":"article","og_title":"Gallery - Tugliq Energie","og_description":"TUGLIQ's gallery describes construction stages of its energy projects in isolated environments by highlighting the uniqueness of these regions.","og_url":"https:\/\/tugliq.com\/en\/gallery\/","og_site_name":"Tugliq Energie","article_modified_time":"2020-11-06T19:01:32+00:00","twitter_card":"summary_large_image","twitter_misc":{"Est. reading time":"1 minute"},"schema":{"@context":"https:\/\/schema.org","@graph":[{"@type":"WebPage","@id":"https:\/\/tugliq.com\/en\/gallery\/","url":"https:\/\/tugliq.com\/en\/gallery\/","name":"Gallery - Tugliq Energie","isPartOf":{"@id":"https:\/\/tugliq.com\/en\/#website"},"datePublished":"2018-06-13T16:01:02+00:00","dateModified":"2020-11-06T19:01:32+00:00","description":"TUGLIQ's gallery describes construction stages of its energy projects in isolated environments by highlighting the uniqueness of these regions.","breadcrumb":{"@id":"https:\/\/tugliq.com\/en\/gallery\/#breadcrumb"},"inLanguage":"en-US","potentialAction":[{"@type":"ReadAction","target":["https:\/\/tugliq.com\/en\/gallery\/"]}]},{"@type":"BreadcrumbList","@id":"https:\/\/tugliq.com\/en\/gallery\/#breadcrumb","itemListElement":[{"@type":"ListItem","position":1,"name":"Home","item":"https:\/\/tugliq.com\/en\/"},{"@type":"ListItem","position":2,"name":"Gallery"}]},{"@type":"WebSite","@id":"https:\/\/tugliq.com\/en\/#website","url":"https:\/\/tugliq.com\/en\/","name":"Tugliq Energie","description":"Solutions \u00e9nerg\u00e9tiques de proximit\u00e9","publisher":{"@id":"https:\/\/tugliq.com\/en\/#organization"},"potentialAction":[{"@type":"SearchAction","target":{"@type":"EntryPoint","urlTemplate":"https:\/\/tugliq.com\/en\/?s={search_term_string}"},"query-input":"required name=search_term_string"}],"inLanguage":"en-US"},{"@type":"Organization","@id":"https:\/\/tugliq.com\/en\/#organization","name":"Tugliq Energy","url":"https:\/\/tugliq.com\/en\/","logo":{"@type":"ImageObject","inLanguage":"en-US","@id":"https:\/\/tugliq.com\/en\/#\/schema\/logo\/image\/","url":"https:\/\/tugliq.com\/wp-content\/uploads\/2018\/05\/apple-touch-icon.png","contentUrl":"https:\/\/tugliq.com\/wp-content\/uploads\/2018\/05\/apple-touch-icon.png","width":180,"height":180,"caption":"Tugliq Energy"},"image":{"@id":"https:\/\/tugliq.com\/en\/#\/schema\/logo\/image\/"},"sameAs":["https:\/\/www.linkedin.com\/company\/tugliq-energy-co-\/?originalSubdomain=ca","https:\/\/www.youtube.com\/watch?v=w-wy0xG6CG0"]}]}},"_links":{"self":[{"href":"https:\/\/tugliq.com\/en\/wp-json\/wp\/v2\/pages\/976"}],"collection":[{"href":"https:\/\/tugliq.com\/en\/wp-json\/wp\/v2\/pages"}],"about":[{"href":"https:\/\/tugliq.com\/en\/wp-json\/wp\/v2\/types\/page"}],"author":[{"embeddable":true,"href":"https:\/\/tugliq.com\/en\/wp-json\/wp\/v2\/users\/10"}],"replies":[{"embeddable":true,"href":"https:\/\/tugliq.com\/en\/wp-json\/wp\/v2\/comments?post=976"}],"version-history":[{"count":8,"href":"https:\/\/tugliq.com\/en\/wp-json\/wp\/v2\/pages\/976\/revisions"}],"predecessor-version":[{"id":3359,"href":"https:\/\/tugliq.com\/en\/wp-json\/wp\/v2\/pages\/976\/revisions\/3359"}],"wp:attachment":[{"href":"https:\/\/tugliq.com\/en\/wp-json\/wp\/v2\/media?parent=976"}],"curies":[{"name":"wp","href":"https:\/\/api.w.org\/{rel}","templated":true}]}}